{"id":804,"date":"2024-06-06T12:09:21","date_gmt":"2024-06-06T12:09:21","guid":{"rendered":"https:\/\/shop.inotherm.si\/product\/gateway-inosmart-unita-di-controllo-v2\/"},"modified":"2024-06-06T12:09:21","modified_gmt":"2024-06-06T12:09:21","slug":"gateway-inosmart-unita-di-controllo-v2","status":"publish","type":"product","link":"https:\/\/shop.inotherm.si\/it\/prodotto\/gateway-inosmart-unita-di-controllo-v2\/","title":{"rendered":"Gateway Inosmart + Unit\u00e0 di controllo v2"},"content":{"rendered":"<ul>\n<li>Sblocca da remoto con il tuo smartphone.<\/li>\n<li>Controllo remoto di Inosmart. Utile soprattutto per affittare propriet\u00e0 e simili.<\/li>\n<li>Interfaccia applicativa MQTT per l&#8217;integrazione con i sistemi Smart home.<\/li>\n<li>2 rel\u00e8 aggiuntivi per collegare dispositivi esterni.<\/li>\n<li>Collegamento per il sensore di porta aperta\/chiusa.<\/li>\n<li>Connessione a una rete Internet: wifi o LAN.<\/li>\n<li>Alimentazione a 24 V.<\/li>\n<li>Montaggio su guida DIN.<\/li>\n<\/ul>\n<p>Il kit dell&#8217;unit\u00e0 di controllo v2 \u00e8 destinato agli utenti con un&#8217;unit\u00e0 di controllo Wifi o Bluetooth v1.<\/p>\n","protected":false},"excerpt":{"rendered":"<p>Sblocca da remoto con il tuo smartphone. Controllo remoto di Inosmart. Utile soprattutto per affittare propriet\u00e0 e simili. Interfaccia applicativa MQTT per l&#8217;integrazione con i sistemi Smart home. 2 rel\u00e8 aggiuntivi per collegare dispositivi esterni. Collegamento per il sensore di porta aperta\/chiusa. Connessione a una rete Internet: wifi o LAN. Alimentazione a 24 V. Montaggio [&hellip;]<\/p>\n","protected":false},"featured_media":774,"template":"","meta":{"_uag_custom_page_level_css":"","site-sidebar-layout":"default","site-content-layout":"","ast-site-content-layout":"default","site-content-style":"default","site-sidebar-style":"default","ast-global-header-display":"","ast-banner-title-visibility":"","ast-main-header-display":"","ast-hfb-above-header-display":"","ast-hfb-below-header-display":"","ast-hfb-mobile-header-display":"","site-post-title":"","ast-breadcrumbs-content":"","ast-featured-img":"","footer-sml-layout":"","ast-disable-related-posts":"","theme-transparent-header-meta":"default","adv-header-id-meta":"","stick-header-meta":"","header-above-stick-meta":"","header-main-stick-meta":"","header-below-stick-meta":"","astra-migrate-meta-layouts":"default","ast-page-background-enabled":"default","ast-page-background-meta":{"desktop":{"background-color":"var(--ast-global-color-4)","background-image":"","background-repeat":"repeat","background-position":"center center","background-size":"auto","background-attachment":"scroll","background-type":"","background-media":"","overlay-type":"","overlay-color":"","overlay-opacity":"","overlay-gradient":""},"tablet":{"background-color":"","background-image":"","background-repeat":"repeat","background-position":"center center","background-size":"auto","background-attachment":"scroll","background-type":"","background-media":"","overlay-type":"","overlay-color":"","overlay-opacity":"","overlay-gradient":""},"mobile":{"background-color":"","background-image":"","background-repeat":"repeat","background-position":"center center","background-size":"auto","background-attachment":"scroll","background-type":"","background-media":"","overlay-type":"","overlay-color":"","overlay-opacity":"","overlay-gradient":""}},"ast-content-background-meta":{"desktop":{"background-color":"var(--ast-global-color-5)","background-image":"","background-repeat":"repeat","background-position":"center center","background-size":"auto","background-attachment":"scroll","background-type":"","background-media":"","overlay-type":"","overlay-color":"","overlay-opacity":"","overlay-gradient":""},"tablet":{"background-color":"var(--ast-global-color-5)","background-image":"","background-repeat":"repeat","background-position":"center center","background-size":"auto","background-attachment":"scroll","background-type":"","background-media":"","overlay-type":"","overlay-color":"","overlay-opacity":"","overlay-gradient":""},"mobile":{"background-color":"var(--ast-global-color-5)","background-image":"","background-repeat":"repeat","background-position":"center center","background-size":"auto","background-attachment":"scroll","background-type":"","background-media":"","overlay-type":"","overlay-color":"","overlay-opacity":"","overlay-gradient":""}}},"product_brand":[],"product_cat":[45],"product_tag":[],"class_list":{"0":"post-804","1":"product","2":"type-product","3":"status-publish","4":"has-post-thumbnail","6":"product_cat-inosmart","7":"desktop-align-center","8":"tablet-align-left","9":"mobile-align-left","10":"ast-product-gallery-layout-first-image-large","11":"ast-product-gallery-with-no-image","12":"ast-product-tabs-layout-horizontal","14":"first","15":"instock","16":"taxable","17":"shipping-taxable","18":"purchasable","19":"product-type-simple"},"yoast_head":"<!-- This site is optimized with the Yoast SEO plugin v27.4 - https:\/\/yoast.com\/product\/yoast-seo-wordpress\/ -->\n<title>Gateway Inosmart + Unit\u00e0 di controllo v2 - INOTHERM eShop<\/title>\n<meta name=\"robots\" content=\"index, follow, max-snippet:-1, max-image-preview:large, max-video-preview:-1\" \/>\n<link rel=\"canonical\" href=\"https:\/\/shop.inotherm.si\/it\/prodotto\/gateway-inosmart-unita-di-controllo-v2\/\" \/>\n<meta property=\"og:locale\" content=\"it_IT\" \/>\n<meta property=\"og:type\" content=\"article\" \/>\n<meta property=\"og:title\" content=\"Gateway Inosmart + Unit\u00e0 di controllo v2 - INOTHERM eShop\" \/>\n<meta property=\"og:description\" content=\"Sblocca da remoto con il tuo smartphone. Controllo remoto di Inosmart. Utile soprattutto per affittare propriet\u00e0 e simili. Interfaccia applicativa MQTT per l&#8217;integrazione con i sistemi Smart home. 2 rel\u00e8 aggiuntivi per collegare dispositivi esterni. Collegamento per il sensore di porta aperta\/chiusa. Connessione a una rete Internet: wifi o LAN. Alimentazione a 24 V. Montaggio [&hellip;]\" \/>\n<meta property=\"og:url\" content=\"https:\/\/shop.inotherm.si\/it\/prodotto\/gateway-inosmart-unita-di-controllo-v2\/\" \/>\n<meta property=\"og:site_name\" content=\"INOTHERM eShop\" \/>\n<meta property=\"og:image\" content=\"https:\/\/shop.inotherm.si\/wp-content\/uploads\/2024\/06\/5B4A1996-e.jpg.webp\" \/>\n\t<meta property=\"og:image:width\" content=\"1024\" \/>\n\t<meta property=\"og:image:height\" content=\"1024\" \/>\n\t<meta property=\"og:image:type\" content=\"image\/webp\" \/>\n<meta name=\"twitter:card\" content=\"summary_large_image\" \/>\n<script type=\"application\/ld+json\" class=\"yoast-schema-graph\">{\"@context\":\"https:\\\/\\\/schema.org\",\"@graph\":[{\"@type\":\"WebPage\",\"@id\":\"https:\\\/\\\/shop.inotherm.si\\\/it\\\/prodotto\\\/gateway-inosmart-unita-di-controllo-v2\\\/\",\"url\":\"https:\\\/\\\/shop.inotherm.si\\\/it\\\/prodotto\\\/gateway-inosmart-unita-di-controllo-v2\\\/\",\"name\":\"Gateway Inosmart + Unit\u00e0 di controllo v2 - INOTHERM eShop\",\"isPartOf\":{\"@id\":\"https:\\\/\\\/shop.inotherm.si\\\/it\\\/#website\"},\"primaryImageOfPage\":{\"@id\":\"https:\\\/\\\/shop.inotherm.si\\\/it\\\/prodotto\\\/gateway-inosmart-unita-di-controllo-v2\\\/#primaryimage\"},\"image\":{\"@id\":\"https:\\\/\\\/shop.inotherm.si\\\/it\\\/prodotto\\\/gateway-inosmart-unita-di-controllo-v2\\\/#primaryimage\"},\"thumbnailUrl\":\"https:\\\/\\\/shop.inotherm.si\\\/wp-content\\\/uploads\\\/2024\\\/06\\\/5B4A1996-e.jpg.webp\",\"datePublished\":\"2024-06-06T12:09:21+00:00\",\"breadcrumb\":{\"@id\":\"https:\\\/\\\/shop.inotherm.si\\\/it\\\/prodotto\\\/gateway-inosmart-unita-di-controllo-v2\\\/#breadcrumb\"},\"inLanguage\":\"it-IT\",\"potentialAction\":[{\"@type\":\"ReadAction\",\"target\":[\"https:\\\/\\\/shop.inotherm.si\\\/it\\\/prodotto\\\/gateway-inosmart-unita-di-controllo-v2\\\/\"]}]},{\"@type\":\"ImageObject\",\"inLanguage\":\"it-IT\",\"@id\":\"https:\\\/\\\/shop.inotherm.si\\\/it\\\/prodotto\\\/gateway-inosmart-unita-di-controllo-v2\\\/#primaryimage\",\"url\":\"https:\\\/\\\/shop.inotherm.si\\\/wp-content\\\/uploads\\\/2024\\\/06\\\/5B4A1996-e.jpg.webp\",\"contentUrl\":\"https:\\\/\\\/shop.inotherm.si\\\/wp-content\\\/uploads\\\/2024\\\/06\\\/5B4A1996-e.jpg.webp\",\"width\":1024,\"height\":1024},{\"@type\":\"BreadcrumbList\",\"@id\":\"https:\\\/\\\/shop.inotherm.si\\\/it\\\/prodotto\\\/gateway-inosmart-unita-di-controllo-v2\\\/#breadcrumb\",\"itemListElement\":[{\"@type\":\"ListItem\",\"position\":1,\"name\":\"Home\",\"item\":\"https:\\\/\\\/shop.inosmart.info\\\/it\\\/\"},{\"@type\":\"ListItem\",\"position\":2,\"name\":\"Negozio\",\"item\":\"https:\\\/\\\/shop.inosmart.info\\\/it\\\/\"},{\"@type\":\"ListItem\",\"position\":3,\"name\":\"Gateway Inosmart + Unit\u00e0 di controllo v2\"}]},{\"@type\":\"WebSite\",\"@id\":\"https:\\\/\\\/shop.inotherm.si\\\/it\\\/#website\",\"url\":\"https:\\\/\\\/shop.inotherm.si\\\/it\\\/\",\"name\":\"INOTHERM eShop\",\"description\":\"Online shop by Inotherm\",\"publisher\":{\"@id\":\"https:\\\/\\\/shop.inotherm.si\\\/it\\\/#organization\"},\"potentialAction\":[{\"@type\":\"SearchAction\",\"target\":{\"@type\":\"EntryPoint\",\"urlTemplate\":\"https:\\\/\\\/shop.inotherm.si\\\/it\\\/?s={search_term_string}\"},\"query-input\":{\"@type\":\"PropertyValueSpecification\",\"valueRequired\":true,\"valueName\":\"search_term_string\"}}],\"inLanguage\":\"it-IT\"},{\"@type\":\"Organization\",\"@id\":\"https:\\\/\\\/shop.inotherm.si\\\/it\\\/#organization\",\"name\":\"INOTHERM eShop\",\"url\":\"https:\\\/\\\/shop.inotherm.si\\\/it\\\/\",\"logo\":{\"@type\":\"ImageObject\",\"inLanguage\":\"it-IT\",\"@id\":\"https:\\\/\\\/shop.inotherm.si\\\/it\\\/#\\\/schema\\\/logo\\\/image\\\/\",\"url\":\"https:\\\/\\\/shop.inotherm.si\\\/wp-content\\\/uploads\\\/2024\\\/06\\\/INOTHERM_LOGO_WEB.jpg\",\"contentUrl\":\"https:\\\/\\\/shop.inotherm.si\\\/wp-content\\\/uploads\\\/2024\\\/06\\\/INOTHERM_LOGO_WEB.jpg\",\"width\":500,\"height\":70,\"caption\":\"INOTHERM eShop\"},\"image\":{\"@id\":\"https:\\\/\\\/shop.inotherm.si\\\/it\\\/#\\\/schema\\\/logo\\\/image\\\/\"}}]}<\/script>\n<!-- \/ Yoast SEO plugin. -->","yoast_head_json":{"title":"Gateway Inosmart + Unit\u00e0 di controllo v2 - INOTHERM eShop","robots":{"index":"index","follow":"follow","max-snippet":"max-snippet:-1","max-image-preview":"max-image-preview:large","max-video-preview":"max-video-preview:-1"},"canonical":"https:\/\/shop.inotherm.si\/it\/prodotto\/gateway-inosmart-unita-di-controllo-v2\/","og_locale":"it_IT","og_type":"article","og_title":"Gateway Inosmart + Unit\u00e0 di controllo v2 - INOTHERM eShop","og_description":"Sblocca da remoto con il tuo smartphone. Controllo remoto di Inosmart. Utile soprattutto per affittare propriet\u00e0 e simili. Interfaccia applicativa MQTT per l&#8217;integrazione con i sistemi Smart home. 2 rel\u00e8 aggiuntivi per collegare dispositivi esterni. Collegamento per il sensore di porta aperta\/chiusa. Connessione a una rete Internet: wifi o LAN. Alimentazione a 24 V. Montaggio [&hellip;]","og_url":"https:\/\/shop.inotherm.si\/it\/prodotto\/gateway-inosmart-unita-di-controllo-v2\/","og_site_name":"INOTHERM eShop","og_image":[{"width":1024,"height":1024,"url":"https:\/\/shop.inotherm.si\/wp-content\/uploads\/2024\/06\/5B4A1996-e.jpg.webp","type":"image\/webp"}],"twitter_card":"summary_large_image","schema":{"@context":"https:\/\/schema.org","@graph":[{"@type":"WebPage","@id":"https:\/\/shop.inotherm.si\/it\/prodotto\/gateway-inosmart-unita-di-controllo-v2\/","url":"https:\/\/shop.inotherm.si\/it\/prodotto\/gateway-inosmart-unita-di-controllo-v2\/","name":"Gateway Inosmart + Unit\u00e0 di controllo v2 - INOTHERM eShop","isPartOf":{"@id":"https:\/\/shop.inotherm.si\/it\/#website"},"primaryImageOfPage":{"@id":"https:\/\/shop.inotherm.si\/it\/prodotto\/gateway-inosmart-unita-di-controllo-v2\/#primaryimage"},"image":{"@id":"https:\/\/shop.inotherm.si\/it\/prodotto\/gateway-inosmart-unita-di-controllo-v2\/#primaryimage"},"thumbnailUrl":"https:\/\/shop.inotherm.si\/wp-content\/uploads\/2024\/06\/5B4A1996-e.jpg.webp","datePublished":"2024-06-06T12:09:21+00:00","breadcrumb":{"@id":"https:\/\/shop.inotherm.si\/it\/prodotto\/gateway-inosmart-unita-di-controllo-v2\/#breadcrumb"},"inLanguage":"it-IT","potentialAction":[{"@type":"ReadAction","target":["https:\/\/shop.inotherm.si\/it\/prodotto\/gateway-inosmart-unita-di-controllo-v2\/"]}]},{"@type":"ImageObject","inLanguage":"it-IT","@id":"https:\/\/shop.inotherm.si\/it\/prodotto\/gateway-inosmart-unita-di-controllo-v2\/#primaryimage","url":"https:\/\/shop.inotherm.si\/wp-content\/uploads\/2024\/06\/5B4A1996-e.jpg.webp","contentUrl":"https:\/\/shop.inotherm.si\/wp-content\/uploads\/2024\/06\/5B4A1996-e.jpg.webp","width":1024,"height":1024},{"@type":"BreadcrumbList","@id":"https:\/\/shop.inotherm.si\/it\/prodotto\/gateway-inosmart-unita-di-controllo-v2\/#breadcrumb","itemListElement":[{"@type":"ListItem","position":1,"name":"Home","item":"https:\/\/shop.inosmart.info\/it\/"},{"@type":"ListItem","position":2,"name":"Negozio","item":"https:\/\/shop.inosmart.info\/it\/"},{"@type":"ListItem","position":3,"name":"Gateway Inosmart + Unit\u00e0 di controllo v2"}]},{"@type":"WebSite","@id":"https:\/\/shop.inotherm.si\/it\/#website","url":"https:\/\/shop.inotherm.si\/it\/","name":"INOTHERM eShop","description":"Online shop by Inotherm","publisher":{"@id":"https:\/\/shop.inotherm.si\/it\/#organization"},"potentialAction":[{"@type":"SearchAction","target":{"@type":"EntryPoint","urlTemplate":"https:\/\/shop.inotherm.si\/it\/?s={search_term_string}"},"query-input":{"@type":"PropertyValueSpecification","valueRequired":true,"valueName":"search_term_string"}}],"inLanguage":"it-IT"},{"@type":"Organization","@id":"https:\/\/shop.inotherm.si\/it\/#organization","name":"INOTHERM eShop","url":"https:\/\/shop.inotherm.si\/it\/","logo":{"@type":"ImageObject","inLanguage":"it-IT","@id":"https:\/\/shop.inotherm.si\/it\/#\/schema\/logo\/image\/","url":"https:\/\/shop.inotherm.si\/wp-content\/uploads\/2024\/06\/INOTHERM_LOGO_WEB.jpg","contentUrl":"https:\/\/shop.inotherm.si\/wp-content\/uploads\/2024\/06\/INOTHERM_LOGO_WEB.jpg","width":500,"height":70,"caption":"INOTHERM eShop"},"image":{"@id":"https:\/\/shop.inotherm.si\/it\/#\/schema\/logo\/image\/"}}]}},"uagb_featured_image_src":{"full":["https:\/\/shop.inotherm.si\/wp-content\/uploads\/2024\/06\/5B4A1996-e.jpg.webp",1024,1024,false],"thumbnail":["https:\/\/shop.inotherm.si\/wp-content\/uploads\/2024\/06\/5B4A1996-e.jpg-150x150.webp",150,150,true],"medium":["https:\/\/shop.inotherm.si\/wp-content\/uploads\/2024\/06\/5B4A1996-e.jpg-300x300.webp",300,300,true],"medium_large":["https:\/\/shop.inotherm.si\/wp-content\/uploads\/2024\/06\/5B4A1996-e.jpg-768x768.webp",768,768,true],"large":["https:\/\/shop.inotherm.si\/wp-content\/uploads\/2024\/06\/5B4A1996-e.jpg.webp",1024,1024,false],"1536x1536":["https:\/\/shop.inotherm.si\/wp-content\/uploads\/2024\/06\/5B4A1996-e.jpg.webp",1024,1024,false],"2048x2048":["https:\/\/shop.inotherm.si\/wp-content\/uploads\/2024\/06\/5B4A1996-e.jpg.webp",1024,1024,false],"woocommerce_thumbnail":["https:\/\/shop.inotherm.si\/wp-content\/uploads\/2024\/06\/5B4A1996-e.jpg-300x300.webp",300,300,true],"woocommerce_single":["https:\/\/shop.inotherm.si\/wp-content\/uploads\/2024\/06\/5B4A1996-e.jpg-600x600.webp",600,600,true],"woocommerce_gallery_thumbnail":["https:\/\/shop.inotherm.si\/wp-content\/uploads\/2024\/06\/5B4A1996-e.jpg-100x100.webp",100,100,true]},"uagb_author_info":{"display_name":"gmih","author_link":"https:\/\/shop.inotherm.si\/it\/author\/"},"uagb_comment_info":0,"uagb_excerpt":"Sblocca da remoto con il tuo smartphone. Controllo remoto di Inosmart. Utile soprattutto per affittare propriet\u00e0 e simili. Interfaccia applicativa MQTT per l&#8217;integrazione con i sistemi Smart home. 2 rel\u00e8 aggiuntivi per collegare dispositivi esterni. Collegamento per il sensore di porta aperta\/chiusa. Connessione a una rete Internet: wifi o LAN. Alimentazione a 24 V. Montaggio&hellip;","_links":{"self":[{"href":"https:\/\/shop.inotherm.si\/it\/wp-json\/wp\/v2\/product\/804","targetHints":{"allow":["GET"]}}],"collection":[{"href":"https:\/\/shop.inotherm.si\/it\/wp-json\/wp\/v2\/product"}],"about":[{"href":"https:\/\/shop.inotherm.si\/it\/wp-json\/wp\/v2\/types\/product"}],"wp:featuredmedia":[{"embeddable":true,"href":"https:\/\/shop.inotherm.si\/it\/wp-json\/wp\/v2\/media\/774"}],"wp:attachment":[{"href":"https:\/\/shop.inotherm.si\/it\/wp-json\/wp\/v2\/media?parent=804"}],"wp:term":[{"taxonomy":"product_brand","embeddable":true,"href":"https:\/\/shop.inotherm.si\/it\/wp-json\/wp\/v2\/product_brand?post=804"},{"taxonomy":"product_cat","embeddable":true,"href":"https:\/\/shop.inotherm.si\/it\/wp-json\/wp\/v2\/product_cat?post=804"},{"taxonomy":"product_tag","embeddable":true,"href":"https:\/\/shop.inotherm.si\/it\/wp-json\/wp\/v2\/product_tag?post=804"}],"curies":[{"name":"wp","href":"https:\/\/api.w.org\/{rel}","templated":true}]}}