{"id":194,"date":"2023-05-02T12:52:44","date_gmt":"2023-05-02T12:52:44","guid":{"rendered":"https:\/\/shop.inotherm.si\/politika-zasebnosti-it\/"},"modified":"2025-02-14T07:12:25","modified_gmt":"2025-02-14T07:12:25","slug":"politika-zasebnosti-it","status":"publish","type":"page","link":"https:\/\/shop.inotherm.si\/it\/politika-zasebnosti-it\/","title":{"rendered":"Informativa sulla privacy"},"content":{"rendered":"\n<h1 class=\"wp-block-heading\" style=\"font-size:25px\">Informativa sulla privacy<\/h1>\n\n\n\n<p><strong>1.Disposizioni generali<\/strong><br>Il commerciante si impegna a proteggere la riservatezza dei dati personali e la privacy degli utenti del negozio online. Il commerciante utilizzer\u00e0 i dati personali raccolti esclusivamente per la fornitura dei servizi offerti. Il commerciante rispetta la riservatezza dei dati personali e la privacy degli utenti del negozio online e pertanto far\u00e0 tutto il necessario per tutelarli da eventuali violazioni e abusi. I dati personali degli utenti sono uno degli ambiti a cui il commerciante presta estrema cura e attenzione, essendo consapevole della natura delicata di tale ambito.<\/p>\n\n\n\n<p><strong>2.Utilizzo dei dati personali<\/strong><br>Ai fini dell&#8217;erogazione dei servizi offerti, il commerciante raccoglie, gestisce, elabora e conserva i seguenti dati degli utenti:<\/p>\n\n\n\n<ul class=\"wp-block-list\">\n<li>nome e cognome;<\/li>\n\n\n\n<li>indirizzi di consegna;<\/li>\n\n\n\n<li>azienda o nome della persona giuridica (se l&#8217;utente \u00e8 una persona giuridica);<\/li>\n\n\n\n<li>codice fiscale della persona giuridica (se l&#8217;utente \u00e8 una persona giuridica);<\/li>\n\n\n\n<li>indirizzo e-mail (nome utente);<\/li>\n\n\n\n<li>password in forma criptata;<\/li>\n\n\n\n<li>numero di telefono di contatto;<\/li>\n\n\n\n<li>paese di residenza;<\/li>\n\n\n\n<li>altri dati che l&#8217;utente inserisce volontariamente nei moduli presenti nel negozio online;<\/li>\n\n\n\n<li>altri dati che l&#8217;utente aggiunge volontariamente in seguito nel proprio profilo.<\/li>\n<\/ul>\n\n\n\n<p>Il commerciante non \u00e8 responsabile dell&#8217;esattezza, completezza e attualit\u00e0 dei dati inseriti dagli utenti.<\/p>\n\n\n\n<p><strong>3.Cookie e indirizzi IP<\/strong><br>Il commerciante assegna a ciascun utente all&#8217;inizio di ogni utilizzo del negozio online un cookie per l&#8217;identificazione, il monitoraggio del carrello e la tracciabilit\u00e0 (il cosiddetto &#8220;cookie&#8221;), che viene memorizzato nella memoria del server solo per la durata della visita al negozio online e viene eliminato dopo un&#8217;ora di inattivit\u00e0. Il commerciante pu\u00f2 anche memorizzare alcuni cookie permanenti sul computer personale dell&#8217;utente, come ad esempio un numero identificativo dell&#8217;utente in forma crittografata per il riconoscimento in caso di visita successiva al negozio online o le valutazioni dei prodotti che aiutano l&#8217;utente a sapere quali prodotti ha gi\u00e0 valutato, e indirettamente anche i cookie del servizio esterno Google Analytics che vengono utilizzati per analizzare le visite al sito web. Il commerciante pu\u00f2 utilizzare questi dati in forma riassuntiva e anonima per scopi di analisi statistica. Per garantire la sicurezza online, il commerciante raccoglie anche gli indirizzi IP dai quali gli utenti accedono al negozio online.<\/p>\n\n\n\n<p><strong>4.Dichiarazione sulla protezione della riservatezza dei dati personali e della privacy degli utenti<\/strong><br>In conformit\u00e0 con le norme sulla protezione dei dati personali, il commerciante \u00e8 tenuto a proteggere i dati personali degli utenti del suo negozio online. Senza l\u2019esplicita autorizzazione dell\u2019utente il commerciante non fornir\u00e0 in nessun caso dati personali o altri dati dell&#8217;utente a terzi o non consentir\u00e0 a terzi di visualizzare dati personali o altri dati dell&#8217;utente, a meno che non sia richiesto dalle autorit\u00e0 statali, se tale obbligo \u00e8 previsto dalla legge, o se ritiene in buona fede che tale azione sia necessaria per procedimenti dinanzi a tribunali o altre autorit\u00e0 statali e per la tutela e il perseguimento dei legittimi interessi del commerciante.<\/p>\n\n\n\n<p>Tutti i dati personali e di altro tipo forniti dall&#8217;utente al momento della registrazione nel negozio online, nonch\u00e9 al momento dell&#8217;ordinazione dei prodotti, compreso il contenuto degli ordini, saranno protetti in conformit\u00e0 con le norme che disciplinano la protezione dei dati personali. Il commerciante non utilizzer\u00e0 queste informazioni per scopi che potrebbero danneggiare l&#8217;utente o qualsiasi altra persona coinvolta. Il commerciante non utilizzer\u00e0 i dati degli utenti per inviare e-mail promozionali o altro materiale promozionale non richiesto, fatta eccezione per l&#8217;invio di notifiche promozionali a cui l&#8217;utente si iscrive o per cui ha espresso il proprio consenso. Il commerciante pu\u00f2 utilizzare i dati in forma riassuntiva e anonima per scopi di analisi statistica. La riservatezza dei dati personali e di altri dati degli utenti non verr\u00e0 in alcun modo violata.<\/p>\n\n\n\n<p>Il commerciante affider\u00e0 al servizio di consegna (ad esempio Po\u0161ta Slovenije, DHL, UPS, ecc.) solo le informazioni necessarie per la consegna dei prodotti acquistati nel negozio online (informazioni sul destinatario e indirizzo di consegna). Il commerciante contatter\u00e0 l&#8217;utente via e-mail se ci\u00f2 \u00e8 necessario per effettuare un acquisto nel negozio online e tramite il numero di telefono di contatto solo se si trova nella fase di registrazione o si sono verificati problemi con l&#8217;acquisto nel negozio online.<\/p>\n\n\n\n<p><strong>5.Attuazione dell\u2019informativa sulla privacy<\/strong><br>Tutte le persone impiegate dal commerciante a tempo pieno o parziale che hanno accesso a dati personali e altri dati degli utenti sono consapevoli dell&#8217;obbligo di proteggere i dati personali e gli altri dati e sono tenute a rispettare le presenti disposizioni sulla protezione della riservatezza dei dati personali e della privacy degli utenti del negozio online. L&#8217;obbligo di proteggere i dati personali e gli altri dati sussiste a tempo indeterminato, anche dopo la cessazione del rapporto con il commerciante.<\/p>\n\n\n\n<p>Gli utenti registrati possono interrompere in qualsiasi momento l&#8217;utilizzo del negozio online e annullare la propria registrazione. Ci\u00f2 avviene mediante la notifica scritta al commerciante della cancellazione della registrazione. Prima di presentare una dichiarazione di cancellazione della registrazione, l&#8217;utente \u00e8 tenuto a saldare tutti gli obblighi in sospeso nei confronti del commerciante derivanti dagli acquisti effettuati nel negozio online. Il commerciante protegger\u00e0 la riservatezza dei dati personali e la privacy degli utenti del negozio online nell&#8217;ambito della presente informativa sulla privacy anche in caso di annullamento della registrazione.<\/p>\n\n\n\n<p><strong>6.Ulteriori chiarimenti<\/strong><br>In caso di domande, problemi o commenti riguardanti la presente informativa sulla privacy, contattateci all&#8217;indirizzo: <a href=\"mailto:shop@inotherm.si\">shop@inotherm.si<\/a><\/p>\n\n\n\n<p><\/p>\n","protected":false},"excerpt":{"rendered":"<p>Informativa sulla privacy 1.Disposizioni generaliIl commerciante si impegna a proteggere la riservatezza dei dati personali e la privacy degli utenti del negozio online. Il commerciante utilizzer\u00e0 i dati personali raccolti esclusivamente per la fornitura dei servizi offerti. Il commerciante rispetta la riservatezza dei dati personali e la privacy degli utenti del negozio online e pertanto [&hellip;]<\/p>\n","protected":false},"author":1,"featured_media":0,"parent":0,"menu_order":0,"comment_status":"closed","ping_status":"closed","template":"","meta":{"_uag_custom_page_level_css":"","site-sidebar-layout":"default","site-content-layout":"boxed-container","ast-site-content-layout":"normal-width-container","site-content-style":"boxed","site-sidebar-style":"boxed","ast-global-header-display":"","ast-banner-title-visibility":"","ast-main-header-display":"","ast-hfb-above-header-display":"","ast-hfb-below-header-display":"","ast-hfb-mobile-header-display":"","site-post-title":"disabled","ast-breadcrumbs-content":"","ast-featured-img":"","footer-sml-layout":"","ast-disable-related-posts":"","theme-transparent-header-meta":"","adv-header-id-meta":"","stick-header-meta":"","header-above-stick-meta":"","header-main-stick-meta":"","header-below-stick-meta":"","astra-migrate-meta-layouts":"set","ast-page-background-enabled":"default","ast-page-background-meta":{"desktop":{"background-color":"var(--ast-global-color-4)","background-image":"","background-repeat":"repeat","background-position":"center center","background-size":"auto","background-attachment":"scroll","background-type":"","background-media":"","overlay-type":"","overlay-color":"","overlay-opacity":"","overlay-gradient":""},"tablet":{"background-color":"","background-image":"","background-repeat":"repeat","background-position":"center center","background-size":"auto","background-attachment":"scroll","background-type":"","background-media":"","overlay-type":"","overlay-color":"","overlay-opacity":"","overlay-gradient":""},"mobile":{"background-color":"","background-image":"","background-repeat":"repeat","background-position":"center center","background-size":"auto","background-attachment":"scroll","background-type":"","background-media":"","overlay-type":"","overlay-color":"","overlay-opacity":"","overlay-gradient":""}},"ast-content-background-meta":{"desktop":{"background-color":"var(--ast-global-color-5)","background-image":"","background-repeat":"repeat","background-position":"center center","background-size":"auto","background-attachment":"scroll","background-type":"","background-media":"","overlay-type":"","overlay-color":"","overlay-opacity":"","overlay-gradient":""},"tablet":{"background-color":"var(--ast-global-color-5)","background-image":"","background-repeat":"repeat","background-position":"center center","background-size":"auto","background-attachment":"scroll","background-type":"","background-media":"","overlay-type":"","overlay-color":"","overlay-opacity":"","overlay-gradient":""},"mobile":{"background-color":"var(--ast-global-color-5)","background-image":"","background-repeat":"repeat","background-position":"center center","background-size":"auto","background-attachment":"scroll","background-type":"","background-media":"","overlay-type":"","overlay-color":"","overlay-opacity":"","overlay-gradient":""}},"footnotes":""},"class_list":["post-194","page","type-page","status-publish","hentry"],"yoast_head":"<!-- This site is optimized with the Yoast SEO plugin v27.4 - https:\/\/yoast.com\/product\/yoast-seo-wordpress\/ -->\n<title>Informativa sulla privacy - INOTHERM eShop<\/title>\n<meta name=\"robots\" content=\"index, follow, max-snippet:-1, max-image-preview:large, max-video-preview:-1\" \/>\n<link rel=\"canonical\" href=\"https:\/\/shop.inotherm.si\/it\/politika-zasebnosti-it\/\" \/>\n<meta property=\"og:locale\" content=\"it_IT\" \/>\n<meta property=\"og:type\" content=\"article\" \/>\n<meta property=\"og:title\" content=\"Informativa sulla privacy - INOTHERM eShop\" \/>\n<meta property=\"og:description\" content=\"Informativa sulla privacy 1.Disposizioni generaliIl commerciante si impegna a proteggere la riservatezza dei dati personali e la privacy degli utenti del negozio online. Il commerciante utilizzer\u00e0 i dati personali raccolti esclusivamente per la fornitura dei servizi offerti. Il commerciante rispetta la riservatezza dei dati personali e la privacy degli utenti del negozio online e pertanto [&hellip;]\" \/>\n<meta property=\"og:url\" content=\"https:\/\/shop.inotherm.si\/it\/politika-zasebnosti-it\/\" \/>\n<meta property=\"og:site_name\" content=\"INOTHERM eShop\" \/>\n<meta property=\"article:modified_time\" content=\"2025-02-14T07:12:25+00:00\" \/>\n<meta name=\"twitter:card\" content=\"summary_large_image\" \/>\n<meta name=\"twitter:label1\" content=\"Tempo di lettura stimato\" \/>\n\t<meta name=\"twitter:data1\" content=\"5 minuti\" \/>\n<script type=\"application\/ld+json\" class=\"yoast-schema-graph\">{\"@context\":\"https:\\\/\\\/schema.org\",\"@graph\":[{\"@type\":\"WebPage\",\"@id\":\"https:\\\/\\\/shop.inotherm.si\\\/it\\\/politika-zasebnosti-it\\\/\",\"url\":\"https:\\\/\\\/shop.inotherm.si\\\/it\\\/politika-zasebnosti-it\\\/\",\"name\":\"Informativa sulla privacy - INOTHERM eShop\",\"isPartOf\":{\"@id\":\"https:\\\/\\\/shop.inotherm.si\\\/it\\\/#website\"},\"datePublished\":\"2023-05-02T12:52:44+00:00\",\"dateModified\":\"2025-02-14T07:12:25+00:00\",\"breadcrumb\":{\"@id\":\"https:\\\/\\\/shop.inotherm.si\\\/it\\\/politika-zasebnosti-it\\\/#breadcrumb\"},\"inLanguage\":\"it-IT\",\"potentialAction\":[{\"@type\":\"ReadAction\",\"target\":[\"https:\\\/\\\/shop.inotherm.si\\\/it\\\/politika-zasebnosti-it\\\/\"]}]},{\"@type\":\"BreadcrumbList\",\"@id\":\"https:\\\/\\\/shop.inotherm.si\\\/it\\\/politika-zasebnosti-it\\\/#breadcrumb\",\"itemListElement\":[{\"@type\":\"ListItem\",\"position\":1,\"name\":\"Home\",\"item\":\"https:\\\/\\\/shop.inosmart.info\\\/it\\\/\"},{\"@type\":\"ListItem\",\"position\":2,\"name\":\"Informativa sulla privacy\"}]},{\"@type\":\"WebSite\",\"@id\":\"https:\\\/\\\/shop.inotherm.si\\\/it\\\/#website\",\"url\":\"https:\\\/\\\/shop.inotherm.si\\\/it\\\/\",\"name\":\"INOTHERM eShop\",\"description\":\"Online shop by Inotherm\",\"publisher\":{\"@id\":\"https:\\\/\\\/shop.inotherm.si\\\/it\\\/#organization\"},\"potentialAction\":[{\"@type\":\"SearchAction\",\"target\":{\"@type\":\"EntryPoint\",\"urlTemplate\":\"https:\\\/\\\/shop.inotherm.si\\\/it\\\/?s={search_term_string}\"},\"query-input\":{\"@type\":\"PropertyValueSpecification\",\"valueRequired\":true,\"valueName\":\"search_term_string\"}}],\"inLanguage\":\"it-IT\"},{\"@type\":\"Organization\",\"@id\":\"https:\\\/\\\/shop.inotherm.si\\\/it\\\/#organization\",\"name\":\"INOTHERM eShop\",\"url\":\"https:\\\/\\\/shop.inotherm.si\\\/it\\\/\",\"logo\":{\"@type\":\"ImageObject\",\"inLanguage\":\"it-IT\",\"@id\":\"https:\\\/\\\/shop.inotherm.si\\\/it\\\/#\\\/schema\\\/logo\\\/image\\\/\",\"url\":\"https:\\\/\\\/shop.inotherm.si\\\/wp-content\\\/uploads\\\/2024\\\/06\\\/INOTHERM_LOGO_WEB.jpg\",\"contentUrl\":\"https:\\\/\\\/shop.inotherm.si\\\/wp-content\\\/uploads\\\/2024\\\/06\\\/INOTHERM_LOGO_WEB.jpg\",\"width\":500,\"height\":70,\"caption\":\"INOTHERM eShop\"},\"image\":{\"@id\":\"https:\\\/\\\/shop.inotherm.si\\\/it\\\/#\\\/schema\\\/logo\\\/image\\\/\"}}]}<\/script>\n<!-- \/ Yoast SEO plugin. -->","yoast_head_json":{"title":"Informativa sulla privacy - INOTHERM eShop","robots":{"index":"index","follow":"follow","max-snippet":"max-snippet:-1","max-image-preview":"max-image-preview:large","max-video-preview":"max-video-preview:-1"},"canonical":"https:\/\/shop.inotherm.si\/it\/politika-zasebnosti-it\/","og_locale":"it_IT","og_type":"article","og_title":"Informativa sulla privacy - INOTHERM eShop","og_description":"Informativa sulla privacy 1.Disposizioni generaliIl commerciante si impegna a proteggere la riservatezza dei dati personali e la privacy degli utenti del negozio online. Il commerciante utilizzer\u00e0 i dati personali raccolti esclusivamente per la fornitura dei servizi offerti. Il commerciante rispetta la riservatezza dei dati personali e la privacy degli utenti del negozio online e pertanto [&hellip;]","og_url":"https:\/\/shop.inotherm.si\/it\/politika-zasebnosti-it\/","og_site_name":"INOTHERM eShop","article_modified_time":"2025-02-14T07:12:25+00:00","twitter_card":"summary_large_image","twitter_misc":{"Tempo di lettura stimato":"5 minuti"},"schema":{"@context":"https:\/\/schema.org","@graph":[{"@type":"WebPage","@id":"https:\/\/shop.inotherm.si\/it\/politika-zasebnosti-it\/","url":"https:\/\/shop.inotherm.si\/it\/politika-zasebnosti-it\/","name":"Informativa sulla privacy - INOTHERM eShop","isPartOf":{"@id":"https:\/\/shop.inotherm.si\/it\/#website"},"datePublished":"2023-05-02T12:52:44+00:00","dateModified":"2025-02-14T07:12:25+00:00","breadcrumb":{"@id":"https:\/\/shop.inotherm.si\/it\/politika-zasebnosti-it\/#breadcrumb"},"inLanguage":"it-IT","potentialAction":[{"@type":"ReadAction","target":["https:\/\/shop.inotherm.si\/it\/politika-zasebnosti-it\/"]}]},{"@type":"BreadcrumbList","@id":"https:\/\/shop.inotherm.si\/it\/politika-zasebnosti-it\/#breadcrumb","itemListElement":[{"@type":"ListItem","position":1,"name":"Home","item":"https:\/\/shop.inosmart.info\/it\/"},{"@type":"ListItem","position":2,"name":"Informativa sulla privacy"}]},{"@type":"WebSite","@id":"https:\/\/shop.inotherm.si\/it\/#website","url":"https:\/\/shop.inotherm.si\/it\/","name":"INOTHERM eShop","description":"Online shop by Inotherm","publisher":{"@id":"https:\/\/shop.inotherm.si\/it\/#organization"},"potentialAction":[{"@type":"SearchAction","target":{"@type":"EntryPoint","urlTemplate":"https:\/\/shop.inotherm.si\/it\/?s={search_term_string}"},"query-input":{"@type":"PropertyValueSpecification","valueRequired":true,"valueName":"search_term_string"}}],"inLanguage":"it-IT"},{"@type":"Organization","@id":"https:\/\/shop.inotherm.si\/it\/#organization","name":"INOTHERM eShop","url":"https:\/\/shop.inotherm.si\/it\/","logo":{"@type":"ImageObject","inLanguage":"it-IT","@id":"https:\/\/shop.inotherm.si\/it\/#\/schema\/logo\/image\/","url":"https:\/\/shop.inotherm.si\/wp-content\/uploads\/2024\/06\/INOTHERM_LOGO_WEB.jpg","contentUrl":"https:\/\/shop.inotherm.si\/wp-content\/uploads\/2024\/06\/INOTHERM_LOGO_WEB.jpg","width":500,"height":70,"caption":"INOTHERM eShop"},"image":{"@id":"https:\/\/shop.inotherm.si\/it\/#\/schema\/logo\/image\/"}}]}},"uagb_featured_image_src":{"full":false,"thumbnail":false,"medium":false,"medium_large":false,"large":false,"1536x1536":false,"2048x2048":false,"woocommerce_thumbnail":false,"woocommerce_single":false,"woocommerce_gallery_thumbnail":false},"uagb_author_info":{"display_name":"gmih","author_link":"https:\/\/shop.inotherm.si\/it\/author\/gmih\/"},"uagb_comment_info":0,"uagb_excerpt":"Informativa sulla privacy 1.Disposizioni generaliIl commerciante si impegna a proteggere la riservatezza dei dati personali e la privacy degli utenti del negozio online. Il commerciante utilizzer\u00e0 i dati personali raccolti esclusivamente per la fornitura dei servizi offerti. Il commerciante rispetta la riservatezza dei dati personali e la privacy degli utenti del negozio online e pertanto&hellip;","_links":{"self":[{"href":"https:\/\/shop.inotherm.si\/it\/wp-json\/wp\/v2\/pages\/194","targetHints":{"allow":["GET"]}}],"collection":[{"href":"https:\/\/shop.inotherm.si\/it\/wp-json\/wp\/v2\/pages"}],"about":[{"href":"https:\/\/shop.inotherm.si\/it\/wp-json\/wp\/v2\/types\/page"}],"author":[{"embeddable":true,"href":"https:\/\/shop.inotherm.si\/it\/wp-json\/wp\/v2\/users\/1"}],"replies":[{"embeddable":true,"href":"https:\/\/shop.inotherm.si\/it\/wp-json\/wp\/v2\/comments?post=194"}],"version-history":[{"count":0,"href":"https:\/\/shop.inotherm.si\/it\/wp-json\/wp\/v2\/pages\/194\/revisions"}],"wp:attachment":[{"href":"https:\/\/shop.inotherm.si\/it\/wp-json\/wp\/v2\/media?parent=194"}],"curies":[{"name":"wp","href":"https:\/\/api.w.org\/{rel}","templated":true}]}}