{"id":174,"date":"2023-05-02T13:06:13","date_gmt":"2023-05-02T13:06:13","guid":{"rendered":"https:\/\/shop.inotherm.si\/product\/testni-izdelek-hrvascina\/"},"modified":"2024-06-13T11:28:03","modified_gmt":"2024-06-13T11:28:03","slug":"inosmart-bluetooth-tag","status":"publish","type":"product","link":"https:\/\/shop.inotherm.si\/hr\/proizvod\/inosmart-bluetooth-tag\/","title":{"rendered":"Inosmart Bluetooth privjesak"},"content":{"rendered":"<p>Mali, elegantni privjesak za otvaranje vrata bez telefona i otisaka prstiju. Jednostavno, brzo i sigurno. Savr\u0161eno rje\u0161enje za jednostavan pristup va\u0161em domu.<\/p>\n<p>Inosmart Bluetooth Fob dizajniran je za kori\u0161tenje s Inosmart Bluetooth sustavom.<\/p>\n<p>&nbsp;<\/p>\n<p>Baterija: CR2032 (uklju\u010dena)<\/p>\n","protected":false},"excerpt":{"rendered":"<p>Inosmart Bluetooth oznaka FOB za otvorena Inotherm vrata<\/p>\n","protected":false},"featured_media":272,"template":"","meta":{"_uag_custom_page_level_css":"","site-sidebar-layout":"default","site-content-layout":"default","ast-site-content-layout":"default","site-content-style":"default","site-sidebar-style":"default","ast-global-header-display":"","ast-banner-title-visibility":"","ast-main-header-display":"","ast-hfb-above-header-display":"","ast-hfb-below-header-display":"","ast-hfb-mobile-header-display":"","site-post-title":"","ast-breadcrumbs-content":"","ast-featured-img":"","footer-sml-layout":"","ast-disable-related-posts":"","theme-transparent-header-meta":"default","adv-header-id-meta":"","stick-header-meta":"","header-above-stick-meta":"","header-main-stick-meta":"","header-below-stick-meta":"","astra-migrate-meta-layouts":"default","ast-page-background-enabled":"default","ast-page-background-meta":{"desktop":{"background-color":"var(--ast-global-color-4)","background-image":"","background-repeat":"repeat","background-position":"center center","background-size":"auto","background-attachment":"scroll","background-type":"","background-media":"","overlay-type":"","overlay-color":"","overlay-opacity":"","overlay-gradient":""},"tablet":{"background-color":"","background-image":"","background-repeat":"repeat","background-position":"center center","background-size":"auto","background-attachment":"scroll","background-type":"","background-media":"","overlay-type":"","overlay-color":"","overlay-opacity":"","overlay-gradient":""},"mobile":{"background-color":"","background-image":"","background-repeat":"repeat","background-position":"center center","background-size":"auto","background-attachment":"scroll","background-type":"","background-media":"","overlay-type":"","overlay-color":"","overlay-opacity":"","overlay-gradient":""}},"ast-content-background-meta":{"desktop":{"background-color":"var(--ast-global-color-5)","background-image":"","background-repeat":"repeat","background-position":"center center","background-size":"auto","background-attachment":"scroll","background-type":"","background-media":"","overlay-type":"","overlay-color":"","overlay-opacity":"","overlay-gradient":""},"tablet":{"background-color":"var(--ast-global-color-5)","background-image":"","background-repeat":"repeat","background-position":"center center","background-size":"auto","background-attachment":"scroll","background-type":"","background-media":"","overlay-type":"","overlay-color":"","overlay-opacity":"","overlay-gradient":""},"mobile":{"background-color":"var(--ast-global-color-5)","background-image":"","background-repeat":"repeat","background-position":"center center","background-size":"auto","background-attachment":"scroll","background-type":"","background-media":"","overlay-type":"","overlay-color":"","overlay-opacity":"","overlay-gradient":""}}},"product_brand":[],"product_cat":[42],"product_tag":[],"class_list":{"0":"post-174","1":"product","2":"type-product","3":"status-publish","4":"has-post-thumbnail","6":"product_cat-inosmart","7":"desktop-align-center","8":"tablet-align-left","9":"mobile-align-left","10":"ast-product-gallery-layout-first-image-large","11":"ast-product-gallery-with-no-image","12":"ast-product-single-variable","13":"ast-product-tabs-layout-horizontal","15":"first","16":"instock","17":"taxable","18":"shipping-taxable","19":"purchasable","20":"product-type-variable","21":"has-default-attributes"},"yoast_head":"<!-- This site is optimized with the Yoast SEO plugin v27.4 - https:\/\/yoast.com\/product\/yoast-seo-wordpress\/ -->\n<title>Inosmart Bluetooth privjesak - INOTHERM eShop<\/title>\n<meta name=\"robots\" content=\"index, follow, max-snippet:-1, max-image-preview:large, max-video-preview:-1\" \/>\n<link rel=\"canonical\" href=\"https:\/\/shop.inotherm.si\/hr\/proizvod\/inosmart-bluetooth-tag\/\" \/>\n<meta property=\"og:locale\" content=\"hr_HR\" \/>\n<meta property=\"og:type\" content=\"article\" \/>\n<meta property=\"og:title\" content=\"Inosmart Bluetooth privjesak - INOTHERM eShop\" \/>\n<meta property=\"og:description\" content=\"Inosmart Bluetooth oznaka FOB za otvorena Inotherm vrata\" \/>\n<meta property=\"og:url\" content=\"https:\/\/shop.inotherm.si\/hr\/proizvod\/inosmart-bluetooth-tag\/\" \/>\n<meta property=\"og:site_name\" content=\"INOTHERM eShop\" \/>\n<meta property=\"article:modified_time\" content=\"2024-06-13T11:28:03+00:00\" \/>\n<meta property=\"og:image\" content=\"https:\/\/shop.inotherm.si\/wp-content\/uploads\/2023\/05\/inosmart-obesek-za-kljuce_SKUPNA.jpg\" \/>\n\t<meta property=\"og:image:width\" content=\"709\" \/>\n\t<meta property=\"og:image:height\" content=\"709\" \/>\n\t<meta property=\"og:image:type\" content=\"image\/jpeg\" \/>\n<meta name=\"twitter:card\" content=\"summary_large_image\" \/>\n<script type=\"application\/ld+json\" class=\"yoast-schema-graph\">{\"@context\":\"https:\\\/\\\/schema.org\",\"@graph\":[{\"@type\":\"WebPage\",\"@id\":\"https:\\\/\\\/shop.inotherm.si\\\/hr\\\/proizvod\\\/inosmart-bluetooth-tag\\\/\",\"url\":\"https:\\\/\\\/shop.inotherm.si\\\/hr\\\/proizvod\\\/inosmart-bluetooth-tag\\\/\",\"name\":\"Inosmart Bluetooth privjesak - INOTHERM eShop\",\"isPartOf\":{\"@id\":\"https:\\\/\\\/shop.inotherm.si\\\/hr\\\/#website\"},\"primaryImageOfPage\":{\"@id\":\"https:\\\/\\\/shop.inotherm.si\\\/hr\\\/proizvod\\\/inosmart-bluetooth-tag\\\/#primaryimage\"},\"image\":{\"@id\":\"https:\\\/\\\/shop.inotherm.si\\\/hr\\\/proizvod\\\/inosmart-bluetooth-tag\\\/#primaryimage\"},\"thumbnailUrl\":\"https:\\\/\\\/shop.inotherm.si\\\/wp-content\\\/uploads\\\/2023\\\/05\\\/inosmart-obesek-za-kljuce_SKUPNA.jpg\",\"datePublished\":\"2023-05-02T13:06:13+00:00\",\"dateModified\":\"2024-06-13T11:28:03+00:00\",\"breadcrumb\":{\"@id\":\"https:\\\/\\\/shop.inotherm.si\\\/hr\\\/proizvod\\\/inosmart-bluetooth-tag\\\/#breadcrumb\"},\"inLanguage\":\"hr\",\"potentialAction\":[{\"@type\":\"ReadAction\",\"target\":[\"https:\\\/\\\/shop.inotherm.si\\\/hr\\\/proizvod\\\/inosmart-bluetooth-tag\\\/\"]}]},{\"@type\":\"ImageObject\",\"inLanguage\":\"hr\",\"@id\":\"https:\\\/\\\/shop.inotherm.si\\\/hr\\\/proizvod\\\/inosmart-bluetooth-tag\\\/#primaryimage\",\"url\":\"https:\\\/\\\/shop.inotherm.si\\\/wp-content\\\/uploads\\\/2023\\\/05\\\/inosmart-obesek-za-kljuce_SKUPNA.jpg\",\"contentUrl\":\"https:\\\/\\\/shop.inotherm.si\\\/wp-content\\\/uploads\\\/2023\\\/05\\\/inosmart-obesek-za-kljuce_SKUPNA.jpg\",\"width\":709,\"height\":709},{\"@type\":\"BreadcrumbList\",\"@id\":\"https:\\\/\\\/shop.inotherm.si\\\/hr\\\/proizvod\\\/inosmart-bluetooth-tag\\\/#breadcrumb\",\"itemListElement\":[{\"@type\":\"ListItem\",\"position\":1,\"name\":\"Home\",\"item\":\"https:\\\/\\\/shop.inosmart.info\\\/hr\\\/\"},{\"@type\":\"ListItem\",\"position\":2,\"name\":\"Trgovina\",\"item\":\"https:\\\/\\\/shop.inosmart.info\\\/hr\\\/\"},{\"@type\":\"ListItem\",\"position\":3,\"name\":\"Inosmart Bluetooth privjesak\"}]},{\"@type\":\"WebSite\",\"@id\":\"https:\\\/\\\/shop.inotherm.si\\\/hr\\\/#website\",\"url\":\"https:\\\/\\\/shop.inotherm.si\\\/hr\\\/\",\"name\":\"INOTHERM eShop\",\"description\":\"Online shop by Inotherm\",\"publisher\":{\"@id\":\"https:\\\/\\\/shop.inotherm.si\\\/hr\\\/#organization\"},\"potentialAction\":[{\"@type\":\"SearchAction\",\"target\":{\"@type\":\"EntryPoint\",\"urlTemplate\":\"https:\\\/\\\/shop.inotherm.si\\\/hr\\\/?s={search_term_string}\"},\"query-input\":{\"@type\":\"PropertyValueSpecification\",\"valueRequired\":true,\"valueName\":\"search_term_string\"}}],\"inLanguage\":\"hr\"},{\"@type\":\"Organization\",\"@id\":\"https:\\\/\\\/shop.inotherm.si\\\/hr\\\/#organization\",\"name\":\"INOTHERM eShop\",\"url\":\"https:\\\/\\\/shop.inotherm.si\\\/hr\\\/\",\"logo\":{\"@type\":\"ImageObject\",\"inLanguage\":\"hr\",\"@id\":\"https:\\\/\\\/shop.inotherm.si\\\/hr\\\/#\\\/schema\\\/logo\\\/image\\\/\",\"url\":\"https:\\\/\\\/shop.inotherm.si\\\/wp-content\\\/uploads\\\/2024\\\/06\\\/INOTHERM_LOGO_WEB.jpg\",\"contentUrl\":\"https:\\\/\\\/shop.inotherm.si\\\/wp-content\\\/uploads\\\/2024\\\/06\\\/INOTHERM_LOGO_WEB.jpg\",\"width\":500,\"height\":70,\"caption\":\"INOTHERM eShop\"},\"image\":{\"@id\":\"https:\\\/\\\/shop.inotherm.si\\\/hr\\\/#\\\/schema\\\/logo\\\/image\\\/\"}}]}<\/script>\n<!-- \/ Yoast SEO plugin. -->","yoast_head_json":{"title":"Inosmart Bluetooth privjesak - INOTHERM eShop","robots":{"index":"index","follow":"follow","max-snippet":"max-snippet:-1","max-image-preview":"max-image-preview:large","max-video-preview":"max-video-preview:-1"},"canonical":"https:\/\/shop.inotherm.si\/hr\/proizvod\/inosmart-bluetooth-tag\/","og_locale":"hr_HR","og_type":"article","og_title":"Inosmart Bluetooth privjesak - INOTHERM eShop","og_description":"Inosmart Bluetooth oznaka FOB za otvorena Inotherm vrata","og_url":"https:\/\/shop.inotherm.si\/hr\/proizvod\/inosmart-bluetooth-tag\/","og_site_name":"INOTHERM eShop","article_modified_time":"2024-06-13T11:28:03+00:00","og_image":[{"width":709,"height":709,"url":"https:\/\/shop.inotherm.si\/wp-content\/uploads\/2023\/05\/inosmart-obesek-za-kljuce_SKUPNA.jpg","type":"image\/jpeg"}],"twitter_card":"summary_large_image","schema":{"@context":"https:\/\/schema.org","@graph":[{"@type":"WebPage","@id":"https:\/\/shop.inotherm.si\/hr\/proizvod\/inosmart-bluetooth-tag\/","url":"https:\/\/shop.inotherm.si\/hr\/proizvod\/inosmart-bluetooth-tag\/","name":"Inosmart Bluetooth privjesak - INOTHERM eShop","isPartOf":{"@id":"https:\/\/shop.inotherm.si\/hr\/#website"},"primaryImageOfPage":{"@id":"https:\/\/shop.inotherm.si\/hr\/proizvod\/inosmart-bluetooth-tag\/#primaryimage"},"image":{"@id":"https:\/\/shop.inotherm.si\/hr\/proizvod\/inosmart-bluetooth-tag\/#primaryimage"},"thumbnailUrl":"https:\/\/shop.inotherm.si\/wp-content\/uploads\/2023\/05\/inosmart-obesek-za-kljuce_SKUPNA.jpg","datePublished":"2023-05-02T13:06:13+00:00","dateModified":"2024-06-13T11:28:03+00:00","breadcrumb":{"@id":"https:\/\/shop.inotherm.si\/hr\/proizvod\/inosmart-bluetooth-tag\/#breadcrumb"},"inLanguage":"hr","potentialAction":[{"@type":"ReadAction","target":["https:\/\/shop.inotherm.si\/hr\/proizvod\/inosmart-bluetooth-tag\/"]}]},{"@type":"ImageObject","inLanguage":"hr","@id":"https:\/\/shop.inotherm.si\/hr\/proizvod\/inosmart-bluetooth-tag\/#primaryimage","url":"https:\/\/shop.inotherm.si\/wp-content\/uploads\/2023\/05\/inosmart-obesek-za-kljuce_SKUPNA.jpg","contentUrl":"https:\/\/shop.inotherm.si\/wp-content\/uploads\/2023\/05\/inosmart-obesek-za-kljuce_SKUPNA.jpg","width":709,"height":709},{"@type":"BreadcrumbList","@id":"https:\/\/shop.inotherm.si\/hr\/proizvod\/inosmart-bluetooth-tag\/#breadcrumb","itemListElement":[{"@type":"ListItem","position":1,"name":"Home","item":"https:\/\/shop.inosmart.info\/hr\/"},{"@type":"ListItem","position":2,"name":"Trgovina","item":"https:\/\/shop.inosmart.info\/hr\/"},{"@type":"ListItem","position":3,"name":"Inosmart Bluetooth privjesak"}]},{"@type":"WebSite","@id":"https:\/\/shop.inotherm.si\/hr\/#website","url":"https:\/\/shop.inotherm.si\/hr\/","name":"INOTHERM eShop","description":"Online shop by Inotherm","publisher":{"@id":"https:\/\/shop.inotherm.si\/hr\/#organization"},"potentialAction":[{"@type":"SearchAction","target":{"@type":"EntryPoint","urlTemplate":"https:\/\/shop.inotherm.si\/hr\/?s={search_term_string}"},"query-input":{"@type":"PropertyValueSpecification","valueRequired":true,"valueName":"search_term_string"}}],"inLanguage":"hr"},{"@type":"Organization","@id":"https:\/\/shop.inotherm.si\/hr\/#organization","name":"INOTHERM eShop","url":"https:\/\/shop.inotherm.si\/hr\/","logo":{"@type":"ImageObject","inLanguage":"hr","@id":"https:\/\/shop.inotherm.si\/hr\/#\/schema\/logo\/image\/","url":"https:\/\/shop.inotherm.si\/wp-content\/uploads\/2024\/06\/INOTHERM_LOGO_WEB.jpg","contentUrl":"https:\/\/shop.inotherm.si\/wp-content\/uploads\/2024\/06\/INOTHERM_LOGO_WEB.jpg","width":500,"height":70,"caption":"INOTHERM eShop"},"image":{"@id":"https:\/\/shop.inotherm.si\/hr\/#\/schema\/logo\/image\/"}}]}},"uagb_featured_image_src":{"full":["https:\/\/shop.inotherm.si\/wp-content\/uploads\/2023\/05\/inosmart-obesek-za-kljuce_SKUPNA.jpg",709,709,false],"thumbnail":["https:\/\/shop.inotherm.si\/wp-content\/uploads\/2023\/05\/inosmart-obesek-za-kljuce_SKUPNA-150x150.jpg",150,150,true],"medium":["https:\/\/shop.inotherm.si\/wp-content\/uploads\/2023\/05\/inosmart-obesek-za-kljuce_SKUPNA-300x300.jpg",300,300,true],"medium_large":["https:\/\/shop.inotherm.si\/wp-content\/uploads\/2023\/05\/inosmart-obesek-za-kljuce_SKUPNA.jpg",709,709,false],"large":["https:\/\/shop.inotherm.si\/wp-content\/uploads\/2023\/05\/inosmart-obesek-za-kljuce_SKUPNA.jpg",709,709,false],"1536x1536":["https:\/\/shop.inotherm.si\/wp-content\/uploads\/2023\/05\/inosmart-obesek-za-kljuce_SKUPNA.jpg",709,709,false],"2048x2048":["https:\/\/shop.inotherm.si\/wp-content\/uploads\/2023\/05\/inosmart-obesek-za-kljuce_SKUPNA.jpg",709,709,false],"woocommerce_thumbnail":["https:\/\/shop.inotherm.si\/wp-content\/uploads\/2023\/05\/inosmart-obesek-za-kljuce_SKUPNA-300x300.jpg",300,300,true],"woocommerce_single":["https:\/\/shop.inotherm.si\/wp-content\/uploads\/2023\/05\/inosmart-obesek-za-kljuce_SKUPNA-600x600.jpg",600,600,true],"woocommerce_gallery_thumbnail":["https:\/\/shop.inotherm.si\/wp-content\/uploads\/2023\/05\/inosmart-obesek-za-kljuce_SKUPNA-100x100.jpg",100,100,true]},"uagb_author_info":{"display_name":"gmih","author_link":"https:\/\/shop.inotherm.si\/hr\/author\/"},"uagb_comment_info":0,"uagb_excerpt":"Inosmart Bluetooth oznaka FOB za otvorena Inotherm vrata","_links":{"self":[{"href":"https:\/\/shop.inotherm.si\/hr\/wp-json\/wp\/v2\/product\/174","targetHints":{"allow":["GET"]}}],"collection":[{"href":"https:\/\/shop.inotherm.si\/hr\/wp-json\/wp\/v2\/product"}],"about":[{"href":"https:\/\/shop.inotherm.si\/hr\/wp-json\/wp\/v2\/types\/product"}],"wp:featuredmedia":[{"embeddable":true,"href":"https:\/\/shop.inotherm.si\/hr\/wp-json\/wp\/v2\/media\/272"}],"wp:attachment":[{"href":"https:\/\/shop.inotherm.si\/hr\/wp-json\/wp\/v2\/media?parent=174"}],"wp:term":[{"taxonomy":"product_brand","embeddable":true,"href":"https:\/\/shop.inotherm.si\/hr\/wp-json\/wp\/v2\/product_brand?post=174"},{"taxonomy":"product_cat","embeddable":true,"href":"https:\/\/shop.inotherm.si\/hr\/wp-json\/wp\/v2\/product_cat?post=174"},{"taxonomy":"product_tag","embeddable":true,"href":"https:\/\/shop.inotherm.si\/hr\/wp-json\/wp\/v2\/product_tag?post=174"}],"curies":[{"name":"wp","href":"https:\/\/api.w.org\/{rel}","templated":true}]}}