{"id":200,"date":"2023-05-02T12:52:44","date_gmt":"2023-05-02T12:52:44","guid":{"rendered":"https:\/\/shop.inotherm.si\/politika-zasebnosti-hr\/"},"modified":"2025-02-14T07:40:56","modified_gmt":"2025-02-14T07:40:56","slug":"politika-zasebnosti-hr","status":"publish","type":"page","link":"https:\/\/shop.inotherm.si\/hr\/politika-zasebnosti-hr\/","title":{"rendered":"Politika privatnosti"},"content":{"rendered":"\n<h1 class=\"wp-block-heading\" style=\"font-size:25px\">Pravila o za\u0161titi privatnosti<\/h1>\n\n\n\n<p><strong>1. Op\u0107e odredbe<\/strong><br>Trgovac se obvezuje \u010duvati povjerljivost osobnih podataka i privatnost korisnik\u00e2 internetske trgovine. Prikupljene osobne podatke Trgovac \u0107e upotrebljavati isklju\u010divo za pru\u017eanje usluga koje nudi. Trgovac po\u0161tuje povjerljivost osobnih podataka i privatnost korisnika internetske trgovine, stoga \u0107e u\u010diniti sve da ih za\u0161titi od bilo kakvih kr\u0161enja i zloupotreba. Osobni podatci korisnik\u00e2 jedno su od podru\u010dja kojem Trgovac pridaje iznimnu brigu i pozornost, svjestan osjetljive prirode ovog podru\u010dja.<\/p>\n\n\n\n<p><strong>2. Upotreba osobnih podataka<\/strong><br>Za potrebe pru\u017eanja usluga koje nudi, Trgovac prikuplja, vodi, obra\u0111uje i pohranjuje sljede\u0107e korisni\u010dke podatke:<\/p>\n\n\n\n<ul class=\"wp-block-list\">\n<li>ime i prezime<\/li>\n\n\n\n<li>adrese za dostavu<\/li>\n\n\n\n<li>poduze\u0107e ili naziv pravne osobe (ako je korisnik pravna osoba)<\/li>\n\n\n\n<li>porezni broj pravne osobe (ako je korisnik pravna osoba)<\/li>\n\n\n\n<li>adresa e-po\u0161te (korisni\u010dko ime)<\/li>\n\n\n\n<li>lozinka u \u0161ifriranu obliku<\/li>\n\n\n\n<li>telefonski broj za kontakt<\/li>\n\n\n\n<li>dr\u017eava prebivali\u0161ta<\/li>\n\n\n\n<li>ostale podatke koje korisnik dobrovoljno unese u obrasce u internetskoj trgovini<\/li>\n\n\n\n<li>ostale podatke koje korisnik dobrovoljno naknadno unese na svoj profil.<\/li>\n<\/ul>\n\n\n\n<p>Trgovac ne odgovara za to\u010dnost, potpunost ni a\u017eurnost podataka koje korisnici unose.<\/p>\n\n\n\n<p><strong>3. Kola\u010di\u0107i i IP adrese<\/strong><br>Trgovac svakom korisniku na po\u010detku svake upotrebe internetske trgovine dodjeljuje kola\u010di\u0107 za identifikaciju, pra\u0107enje ko\u0161arice za kupovinu i jam\u010denje pra\u0107enja (eng. \u201ecookie\u201d), koji se pohranjuje u memoriju poslu\u017eitelja samo tijekom trajanja posjeta internetske trgovine i bri\u0161e se nakon sat vremena neaktivnosti. Trgovac tako\u0111er mo\u017ee pohraniti neke trajne kola\u010di\u0107e na osobno ra\u010dunalo korisnika, npr. identifikacijski broj korisnika u \u0161ifriranu obliku za prepoznavanje tijekom sljede\u0107eg posjeta internetskoj trgovini ili ocjenjivanja proizvoda, \u0161to poma\u017ee korisniku da sazna koje je proizvode ve\u0107 ocijenio, a neizravno i kola\u010di\u0107e vanjske usluge Google Analytics, koji se upotrebljavaju za analizu posjeta web-mjesta. Trgovac mo\u017ee upotrebljavati ove podatke u anonimiziranu i sa\u017eetu obliku za potrebe statisti\u010dke analize. U svrhu jam\u010denja internetske sigurnosti, trgovac tako\u0111er prikuplja IP adrese putem kojih korisnici pristupaju internetskoj trgovini.<\/p>\n\n\n\n<p><strong>4. Izjava o za\u0161titi osobnih podataka i privatnosti korisnik\u00e2<\/strong><br>U skladu s propisima koji ure\u0111uju za\u0161titu osobnih podataka, Trgovac je du\u017ean \u0161tititi osobne podatke korisnika svoje internetske trgovine. Trgovac ni pod kojim uvjetima ne\u0107e proslje\u0111ivati osobne ili druge korisni\u010dke podatke tre\u0107oj strani niti \u0107e dopustiti tre\u0107oj strani uvid u osobne ili druge korisni\u010dke podatke, osim ako to ne zahtijevaju dr\u017eavna tijela, ako je takva obveza propisana zakonom ili u dobroj vjeri da je takvo postupanje potrebno za postupke pred sudovima ili drugim dr\u017eavnim tijelima te za za\u0161titu i ostvarivanje zakonskih interesa Trgovca.<\/p>\n\n\n\n<p>Svi osobni i drugi podatci koje korisnik navede tijekom registracije u internetskoj trgovini, kao i tijekom naru\u010divanja proizvoda, uklju\u010duju\u0107i sadr\u017eaj narud\u017ebe, bit \u0107e za\u0161ti\u0107eni u skladu s propisima koji ure\u0111uju za\u0161titu osobnih podataka. Trgovac ne\u0107e upotrebljavati ove podatke ni u koju svrhu koja bi na\u0161tetila korisniku ili bilo kojoj drugoj uklju\u010denoj osobi. Trgovac ne\u0107e upotrebljavati korisni\u010dke podatke za slanje promid\u017ebenih poruka e-po\u0161te ni drugog ne\u017eeljenog promid\u017ebenog materijala, osim za slanje onih promid\u017ebenih obavijesti na koje se korisnik prijavi ili s kojima je suglasan. Trgovac mo\u017ee podatke u anonimiziranu i sa\u017eetu obliku upotrebljavati za potrebe statisti\u010dke analize. Tajnost osobnih i drugih podataka korisnika ne\u0107e biti prekr\u0161ena ni na koji na\u010din.<\/p>\n\n\n\n<p>Prodavatelj \u0107e dostavnoj slu\u017ebi (npr. Po\u0161ta Slovenije, DHL, UPS itd.) povjeriti samo one podatke koji su potrebni za dostavu proizvoda kupljenih u internetskoj trgovini (podatke o primatelju i adresu za dostavu). Trgovac \u0107e kontaktirati korisnika putem e-po\u0161te ako je to potrebno za provedbu kupnje u internetskoj trgovini, a putem telefonskog broja za kontakt samo ako je u okviru postupka registracije odnosno kupnje u internetskoj trgovini do\u0161lo do pote\u0161ko\u0107a.<\/p>\n\n\n\n<p><strong>5. Provedba pravila o za\u0161titi privatnosti<\/strong><br>Sve osobe zaposlene kod Trgovca na neodre\u0111eno ili nepuno radno vrijeme, a koje imaju pristup osobnim i drugim podatcima korisnika, upoznate su s obvezom za\u0161tite osobnih i drugih podataka te su du\u017ene pridr\u017eavati se ovih odredbi o za\u0161titi povjerljivosti osobnih podataka i privatnosti korisnik\u00e2 internetske trgovine. Du\u017enost za\u0161tite osobnih i drugih podataka vrijedi na neodre\u0111eno vrijeme, \u010dak i nakon prestanka odnosa s Trgovcem.<\/p>\n\n\n\n<p>Registrirani korisnici mogu prestati upotrebljavati internetsku trgovinu u bilo kojem trenutku i mogu otkazati svoju registraciju. To \u010dine pisanim putem, \u010dime Trgovca izvje\u0161\u0107uju o otkazivanju registracije. Prije nego \u0161to podnese izjavu o otkazivanju registracije, korisnik je du\u017ean podmiriti sve dospjele obveze prema Trgovcu proiza\u0161le iz kupnje provedene u internetskoj trgovini. Trgovac \u0107e u okviru ovih pravila o za\u0161titi privatnosti \u010duvati povjerljivost osobnih podataka i privatnost korisnika internetske trgovine i u slu\u010daju otkazivanja registracije.<\/p>\n\n\n\n<p><strong>6. Dodatna obja\u0161njenja<\/strong><br>Ako imate pitanja, probleme ili komentare u vezi s ovim pravilima o za\u0161titi privatnosti, obratite nam se na adresu e-po\u0161te: <a href=\"mailto:shop@inotherm.si\">shop@inotherm.si<\/a><\/p>\n","protected":false},"excerpt":{"rendered":"<p>Pravila o za\u0161titi privatnosti 1. Op\u0107e odredbeTrgovac se obvezuje \u010duvati povjerljivost osobnih podataka i privatnost korisnik\u00e2 internetske trgovine. Prikupljene osobne podatke Trgovac \u0107e upotrebljavati isklju\u010divo za pru\u017eanje usluga koje nudi. Trgovac po\u0161tuje povjerljivost osobnih podataka i privatnost korisnika internetske trgovine, stoga \u0107e u\u010diniti sve da ih za\u0161titi od bilo kakvih kr\u0161enja i zloupotreba. Osobni podatci [&hellip;]<\/p>\n","protected":false},"author":1,"featured_media":0,"parent":0,"menu_order":0,"comment_status":"closed","ping_status":"closed","template":"","meta":{"_uag_custom_page_level_css":"","site-sidebar-layout":"default","site-content-layout":"boxed-container","ast-site-content-layout":"normal-width-container","site-content-style":"boxed","site-sidebar-style":"boxed","ast-global-header-display":"","ast-banner-title-visibility":"","ast-main-header-display":"","ast-hfb-above-header-display":"","ast-hfb-below-header-display":"","ast-hfb-mobile-header-display":"","site-post-title":"disabled","ast-breadcrumbs-content":"","ast-featured-img":"","footer-sml-layout":"","ast-disable-related-posts":"","theme-transparent-header-meta":"","adv-header-id-meta":"","stick-header-meta":"","header-above-stick-meta":"","header-main-stick-meta":"","header-below-stick-meta":"","astra-migrate-meta-layouts":"set","ast-page-background-enabled":"default","ast-page-background-meta":{"desktop":{"background-color":"var(--ast-global-color-4)","background-image":"","background-repeat":"repeat","background-position":"center center","background-size":"auto","background-attachment":"scroll","background-type":"","background-media":"","overlay-type":"","overlay-color":"","overlay-opacity":"","overlay-gradient":""},"tablet":{"background-color":"","background-image":"","background-repeat":"repeat","background-position":"center center","background-size":"auto","background-attachment":"scroll","background-type":"","background-media":"","overlay-type":"","overlay-color":"","overlay-opacity":"","overlay-gradient":""},"mobile":{"background-color":"","background-image":"","background-repeat":"repeat","background-position":"center center","background-size":"auto","background-attachment":"scroll","background-type":"","background-media":"","overlay-type":"","overlay-color":"","overlay-opacity":"","overlay-gradient":""}},"ast-content-background-meta":{"desktop":{"background-color":"var(--ast-global-color-5)","background-image":"","background-repeat":"repeat","background-position":"center center","background-size":"auto","background-attachment":"scroll","background-type":"","background-media":"","overlay-type":"","overlay-color":"","overlay-opacity":"","overlay-gradient":""},"tablet":{"background-color":"var(--ast-global-color-5)","background-image":"","background-repeat":"repeat","background-position":"center center","background-size":"auto","background-attachment":"scroll","background-type":"","background-media":"","overlay-type":"","overlay-color":"","overlay-opacity":"","overlay-gradient":""},"mobile":{"background-color":"var(--ast-global-color-5)","background-image":"","background-repeat":"repeat","background-position":"center center","background-size":"auto","background-attachment":"scroll","background-type":"","background-media":"","overlay-type":"","overlay-color":"","overlay-opacity":"","overlay-gradient":""}},"footnotes":""},"class_list":["post-200","page","type-page","status-publish","hentry"],"yoast_head":"<!-- This site is optimized with the Yoast SEO plugin v27.4 - https:\/\/yoast.com\/product\/yoast-seo-wordpress\/ -->\n<title>Politika privatnosti - INOTHERM eShop<\/title>\n<meta name=\"robots\" content=\"index, follow, max-snippet:-1, max-image-preview:large, max-video-preview:-1\" \/>\n<link rel=\"canonical\" href=\"https:\/\/shop.inotherm.si\/hr\/politika-zasebnosti-hr\/\" \/>\n<meta property=\"og:locale\" content=\"hr_HR\" \/>\n<meta property=\"og:type\" content=\"article\" \/>\n<meta property=\"og:title\" content=\"Politika privatnosti - INOTHERM eShop\" \/>\n<meta property=\"og:description\" content=\"Pravila o za\u0161titi privatnosti 1. Op\u0107e odredbeTrgovac se obvezuje \u010duvati povjerljivost osobnih podataka i privatnost korisnik\u00e2 internetske trgovine. Prikupljene osobne podatke Trgovac \u0107e upotrebljavati isklju\u010divo za pru\u017eanje usluga koje nudi. Trgovac po\u0161tuje povjerljivost osobnih podataka i privatnost korisnika internetske trgovine, stoga \u0107e u\u010diniti sve da ih za\u0161titi od bilo kakvih kr\u0161enja i zloupotreba. Osobni podatci [&hellip;]\" \/>\n<meta property=\"og:url\" content=\"https:\/\/shop.inotherm.si\/hr\/politika-zasebnosti-hr\/\" \/>\n<meta property=\"og:site_name\" content=\"INOTHERM eShop\" \/>\n<meta property=\"article:modified_time\" content=\"2025-02-14T07:40:56+00:00\" \/>\n<meta name=\"twitter:card\" content=\"summary_large_image\" \/>\n<meta name=\"twitter:label1\" content=\"Procijenjeno vrijeme \u010ditanja\" \/>\n\t<meta name=\"twitter:data1\" content=\"5 minuta\" \/>\n<script type=\"application\/ld+json\" class=\"yoast-schema-graph\">{\"@context\":\"https:\\\/\\\/schema.org\",\"@graph\":[{\"@type\":\"WebPage\",\"@id\":\"https:\\\/\\\/shop.inotherm.si\\\/hr\\\/politika-zasebnosti-hr\\\/\",\"url\":\"https:\\\/\\\/shop.inotherm.si\\\/hr\\\/politika-zasebnosti-hr\\\/\",\"name\":\"Politika privatnosti - INOTHERM eShop\",\"isPartOf\":{\"@id\":\"https:\\\/\\\/shop.inotherm.si\\\/hr\\\/#website\"},\"datePublished\":\"2023-05-02T12:52:44+00:00\",\"dateModified\":\"2025-02-14T07:40:56+00:00\",\"breadcrumb\":{\"@id\":\"https:\\\/\\\/shop.inotherm.si\\\/hr\\\/politika-zasebnosti-hr\\\/#breadcrumb\"},\"inLanguage\":\"hr\",\"potentialAction\":[{\"@type\":\"ReadAction\",\"target\":[\"https:\\\/\\\/shop.inotherm.si\\\/hr\\\/politika-zasebnosti-hr\\\/\"]}]},{\"@type\":\"BreadcrumbList\",\"@id\":\"https:\\\/\\\/shop.inotherm.si\\\/hr\\\/politika-zasebnosti-hr\\\/#breadcrumb\",\"itemListElement\":[{\"@type\":\"ListItem\",\"position\":1,\"name\":\"Home\",\"item\":\"https:\\\/\\\/shop.inosmart.info\\\/hr\\\/\"},{\"@type\":\"ListItem\",\"position\":2,\"name\":\"Politika privatnosti\"}]},{\"@type\":\"WebSite\",\"@id\":\"https:\\\/\\\/shop.inotherm.si\\\/hr\\\/#website\",\"url\":\"https:\\\/\\\/shop.inotherm.si\\\/hr\\\/\",\"name\":\"INOTHERM eShop\",\"description\":\"Online shop by Inotherm\",\"publisher\":{\"@id\":\"https:\\\/\\\/shop.inotherm.si\\\/hr\\\/#organization\"},\"potentialAction\":[{\"@type\":\"SearchAction\",\"target\":{\"@type\":\"EntryPoint\",\"urlTemplate\":\"https:\\\/\\\/shop.inotherm.si\\\/hr\\\/?s={search_term_string}\"},\"query-input\":{\"@type\":\"PropertyValueSpecification\",\"valueRequired\":true,\"valueName\":\"search_term_string\"}}],\"inLanguage\":\"hr\"},{\"@type\":\"Organization\",\"@id\":\"https:\\\/\\\/shop.inotherm.si\\\/hr\\\/#organization\",\"name\":\"INOTHERM eShop\",\"url\":\"https:\\\/\\\/shop.inotherm.si\\\/hr\\\/\",\"logo\":{\"@type\":\"ImageObject\",\"inLanguage\":\"hr\",\"@id\":\"https:\\\/\\\/shop.inotherm.si\\\/hr\\\/#\\\/schema\\\/logo\\\/image\\\/\",\"url\":\"https:\\\/\\\/shop.inotherm.si\\\/wp-content\\\/uploads\\\/2024\\\/06\\\/INOTHERM_LOGO_WEB.jpg\",\"contentUrl\":\"https:\\\/\\\/shop.inotherm.si\\\/wp-content\\\/uploads\\\/2024\\\/06\\\/INOTHERM_LOGO_WEB.jpg\",\"width\":500,\"height\":70,\"caption\":\"INOTHERM eShop\"},\"image\":{\"@id\":\"https:\\\/\\\/shop.inotherm.si\\\/hr\\\/#\\\/schema\\\/logo\\\/image\\\/\"}}]}<\/script>\n<!-- \/ Yoast SEO plugin. -->","yoast_head_json":{"title":"Politika privatnosti - INOTHERM eShop","robots":{"index":"index","follow":"follow","max-snippet":"max-snippet:-1","max-image-preview":"max-image-preview:large","max-video-preview":"max-video-preview:-1"},"canonical":"https:\/\/shop.inotherm.si\/hr\/politika-zasebnosti-hr\/","og_locale":"hr_HR","og_type":"article","og_title":"Politika privatnosti - INOTHERM eShop","og_description":"Pravila o za\u0161titi privatnosti 1. Op\u0107e odredbeTrgovac se obvezuje \u010duvati povjerljivost osobnih podataka i privatnost korisnik\u00e2 internetske trgovine. Prikupljene osobne podatke Trgovac \u0107e upotrebljavati isklju\u010divo za pru\u017eanje usluga koje nudi. Trgovac po\u0161tuje povjerljivost osobnih podataka i privatnost korisnika internetske trgovine, stoga \u0107e u\u010diniti sve da ih za\u0161titi od bilo kakvih kr\u0161enja i zloupotreba. Osobni podatci [&hellip;]","og_url":"https:\/\/shop.inotherm.si\/hr\/politika-zasebnosti-hr\/","og_site_name":"INOTHERM eShop","article_modified_time":"2025-02-14T07:40:56+00:00","twitter_card":"summary_large_image","twitter_misc":{"Procijenjeno vrijeme \u010ditanja":"5 minuta"},"schema":{"@context":"https:\/\/schema.org","@graph":[{"@type":"WebPage","@id":"https:\/\/shop.inotherm.si\/hr\/politika-zasebnosti-hr\/","url":"https:\/\/shop.inotherm.si\/hr\/politika-zasebnosti-hr\/","name":"Politika privatnosti - INOTHERM eShop","isPartOf":{"@id":"https:\/\/shop.inotherm.si\/hr\/#website"},"datePublished":"2023-05-02T12:52:44+00:00","dateModified":"2025-02-14T07:40:56+00:00","breadcrumb":{"@id":"https:\/\/shop.inotherm.si\/hr\/politika-zasebnosti-hr\/#breadcrumb"},"inLanguage":"hr","potentialAction":[{"@type":"ReadAction","target":["https:\/\/shop.inotherm.si\/hr\/politika-zasebnosti-hr\/"]}]},{"@type":"BreadcrumbList","@id":"https:\/\/shop.inotherm.si\/hr\/politika-zasebnosti-hr\/#breadcrumb","itemListElement":[{"@type":"ListItem","position":1,"name":"Home","item":"https:\/\/shop.inosmart.info\/hr\/"},{"@type":"ListItem","position":2,"name":"Politika privatnosti"}]},{"@type":"WebSite","@id":"https:\/\/shop.inotherm.si\/hr\/#website","url":"https:\/\/shop.inotherm.si\/hr\/","name":"INOTHERM eShop","description":"Online shop by Inotherm","publisher":{"@id":"https:\/\/shop.inotherm.si\/hr\/#organization"},"potentialAction":[{"@type":"SearchAction","target":{"@type":"EntryPoint","urlTemplate":"https:\/\/shop.inotherm.si\/hr\/?s={search_term_string}"},"query-input":{"@type":"PropertyValueSpecification","valueRequired":true,"valueName":"search_term_string"}}],"inLanguage":"hr"},{"@type":"Organization","@id":"https:\/\/shop.inotherm.si\/hr\/#organization","name":"INOTHERM eShop","url":"https:\/\/shop.inotherm.si\/hr\/","logo":{"@type":"ImageObject","inLanguage":"hr","@id":"https:\/\/shop.inotherm.si\/hr\/#\/schema\/logo\/image\/","url":"https:\/\/shop.inotherm.si\/wp-content\/uploads\/2024\/06\/INOTHERM_LOGO_WEB.jpg","contentUrl":"https:\/\/shop.inotherm.si\/wp-content\/uploads\/2024\/06\/INOTHERM_LOGO_WEB.jpg","width":500,"height":70,"caption":"INOTHERM eShop"},"image":{"@id":"https:\/\/shop.inotherm.si\/hr\/#\/schema\/logo\/image\/"}}]}},"uagb_featured_image_src":{"full":false,"thumbnail":false,"medium":false,"medium_large":false,"large":false,"1536x1536":false,"2048x2048":false,"woocommerce_thumbnail":false,"woocommerce_single":false,"woocommerce_gallery_thumbnail":false},"uagb_author_info":{"display_name":"gmih","author_link":"https:\/\/shop.inotherm.si\/hr\/author\/gmih\/"},"uagb_comment_info":0,"uagb_excerpt":"Pravila o za\u0161titi privatnosti 1. Op\u0107e odredbeTrgovac se obvezuje \u010duvati povjerljivost osobnih podataka i privatnost korisnik\u00e2 internetske trgovine. Prikupljene osobne podatke Trgovac \u0107e upotrebljavati isklju\u010divo za pru\u017eanje usluga koje nudi. Trgovac po\u0161tuje povjerljivost osobnih podataka i privatnost korisnika internetske trgovine, stoga \u0107e u\u010diniti sve da ih za\u0161titi od bilo kakvih kr\u0161enja i zloupotreba. Osobni podatci&hellip;","_links":{"self":[{"href":"https:\/\/shop.inotherm.si\/hr\/wp-json\/wp\/v2\/pages\/200","targetHints":{"allow":["GET"]}}],"collection":[{"href":"https:\/\/shop.inotherm.si\/hr\/wp-json\/wp\/v2\/pages"}],"about":[{"href":"https:\/\/shop.inotherm.si\/hr\/wp-json\/wp\/v2\/types\/page"}],"author":[{"embeddable":true,"href":"https:\/\/shop.inotherm.si\/hr\/wp-json\/wp\/v2\/users\/1"}],"replies":[{"embeddable":true,"href":"https:\/\/shop.inotherm.si\/hr\/wp-json\/wp\/v2\/comments?post=200"}],"version-history":[{"count":0,"href":"https:\/\/shop.inotherm.si\/hr\/wp-json\/wp\/v2\/pages\/200\/revisions"}],"wp:attachment":[{"href":"https:\/\/shop.inotherm.si\/hr\/wp-json\/wp\/v2\/media?parent=200"}],"curies":[{"name":"wp","href":"https:\/\/api.w.org\/{rel}","templated":true}]}}