{"id":809,"date":"2024-06-06T11:58:39","date_gmt":"2024-06-06T11:58:39","guid":{"rendered":"https:\/\/shop.inotherm.si\/product\/passerelle-inosmart\/"},"modified":"2026-02-10T13:40:57","modified_gmt":"2026-02-10T13:40:57","slug":"passerelle-inosmart","status":"publish","type":"product","link":"https:\/\/shop.inotherm.si\/fr\/produit\/passerelle-inosmart\/","title":{"rendered":"Passerelle Inosmart"},"content":{"rendered":"<ul>\n<li>D\u00e9verrouillage \u00e0 distance via votre smartphone.<\/li>\n<li>Contr\u00f4le \u00e0 distance de l&rsquo;Inosmart, id\u00e9al pour la location de biens immobiliers et autres applications similaires. Utile notamment pour la location de biens immobiliers et autres.<\/li>\n<li>2 relais suppl\u00e9mentaires pour connecter des appareils externes.<\/li>\n<li>Connexion pour capteur de porte ouverte\/ferm\u00e9e.<\/li>\n<li>Connexion \u00e0 un r\u00e9seau Internet via wifi ou LAN.<\/li>\n<li>Alimentation 24V.<\/li>\n<li>Montage sur rail DIN.<\/li>\n<\/ul>\n<p>Remarque : l\u2019unit\u00e9 de contr\u00f4le Bluetooth v2 est n\u00e9cessaire pour fonctionner !<\/p>\n","protected":false},"excerpt":{"rendered":"<p>&nbsp;<\/p>\n<p>Inosmart Gateway, module suppl\u00e9mentaire pour les syst\u00e8mes Inosmart<\/p>\n","protected":false},"featured_media":779,"template":"","meta":{"_uag_custom_page_level_css":"","site-sidebar-layout":"default","site-content-layout":"","ast-site-content-layout":"default","site-content-style":"default","site-sidebar-style":"default","ast-global-header-display":"","ast-banner-title-visibility":"","ast-main-header-display":"","ast-hfb-above-header-display":"","ast-hfb-below-header-display":"","ast-hfb-mobile-header-display":"","site-post-title":"","ast-breadcrumbs-content":"","ast-featured-img":"","footer-sml-layout":"","ast-disable-related-posts":"","theme-transparent-header-meta":"default","adv-header-id-meta":"","stick-header-meta":"","header-above-stick-meta":"","header-main-stick-meta":"","header-below-stick-meta":"","astra-migrate-meta-layouts":"set","ast-page-background-enabled":"default","ast-page-background-meta":{"desktop":{"background-color":"var(--ast-global-color-4)","background-image":"","background-repeat":"repeat","background-position":"center center","background-size":"auto","background-attachment":"scroll","background-type":"","background-media":"","overlay-type":"","overlay-color":"","overlay-opacity":"","overlay-gradient":""},"tablet":{"background-color":"","background-image":"","background-repeat":"repeat","background-position":"center center","background-size":"auto","background-attachment":"scroll","background-type":"","background-media":"","overlay-type":"","overlay-color":"","overlay-opacity":"","overlay-gradient":""},"mobile":{"background-color":"","background-image":"","background-repeat":"repeat","background-position":"center center","background-size":"auto","background-attachment":"scroll","background-type":"","background-media":"","overlay-type":"","overlay-color":"","overlay-opacity":"","overlay-gradient":""}},"ast-content-background-meta":{"desktop":{"background-color":"var(--ast-global-color-5)","background-image":"","background-repeat":"repeat","background-position":"center center","background-size":"auto","background-attachment":"scroll","background-type":"","background-media":"","overlay-type":"","overlay-color":"","overlay-opacity":"","overlay-gradient":""},"tablet":{"background-color":"var(--ast-global-color-5)","background-image":"","background-repeat":"repeat","background-position":"center center","background-size":"auto","background-attachment":"scroll","background-type":"","background-media":"","overlay-type":"","overlay-color":"","overlay-opacity":"","overlay-gradient":""},"mobile":{"background-color":"var(--ast-global-color-5)","background-image":"","background-repeat":"repeat","background-position":"center center","background-size":"auto","background-attachment":"scroll","background-type":"","background-media":"","overlay-type":"","overlay-color":"","overlay-opacity":"","overlay-gradient":""}}},"product_brand":[],"product_cat":[44],"product_tag":[],"class_list":{"0":"post-809","1":"product","2":"type-product","3":"status-publish","4":"has-post-thumbnail","6":"product_cat-inosmart","7":"desktop-align-center","8":"tablet-align-left","9":"mobile-align-left","10":"ast-product-gallery-layout-first-image-large","11":"ast-product-gallery-with-no-image","12":"ast-product-tabs-layout-horizontal","14":"first","15":"instock","16":"taxable","17":"shipping-taxable","18":"purchasable","19":"product-type-simple"},"yoast_head":"<!-- This site is optimized with the Yoast SEO plugin v27.4 - https:\/\/yoast.com\/product\/yoast-seo-wordpress\/ -->\n<title>Passerelle Inosmart - INOTHERM eShop<\/title>\n<meta name=\"robots\" content=\"index, follow, max-snippet:-1, max-image-preview:large, max-video-preview:-1\" \/>\n<link rel=\"canonical\" href=\"https:\/\/shop.inotherm.si\/fr\/produit\/passerelle-inosmart\/\" \/>\n<meta property=\"og:locale\" content=\"fr_FR\" \/>\n<meta property=\"og:type\" content=\"article\" \/>\n<meta property=\"og:title\" content=\"Passerelle Inosmart - INOTHERM eShop\" \/>\n<meta property=\"og:description\" content=\"&nbsp;  Inosmart Gateway, module suppl\u00e9mentaire pour les syst\u00e8mes Inosmart\" \/>\n<meta property=\"og:url\" content=\"https:\/\/shop.inotherm.si\/fr\/produit\/passerelle-inosmart\/\" \/>\n<meta property=\"og:site_name\" content=\"INOTHERM eShop\" \/>\n<meta property=\"article:modified_time\" content=\"2026-02-10T13:40:57+00:00\" \/>\n<meta property=\"og:image\" content=\"https:\/\/shop.inotherm.si\/wp-content\/uploads\/2024\/06\/inosmart-gateway.jpg\" \/>\n\t<meta property=\"og:image:width\" content=\"1272\" \/>\n\t<meta property=\"og:image:height\" content=\"1272\" \/>\n\t<meta property=\"og:image:type\" content=\"image\/jpeg\" \/>\n<meta name=\"twitter:card\" content=\"summary_large_image\" \/>\n<meta name=\"twitter:label1\" content=\"Dur\u00e9e de lecture estim\u00e9e\" \/>\n\t<meta name=\"twitter:data1\" content=\"1 minute\" \/>\n<script type=\"application\/ld+json\" class=\"yoast-schema-graph\">{\"@context\":\"https:\\\/\\\/schema.org\",\"@graph\":[{\"@type\":\"WebPage\",\"@id\":\"https:\\\/\\\/shop.inotherm.si\\\/fr\\\/produit\\\/passerelle-inosmart\\\/\",\"url\":\"https:\\\/\\\/shop.inotherm.si\\\/fr\\\/produit\\\/passerelle-inosmart\\\/\",\"name\":\"Passerelle Inosmart - INOTHERM eShop\",\"isPartOf\":{\"@id\":\"https:\\\/\\\/shop.inotherm.si\\\/fr\\\/#website\"},\"primaryImageOfPage\":{\"@id\":\"https:\\\/\\\/shop.inotherm.si\\\/fr\\\/produit\\\/passerelle-inosmart\\\/#primaryimage\"},\"image\":{\"@id\":\"https:\\\/\\\/shop.inotherm.si\\\/fr\\\/produit\\\/passerelle-inosmart\\\/#primaryimage\"},\"thumbnailUrl\":\"https:\\\/\\\/shop.inotherm.si\\\/wp-content\\\/uploads\\\/2024\\\/06\\\/inosmart-gateway.jpg\",\"datePublished\":\"2024-06-06T11:58:39+00:00\",\"dateModified\":\"2026-02-10T13:40:57+00:00\",\"breadcrumb\":{\"@id\":\"https:\\\/\\\/shop.inotherm.si\\\/fr\\\/produit\\\/passerelle-inosmart\\\/#breadcrumb\"},\"inLanguage\":\"fr-FR\",\"potentialAction\":[{\"@type\":\"ReadAction\",\"target\":[\"https:\\\/\\\/shop.inotherm.si\\\/fr\\\/produit\\\/passerelle-inosmart\\\/\"]}]},{\"@type\":\"ImageObject\",\"inLanguage\":\"fr-FR\",\"@id\":\"https:\\\/\\\/shop.inotherm.si\\\/fr\\\/produit\\\/passerelle-inosmart\\\/#primaryimage\",\"url\":\"https:\\\/\\\/shop.inotherm.si\\\/wp-content\\\/uploads\\\/2024\\\/06\\\/inosmart-gateway.jpg\",\"contentUrl\":\"https:\\\/\\\/shop.inotherm.si\\\/wp-content\\\/uploads\\\/2024\\\/06\\\/inosmart-gateway.jpg\",\"width\":1272,\"height\":1272},{\"@type\":\"BreadcrumbList\",\"@id\":\"https:\\\/\\\/shop.inotherm.si\\\/fr\\\/produit\\\/passerelle-inosmart\\\/#breadcrumb\",\"itemListElement\":[{\"@type\":\"ListItem\",\"position\":1,\"name\":\"Home\",\"item\":\"https:\\\/\\\/shop.inosmart.info\\\/fr\\\/boutique\\\/\"},{\"@type\":\"ListItem\",\"position\":2,\"name\":\"Boutique\",\"item\":\"https:\\\/\\\/shop.inosmart.info\\\/fr\\\/boutique\\\/\"},{\"@type\":\"ListItem\",\"position\":3,\"name\":\"Passerelle Inosmart\"}]},{\"@type\":\"WebSite\",\"@id\":\"https:\\\/\\\/shop.inotherm.si\\\/fr\\\/#website\",\"url\":\"https:\\\/\\\/shop.inotherm.si\\\/fr\\\/\",\"name\":\"INOTHERM eShop\",\"description\":\"Online shop by Inotherm\",\"publisher\":{\"@id\":\"https:\\\/\\\/shop.inotherm.si\\\/fr\\\/#organization\"},\"potentialAction\":[{\"@type\":\"SearchAction\",\"target\":{\"@type\":\"EntryPoint\",\"urlTemplate\":\"https:\\\/\\\/shop.inotherm.si\\\/fr\\\/?s={search_term_string}\"},\"query-input\":{\"@type\":\"PropertyValueSpecification\",\"valueRequired\":true,\"valueName\":\"search_term_string\"}}],\"inLanguage\":\"fr-FR\"},{\"@type\":\"Organization\",\"@id\":\"https:\\\/\\\/shop.inotherm.si\\\/fr\\\/#organization\",\"name\":\"INOTHERM eShop\",\"url\":\"https:\\\/\\\/shop.inotherm.si\\\/fr\\\/\",\"logo\":{\"@type\":\"ImageObject\",\"inLanguage\":\"fr-FR\",\"@id\":\"https:\\\/\\\/shop.inotherm.si\\\/fr\\\/#\\\/schema\\\/logo\\\/image\\\/\",\"url\":\"https:\\\/\\\/shop.inotherm.si\\\/wp-content\\\/uploads\\\/2024\\\/06\\\/INOTHERM_LOGO_WEB.jpg\",\"contentUrl\":\"https:\\\/\\\/shop.inotherm.si\\\/wp-content\\\/uploads\\\/2024\\\/06\\\/INOTHERM_LOGO_WEB.jpg\",\"width\":500,\"height\":70,\"caption\":\"INOTHERM eShop\"},\"image\":{\"@id\":\"https:\\\/\\\/shop.inotherm.si\\\/fr\\\/#\\\/schema\\\/logo\\\/image\\\/\"}}]}<\/script>\n<!-- \/ Yoast SEO plugin. -->","yoast_head_json":{"title":"Passerelle Inosmart - INOTHERM eShop","robots":{"index":"index","follow":"follow","max-snippet":"max-snippet:-1","max-image-preview":"max-image-preview:large","max-video-preview":"max-video-preview:-1"},"canonical":"https:\/\/shop.inotherm.si\/fr\/produit\/passerelle-inosmart\/","og_locale":"fr_FR","og_type":"article","og_title":"Passerelle Inosmart - INOTHERM eShop","og_description":"&nbsp;  Inosmart Gateway, module suppl\u00e9mentaire pour les syst\u00e8mes Inosmart","og_url":"https:\/\/shop.inotherm.si\/fr\/produit\/passerelle-inosmart\/","og_site_name":"INOTHERM eShop","article_modified_time":"2026-02-10T13:40:57+00:00","og_image":[{"width":1272,"height":1272,"url":"https:\/\/shop.inotherm.si\/wp-content\/uploads\/2024\/06\/inosmart-gateway.jpg","type":"image\/jpeg"}],"twitter_card":"summary_large_image","twitter_misc":{"Dur\u00e9e de lecture estim\u00e9e":"1 minute"},"schema":{"@context":"https:\/\/schema.org","@graph":[{"@type":"WebPage","@id":"https:\/\/shop.inotherm.si\/fr\/produit\/passerelle-inosmart\/","url":"https:\/\/shop.inotherm.si\/fr\/produit\/passerelle-inosmart\/","name":"Passerelle Inosmart - INOTHERM eShop","isPartOf":{"@id":"https:\/\/shop.inotherm.si\/fr\/#website"},"primaryImageOfPage":{"@id":"https:\/\/shop.inotherm.si\/fr\/produit\/passerelle-inosmart\/#primaryimage"},"image":{"@id":"https:\/\/shop.inotherm.si\/fr\/produit\/passerelle-inosmart\/#primaryimage"},"thumbnailUrl":"https:\/\/shop.inotherm.si\/wp-content\/uploads\/2024\/06\/inosmart-gateway.jpg","datePublished":"2024-06-06T11:58:39+00:00","dateModified":"2026-02-10T13:40:57+00:00","breadcrumb":{"@id":"https:\/\/shop.inotherm.si\/fr\/produit\/passerelle-inosmart\/#breadcrumb"},"inLanguage":"fr-FR","potentialAction":[{"@type":"ReadAction","target":["https:\/\/shop.inotherm.si\/fr\/produit\/passerelle-inosmart\/"]}]},{"@type":"ImageObject","inLanguage":"fr-FR","@id":"https:\/\/shop.inotherm.si\/fr\/produit\/passerelle-inosmart\/#primaryimage","url":"https:\/\/shop.inotherm.si\/wp-content\/uploads\/2024\/06\/inosmart-gateway.jpg","contentUrl":"https:\/\/shop.inotherm.si\/wp-content\/uploads\/2024\/06\/inosmart-gateway.jpg","width":1272,"height":1272},{"@type":"BreadcrumbList","@id":"https:\/\/shop.inotherm.si\/fr\/produit\/passerelle-inosmart\/#breadcrumb","itemListElement":[{"@type":"ListItem","position":1,"name":"Home","item":"https:\/\/shop.inosmart.info\/fr\/boutique\/"},{"@type":"ListItem","position":2,"name":"Boutique","item":"https:\/\/shop.inosmart.info\/fr\/boutique\/"},{"@type":"ListItem","position":3,"name":"Passerelle Inosmart"}]},{"@type":"WebSite","@id":"https:\/\/shop.inotherm.si\/fr\/#website","url":"https:\/\/shop.inotherm.si\/fr\/","name":"INOTHERM eShop","description":"Online shop by Inotherm","publisher":{"@id":"https:\/\/shop.inotherm.si\/fr\/#organization"},"potentialAction":[{"@type":"SearchAction","target":{"@type":"EntryPoint","urlTemplate":"https:\/\/shop.inotherm.si\/fr\/?s={search_term_string}"},"query-input":{"@type":"PropertyValueSpecification","valueRequired":true,"valueName":"search_term_string"}}],"inLanguage":"fr-FR"},{"@type":"Organization","@id":"https:\/\/shop.inotherm.si\/fr\/#organization","name":"INOTHERM eShop","url":"https:\/\/shop.inotherm.si\/fr\/","logo":{"@type":"ImageObject","inLanguage":"fr-FR","@id":"https:\/\/shop.inotherm.si\/fr\/#\/schema\/logo\/image\/","url":"https:\/\/shop.inotherm.si\/wp-content\/uploads\/2024\/06\/INOTHERM_LOGO_WEB.jpg","contentUrl":"https:\/\/shop.inotherm.si\/wp-content\/uploads\/2024\/06\/INOTHERM_LOGO_WEB.jpg","width":500,"height":70,"caption":"INOTHERM eShop"},"image":{"@id":"https:\/\/shop.inotherm.si\/fr\/#\/schema\/logo\/image\/"}}]}},"uagb_featured_image_src":{"full":["https:\/\/shop.inotherm.si\/wp-content\/uploads\/2024\/06\/inosmart-gateway.jpg",1272,1272,false],"thumbnail":["https:\/\/shop.inotherm.si\/wp-content\/uploads\/2024\/06\/inosmart-gateway-150x150.jpg",150,150,true],"medium":["https:\/\/shop.inotherm.si\/wp-content\/uploads\/2024\/06\/inosmart-gateway-300x300.jpg",300,300,true],"medium_large":["https:\/\/shop.inotherm.si\/wp-content\/uploads\/2024\/06\/inosmart-gateway-768x768.jpg",768,768,true],"large":["https:\/\/shop.inotherm.si\/wp-content\/uploads\/2024\/06\/inosmart-gateway-1024x1024.jpg",1024,1024,true],"1536x1536":["https:\/\/shop.inotherm.si\/wp-content\/uploads\/2024\/06\/inosmart-gateway.jpg",1272,1272,false],"2048x2048":["https:\/\/shop.inotherm.si\/wp-content\/uploads\/2024\/06\/inosmart-gateway.jpg",1272,1272,false],"woocommerce_thumbnail":["https:\/\/shop.inotherm.si\/wp-content\/uploads\/2024\/06\/inosmart-gateway-300x300.jpg",300,300,true],"woocommerce_single":["https:\/\/shop.inotherm.si\/wp-content\/uploads\/2024\/06\/inosmart-gateway-600x600.jpg",600,600,true],"woocommerce_gallery_thumbnail":["https:\/\/shop.inotherm.si\/wp-content\/uploads\/2024\/06\/inosmart-gateway-100x100.jpg",100,100,true]},"uagb_author_info":{"display_name":"gmih","author_link":"https:\/\/shop.inotherm.si\/fr\/author\/"},"uagb_comment_info":0,"uagb_excerpt":"&nbsp; Inosmart Gateway, module suppl\u00e9mentaire pour les syst\u00e8mes Inosmart","_links":{"self":[{"href":"https:\/\/shop.inotherm.si\/fr\/wp-json\/wp\/v2\/product\/809","targetHints":{"allow":["GET"]}}],"collection":[{"href":"https:\/\/shop.inotherm.si\/fr\/wp-json\/wp\/v2\/product"}],"about":[{"href":"https:\/\/shop.inotherm.si\/fr\/wp-json\/wp\/v2\/types\/product"}],"wp:featuredmedia":[{"embeddable":true,"href":"https:\/\/shop.inotherm.si\/fr\/wp-json\/wp\/v2\/media\/779"}],"wp:attachment":[{"href":"https:\/\/shop.inotherm.si\/fr\/wp-json\/wp\/v2\/media?parent=809"}],"wp:term":[{"taxonomy":"product_brand","embeddable":true,"href":"https:\/\/shop.inotherm.si\/fr\/wp-json\/wp\/v2\/product_brand?post=809"},{"taxonomy":"product_cat","embeddable":true,"href":"https:\/\/shop.inotherm.si\/fr\/wp-json\/wp\/v2\/product_cat?post=809"},{"taxonomy":"product_tag","embeddable":true,"href":"https:\/\/shop.inotherm.si\/fr\/wp-json\/wp\/v2\/product_tag?post=809"}],"curies":[{"name":"wp","href":"https:\/\/api.w.org\/{rel}","templated":true}]}}