{"id":803,"date":"2024-06-06T12:09:21","date_gmt":"2024-06-06T12:09:21","guid":{"rendered":"https:\/\/shop.inotherm.si\/product\/passerelle-inosmart-unite-de-controle-v2\/"},"modified":"2025-02-12T13:54:44","modified_gmt":"2025-02-12T13:54:44","slug":"passerelle-inosmart-unite-de-controle-v2","status":"publish","type":"product","link":"https:\/\/shop.inotherm.si\/fr\/produit\/passerelle-inosmart-unite-de-controle-v2\/","title":{"rendered":"Passerelle Inosmart + Unit\u00e9 de contr\u00f4le v2"},"content":{"rendered":"<ul>\n<li>D\u00e9verrouillage \u00e0 distance via votre smartphone.<\/li>\n<li>Contr\u00f4le \u00e0 distance de l&rsquo;Inosmart, id\u00e9al pour la location de biens immobiliers et autres applications similaires. Utile notamment pour la location de biens immobiliers et autres.<\/li>\n<li>Interface MQTT pour une int\u00e9gration avec des syst\u00e8mes de domotique.<\/li>\n<li>2 relais suppl\u00e9mentaires pour connecter des appareils externes.<\/li>\n<li>Connexion pour capteur de porte ouverte\/ferm\u00e9e.<\/li>\n<li>Connexion \u00e0 un r\u00e9seau Internet via wifi ou LAN.<\/li>\n<li>Alimentation 24V.<\/li>\n<li>Montage sur rail DIN.<\/li>\n<\/ul>\n<p>Le kit d\u2019unit\u00e9 de contr\u00f4le v2 est destin\u00e9 aux utilisateurs d\u2019une unit\u00e9 de contr\u00f4le Wifi ou d\u2019une unit\u00e9 de contr\u00f4le Bluetooth v1.<\/p>\n","protected":false},"excerpt":{"rendered":"<p>D\u00e9verrouillage \u00e0 distance via votre smartphone. Contr\u00f4le \u00e0 distance de l&rsquo;Inosmart, id\u00e9al pour la location de biens immobiliers et autres applications similaires. Utile notamment pour la location de biens immobiliers et autres. Interface MQTT pour une int\u00e9gration avec des syst\u00e8mes de domotique. 2 relais suppl\u00e9mentaires pour connecter des appareils externes. Connexion pour capteur de porte [&hellip;]<\/p>\n","protected":false},"featured_media":773,"template":"","meta":{"_uag_custom_page_level_css":"","site-sidebar-layout":"default","site-content-layout":"","ast-site-content-layout":"default","site-content-style":"default","site-sidebar-style":"default","ast-global-header-display":"","ast-banner-title-visibility":"","ast-main-header-display":"","ast-hfb-above-header-display":"","ast-hfb-below-header-display":"","ast-hfb-mobile-header-display":"","site-post-title":"","ast-breadcrumbs-content":"","ast-featured-img":"","footer-sml-layout":"","ast-disable-related-posts":"","theme-transparent-header-meta":"default","adv-header-id-meta":"","stick-header-meta":"","header-above-stick-meta":"","header-main-stick-meta":"","header-below-stick-meta":"","astra-migrate-meta-layouts":"default","ast-page-background-enabled":"default","ast-page-background-meta":{"desktop":{"background-color":"var(--ast-global-color-4)","background-image":"","background-repeat":"repeat","background-position":"center center","background-size":"auto","background-attachment":"scroll","background-type":"","background-media":"","overlay-type":"","overlay-color":"","overlay-opacity":"","overlay-gradient":""},"tablet":{"background-color":"","background-image":"","background-repeat":"repeat","background-position":"center center","background-size":"auto","background-attachment":"scroll","background-type":"","background-media":"","overlay-type":"","overlay-color":"","overlay-opacity":"","overlay-gradient":""},"mobile":{"background-color":"","background-image":"","background-repeat":"repeat","background-position":"center center","background-size":"auto","background-attachment":"scroll","background-type":"","background-media":"","overlay-type":"","overlay-color":"","overlay-opacity":"","overlay-gradient":""}},"ast-content-background-meta":{"desktop":{"background-color":"var(--ast-global-color-5)","background-image":"","background-repeat":"repeat","background-position":"center center","background-size":"auto","background-attachment":"scroll","background-type":"","background-media":"","overlay-type":"","overlay-color":"","overlay-opacity":"","overlay-gradient":""},"tablet":{"background-color":"var(--ast-global-color-5)","background-image":"","background-repeat":"repeat","background-position":"center center","background-size":"auto","background-attachment":"scroll","background-type":"","background-media":"","overlay-type":"","overlay-color":"","overlay-opacity":"","overlay-gradient":""},"mobile":{"background-color":"var(--ast-global-color-5)","background-image":"","background-repeat":"repeat","background-position":"center center","background-size":"auto","background-attachment":"scroll","background-type":"","background-media":"","overlay-type":"","overlay-color":"","overlay-opacity":"","overlay-gradient":""}}},"product_brand":[],"product_cat":[44],"product_tag":[],"class_list":{"0":"post-803","1":"product","2":"type-product","3":"status-publish","4":"has-post-thumbnail","6":"product_cat-inosmart","7":"desktop-align-center","8":"tablet-align-left","9":"mobile-align-left","10":"ast-product-gallery-layout-first-image-large","11":"ast-product-gallery-with-no-image","12":"ast-product-tabs-layout-horizontal","14":"first","15":"instock","16":"taxable","17":"shipping-taxable","18":"purchasable","19":"product-type-simple"},"yoast_head":"<!-- This site is optimized with the Yoast SEO plugin v27.4 - https:\/\/yoast.com\/product\/yoast-seo-wordpress\/ -->\n<title>Passerelle Inosmart + Unit\u00e9 de contr\u00f4le v2 - INOTHERM eShop<\/title>\n<meta name=\"robots\" content=\"index, follow, max-snippet:-1, max-image-preview:large, max-video-preview:-1\" \/>\n<link rel=\"canonical\" href=\"https:\/\/shop.inotherm.si\/fr\/produit\/passerelle-inosmart-unite-de-controle-v2\/\" \/>\n<meta property=\"og:locale\" content=\"fr_FR\" \/>\n<meta property=\"og:type\" content=\"article\" \/>\n<meta property=\"og:title\" content=\"Passerelle Inosmart + Unit\u00e9 de contr\u00f4le v2 - INOTHERM eShop\" \/>\n<meta property=\"og:description\" content=\"D\u00e9verrouillage \u00e0 distance via votre smartphone. Contr\u00f4le \u00e0 distance de l&rsquo;Inosmart, id\u00e9al pour la location de biens immobiliers et autres applications similaires. Utile notamment pour la location de biens immobiliers et autres. Interface MQTT pour une int\u00e9gration avec des syst\u00e8mes de domotique. 2 relais suppl\u00e9mentaires pour connecter des appareils externes. Connexion pour capteur de porte [&hellip;]\" \/>\n<meta property=\"og:url\" content=\"https:\/\/shop.inotherm.si\/fr\/produit\/passerelle-inosmart-unite-de-controle-v2\/\" \/>\n<meta property=\"og:site_name\" content=\"INOTHERM eShop\" \/>\n<meta property=\"article:modified_time\" content=\"2025-02-12T13:54:44+00:00\" \/>\n<meta property=\"og:image\" content=\"https:\/\/shop.inotherm.si\/wp-content\/uploads\/2024\/06\/5B4A1996-e.jpg.webp\" \/>\n\t<meta property=\"og:image:width\" content=\"1024\" \/>\n\t<meta property=\"og:image:height\" content=\"1024\" \/>\n\t<meta property=\"og:image:type\" content=\"image\/webp\" \/>\n<meta name=\"twitter:card\" content=\"summary_large_image\" \/>\n<meta name=\"twitter:label1\" content=\"Dur\u00e9e de lecture estim\u00e9e\" \/>\n\t<meta name=\"twitter:data1\" content=\"1 minute\" \/>\n<script type=\"application\/ld+json\" class=\"yoast-schema-graph\">{\"@context\":\"https:\\\/\\\/schema.org\",\"@graph\":[{\"@type\":\"WebPage\",\"@id\":\"https:\\\/\\\/shop.inotherm.si\\\/fr\\\/produit\\\/passerelle-inosmart-unite-de-controle-v2\\\/\",\"url\":\"https:\\\/\\\/shop.inotherm.si\\\/fr\\\/produit\\\/passerelle-inosmart-unite-de-controle-v2\\\/\",\"name\":\"Passerelle Inosmart + Unit\u00e9 de contr\u00f4le v2 - INOTHERM eShop\",\"isPartOf\":{\"@id\":\"https:\\\/\\\/shop.inotherm.si\\\/fr\\\/#website\"},\"primaryImageOfPage\":{\"@id\":\"https:\\\/\\\/shop.inotherm.si\\\/fr\\\/produit\\\/passerelle-inosmart-unite-de-controle-v2\\\/#primaryimage\"},\"image\":{\"@id\":\"https:\\\/\\\/shop.inotherm.si\\\/fr\\\/produit\\\/passerelle-inosmart-unite-de-controle-v2\\\/#primaryimage\"},\"thumbnailUrl\":\"https:\\\/\\\/shop.inotherm.si\\\/wp-content\\\/uploads\\\/2024\\\/06\\\/5B4A1996-e.jpg.webp\",\"datePublished\":\"2024-06-06T12:09:21+00:00\",\"dateModified\":\"2025-02-12T13:54:44+00:00\",\"breadcrumb\":{\"@id\":\"https:\\\/\\\/shop.inotherm.si\\\/fr\\\/produit\\\/passerelle-inosmart-unite-de-controle-v2\\\/#breadcrumb\"},\"inLanguage\":\"fr-FR\",\"potentialAction\":[{\"@type\":\"ReadAction\",\"target\":[\"https:\\\/\\\/shop.inotherm.si\\\/fr\\\/produit\\\/passerelle-inosmart-unite-de-controle-v2\\\/\"]}]},{\"@type\":\"ImageObject\",\"inLanguage\":\"fr-FR\",\"@id\":\"https:\\\/\\\/shop.inotherm.si\\\/fr\\\/produit\\\/passerelle-inosmart-unite-de-controle-v2\\\/#primaryimage\",\"url\":\"https:\\\/\\\/shop.inotherm.si\\\/wp-content\\\/uploads\\\/2024\\\/06\\\/5B4A1996-e.jpg.webp\",\"contentUrl\":\"https:\\\/\\\/shop.inotherm.si\\\/wp-content\\\/uploads\\\/2024\\\/06\\\/5B4A1996-e.jpg.webp\",\"width\":1024,\"height\":1024},{\"@type\":\"BreadcrumbList\",\"@id\":\"https:\\\/\\\/shop.inotherm.si\\\/fr\\\/produit\\\/passerelle-inosmart-unite-de-controle-v2\\\/#breadcrumb\",\"itemListElement\":[{\"@type\":\"ListItem\",\"position\":1,\"name\":\"Home\",\"item\":\"https:\\\/\\\/shop.inosmart.info\\\/fr\\\/boutique\\\/\"},{\"@type\":\"ListItem\",\"position\":2,\"name\":\"Boutique\",\"item\":\"https:\\\/\\\/shop.inosmart.info\\\/fr\\\/boutique\\\/\"},{\"@type\":\"ListItem\",\"position\":3,\"name\":\"Passerelle Inosmart + Unit\u00e9 de contr\u00f4le v2\"}]},{\"@type\":\"WebSite\",\"@id\":\"https:\\\/\\\/shop.inotherm.si\\\/fr\\\/#website\",\"url\":\"https:\\\/\\\/shop.inotherm.si\\\/fr\\\/\",\"name\":\"INOTHERM eShop\",\"description\":\"Online shop by Inotherm\",\"publisher\":{\"@id\":\"https:\\\/\\\/shop.inotherm.si\\\/fr\\\/#organization\"},\"potentialAction\":[{\"@type\":\"SearchAction\",\"target\":{\"@type\":\"EntryPoint\",\"urlTemplate\":\"https:\\\/\\\/shop.inotherm.si\\\/fr\\\/?s={search_term_string}\"},\"query-input\":{\"@type\":\"PropertyValueSpecification\",\"valueRequired\":true,\"valueName\":\"search_term_string\"}}],\"inLanguage\":\"fr-FR\"},{\"@type\":\"Organization\",\"@id\":\"https:\\\/\\\/shop.inotherm.si\\\/fr\\\/#organization\",\"name\":\"INOTHERM eShop\",\"url\":\"https:\\\/\\\/shop.inotherm.si\\\/fr\\\/\",\"logo\":{\"@type\":\"ImageObject\",\"inLanguage\":\"fr-FR\",\"@id\":\"https:\\\/\\\/shop.inotherm.si\\\/fr\\\/#\\\/schema\\\/logo\\\/image\\\/\",\"url\":\"https:\\\/\\\/shop.inotherm.si\\\/wp-content\\\/uploads\\\/2024\\\/06\\\/INOTHERM_LOGO_WEB.jpg\",\"contentUrl\":\"https:\\\/\\\/shop.inotherm.si\\\/wp-content\\\/uploads\\\/2024\\\/06\\\/INOTHERM_LOGO_WEB.jpg\",\"width\":500,\"height\":70,\"caption\":\"INOTHERM eShop\"},\"image\":{\"@id\":\"https:\\\/\\\/shop.inotherm.si\\\/fr\\\/#\\\/schema\\\/logo\\\/image\\\/\"}}]}<\/script>\n<!-- \/ Yoast SEO plugin. -->","yoast_head_json":{"title":"Passerelle Inosmart + Unit\u00e9 de contr\u00f4le v2 - INOTHERM eShop","robots":{"index":"index","follow":"follow","max-snippet":"max-snippet:-1","max-image-preview":"max-image-preview:large","max-video-preview":"max-video-preview:-1"},"canonical":"https:\/\/shop.inotherm.si\/fr\/produit\/passerelle-inosmart-unite-de-controle-v2\/","og_locale":"fr_FR","og_type":"article","og_title":"Passerelle Inosmart + Unit\u00e9 de contr\u00f4le v2 - INOTHERM eShop","og_description":"D\u00e9verrouillage \u00e0 distance via votre smartphone. Contr\u00f4le \u00e0 distance de l&rsquo;Inosmart, id\u00e9al pour la location de biens immobiliers et autres applications similaires. Utile notamment pour la location de biens immobiliers et autres. Interface MQTT pour une int\u00e9gration avec des syst\u00e8mes de domotique. 2 relais suppl\u00e9mentaires pour connecter des appareils externes. Connexion pour capteur de porte [&hellip;]","og_url":"https:\/\/shop.inotherm.si\/fr\/produit\/passerelle-inosmart-unite-de-controle-v2\/","og_site_name":"INOTHERM eShop","article_modified_time":"2025-02-12T13:54:44+00:00","og_image":[{"width":1024,"height":1024,"url":"https:\/\/shop.inotherm.si\/wp-content\/uploads\/2024\/06\/5B4A1996-e.jpg.webp","type":"image\/webp"}],"twitter_card":"summary_large_image","twitter_misc":{"Dur\u00e9e de lecture estim\u00e9e":"1 minute"},"schema":{"@context":"https:\/\/schema.org","@graph":[{"@type":"WebPage","@id":"https:\/\/shop.inotherm.si\/fr\/produit\/passerelle-inosmart-unite-de-controle-v2\/","url":"https:\/\/shop.inotherm.si\/fr\/produit\/passerelle-inosmart-unite-de-controle-v2\/","name":"Passerelle Inosmart + Unit\u00e9 de contr\u00f4le v2 - INOTHERM eShop","isPartOf":{"@id":"https:\/\/shop.inotherm.si\/fr\/#website"},"primaryImageOfPage":{"@id":"https:\/\/shop.inotherm.si\/fr\/produit\/passerelle-inosmart-unite-de-controle-v2\/#primaryimage"},"image":{"@id":"https:\/\/shop.inotherm.si\/fr\/produit\/passerelle-inosmart-unite-de-controle-v2\/#primaryimage"},"thumbnailUrl":"https:\/\/shop.inotherm.si\/wp-content\/uploads\/2024\/06\/5B4A1996-e.jpg.webp","datePublished":"2024-06-06T12:09:21+00:00","dateModified":"2025-02-12T13:54:44+00:00","breadcrumb":{"@id":"https:\/\/shop.inotherm.si\/fr\/produit\/passerelle-inosmart-unite-de-controle-v2\/#breadcrumb"},"inLanguage":"fr-FR","potentialAction":[{"@type":"ReadAction","target":["https:\/\/shop.inotherm.si\/fr\/produit\/passerelle-inosmart-unite-de-controle-v2\/"]}]},{"@type":"ImageObject","inLanguage":"fr-FR","@id":"https:\/\/shop.inotherm.si\/fr\/produit\/passerelle-inosmart-unite-de-controle-v2\/#primaryimage","url":"https:\/\/shop.inotherm.si\/wp-content\/uploads\/2024\/06\/5B4A1996-e.jpg.webp","contentUrl":"https:\/\/shop.inotherm.si\/wp-content\/uploads\/2024\/06\/5B4A1996-e.jpg.webp","width":1024,"height":1024},{"@type":"BreadcrumbList","@id":"https:\/\/shop.inotherm.si\/fr\/produit\/passerelle-inosmart-unite-de-controle-v2\/#breadcrumb","itemListElement":[{"@type":"ListItem","position":1,"name":"Home","item":"https:\/\/shop.inosmart.info\/fr\/boutique\/"},{"@type":"ListItem","position":2,"name":"Boutique","item":"https:\/\/shop.inosmart.info\/fr\/boutique\/"},{"@type":"ListItem","position":3,"name":"Passerelle Inosmart + Unit\u00e9 de contr\u00f4le v2"}]},{"@type":"WebSite","@id":"https:\/\/shop.inotherm.si\/fr\/#website","url":"https:\/\/shop.inotherm.si\/fr\/","name":"INOTHERM eShop","description":"Online shop by Inotherm","publisher":{"@id":"https:\/\/shop.inotherm.si\/fr\/#organization"},"potentialAction":[{"@type":"SearchAction","target":{"@type":"EntryPoint","urlTemplate":"https:\/\/shop.inotherm.si\/fr\/?s={search_term_string}"},"query-input":{"@type":"PropertyValueSpecification","valueRequired":true,"valueName":"search_term_string"}}],"inLanguage":"fr-FR"},{"@type":"Organization","@id":"https:\/\/shop.inotherm.si\/fr\/#organization","name":"INOTHERM eShop","url":"https:\/\/shop.inotherm.si\/fr\/","logo":{"@type":"ImageObject","inLanguage":"fr-FR","@id":"https:\/\/shop.inotherm.si\/fr\/#\/schema\/logo\/image\/","url":"https:\/\/shop.inotherm.si\/wp-content\/uploads\/2024\/06\/INOTHERM_LOGO_WEB.jpg","contentUrl":"https:\/\/shop.inotherm.si\/wp-content\/uploads\/2024\/06\/INOTHERM_LOGO_WEB.jpg","width":500,"height":70,"caption":"INOTHERM eShop"},"image":{"@id":"https:\/\/shop.inotherm.si\/fr\/#\/schema\/logo\/image\/"}}]}},"uagb_featured_image_src":{"full":["https:\/\/shop.inotherm.si\/wp-content\/uploads\/2024\/06\/5B4A1996-e.jpg.webp",1024,1024,false],"thumbnail":["https:\/\/shop.inotherm.si\/wp-content\/uploads\/2024\/06\/5B4A1996-e.jpg-150x150.webp",150,150,true],"medium":["https:\/\/shop.inotherm.si\/wp-content\/uploads\/2024\/06\/5B4A1996-e.jpg-300x300.webp",300,300,true],"medium_large":["https:\/\/shop.inotherm.si\/wp-content\/uploads\/2024\/06\/5B4A1996-e.jpg-768x768.webp",768,768,true],"large":["https:\/\/shop.inotherm.si\/wp-content\/uploads\/2024\/06\/5B4A1996-e.jpg.webp",1024,1024,false],"1536x1536":["https:\/\/shop.inotherm.si\/wp-content\/uploads\/2024\/06\/5B4A1996-e.jpg.webp",1024,1024,false],"2048x2048":["https:\/\/shop.inotherm.si\/wp-content\/uploads\/2024\/06\/5B4A1996-e.jpg.webp",1024,1024,false],"woocommerce_thumbnail":["https:\/\/shop.inotherm.si\/wp-content\/uploads\/2024\/06\/5B4A1996-e.jpg-300x300.webp",300,300,true],"woocommerce_single":["https:\/\/shop.inotherm.si\/wp-content\/uploads\/2024\/06\/5B4A1996-e.jpg-600x600.webp",600,600,true],"woocommerce_gallery_thumbnail":["https:\/\/shop.inotherm.si\/wp-content\/uploads\/2024\/06\/5B4A1996-e.jpg-100x100.webp",100,100,true]},"uagb_author_info":{"display_name":"gmih","author_link":"https:\/\/shop.inotherm.si\/fr\/author\/"},"uagb_comment_info":0,"uagb_excerpt":"D\u00e9verrouillage \u00e0 distance via votre smartphone. Contr\u00f4le \u00e0 distance de l&rsquo;Inosmart, id\u00e9al pour la location de biens immobiliers et autres applications similaires. Utile notamment pour la location de biens immobiliers et autres. Interface MQTT pour une int\u00e9gration avec des syst\u00e8mes de domotique. 2 relais suppl\u00e9mentaires pour connecter des appareils externes. Connexion pour capteur de porte\u2026","_links":{"self":[{"href":"https:\/\/shop.inotherm.si\/fr\/wp-json\/wp\/v2\/product\/803","targetHints":{"allow":["GET"]}}],"collection":[{"href":"https:\/\/shop.inotherm.si\/fr\/wp-json\/wp\/v2\/product"}],"about":[{"href":"https:\/\/shop.inotherm.si\/fr\/wp-json\/wp\/v2\/types\/product"}],"wp:featuredmedia":[{"embeddable":true,"href":"https:\/\/shop.inotherm.si\/fr\/wp-json\/wp\/v2\/media\/773"}],"wp:attachment":[{"href":"https:\/\/shop.inotherm.si\/fr\/wp-json\/wp\/v2\/media?parent=803"}],"wp:term":[{"taxonomy":"product_brand","embeddable":true,"href":"https:\/\/shop.inotherm.si\/fr\/wp-json\/wp\/v2\/product_brand?post=803"},{"taxonomy":"product_cat","embeddable":true,"href":"https:\/\/shop.inotherm.si\/fr\/wp-json\/wp\/v2\/product_cat?post=803"},{"taxonomy":"product_tag","embeddable":true,"href":"https:\/\/shop.inotherm.si\/fr\/wp-json\/wp\/v2\/product_tag?post=803"}],"curies":[{"name":"wp","href":"https:\/\/api.w.org\/{rel}","templated":true}]}}