{"id":465,"date":"2023-06-12T06:06:00","date_gmt":"2023-06-12T06:06:00","guid":{"rendered":"https:\/\/shop.inotherm.si\/product\/pendentif-inosmart-bluetoothpackage-famille\/"},"modified":"2025-02-12T14:10:23","modified_gmt":"2025-02-12T14:10:23","slug":"pack-familial-inosmart-bluetooth-fob","status":"publish","type":"product","link":"https:\/\/shop.inotherm.si\/fr\/produit\/pack-familial-inosmart-bluetooth-fob\/","title":{"rendered":"Kit Familial Inosmart Bluetooth"},"content":{"rendered":"<p>Une t\u00e9l\u00e9commande compacte et \u00e9l\u00e9gante pour ouvrir les portes sans avoir besoin de t\u00e9l\u00e9phone ni d&#8217;empreinte digitale. Pratique, rapide et s\u00e9curis\u00e9, c&rsquo;est la solution id\u00e9ale pour un acc\u00e8s facile \u00e0 votre domicile.<\/p>\n<p>La t\u00e9l\u00e9commande est sp\u00e9cialement con\u00e7ue pour fonctionner avec le syst\u00e8me Bluetooth Inosmart.<\/p>\n<p>Le paquet contient 4 t\u00e9l\u00e9commande Bluetooth.<\/p>\n<p>Pile : CR2032 (incluse)<\/p>\n","protected":false},"excerpt":{"rendered":"<p>T\u00e9l\u00e9commande Inosmart Bluetooth FOB &#8211; Pack familial<\/p>\n","protected":false},"featured_media":354,"template":"","meta":{"_uag_custom_page_level_css":"","site-sidebar-layout":"default","site-content-layout":"default","ast-site-content-layout":"default","site-content-style":"default","site-sidebar-style":"default","ast-global-header-display":"","ast-banner-title-visibility":"","ast-main-header-display":"","ast-hfb-above-header-display":"","ast-hfb-below-header-display":"","ast-hfb-mobile-header-display":"","site-post-title":"","ast-breadcrumbs-content":"","ast-featured-img":"","footer-sml-layout":"","ast-disable-related-posts":"","theme-transparent-header-meta":"default","adv-header-id-meta":"","stick-header-meta":"","header-above-stick-meta":"","header-main-stick-meta":"","header-below-stick-meta":"","astra-migrate-meta-layouts":"default","ast-page-background-enabled":"default","ast-page-background-meta":{"desktop":{"background-color":"var(--ast-global-color-4)","background-image":"","background-repeat":"repeat","background-position":"center center","background-size":"auto","background-attachment":"scroll","background-type":"","background-media":"","overlay-type":"","overlay-color":"","overlay-opacity":"","overlay-gradient":""},"tablet":{"background-color":"","background-image":"","background-repeat":"repeat","background-position":"center center","background-size":"auto","background-attachment":"scroll","background-type":"","background-media":"","overlay-type":"","overlay-color":"","overlay-opacity":"","overlay-gradient":""},"mobile":{"background-color":"","background-image":"","background-repeat":"repeat","background-position":"center center","background-size":"auto","background-attachment":"scroll","background-type":"","background-media":"","overlay-type":"","overlay-color":"","overlay-opacity":"","overlay-gradient":""}},"ast-content-background-meta":{"desktop":{"background-color":"var(--ast-global-color-5)","background-image":"","background-repeat":"repeat","background-position":"center center","background-size":"auto","background-attachment":"scroll","background-type":"","background-media":"","overlay-type":"","overlay-color":"","overlay-opacity":"","overlay-gradient":""},"tablet":{"background-color":"var(--ast-global-color-5)","background-image":"","background-repeat":"repeat","background-position":"center center","background-size":"auto","background-attachment":"scroll","background-type":"","background-media":"","overlay-type":"","overlay-color":"","overlay-opacity":"","overlay-gradient":""},"mobile":{"background-color":"var(--ast-global-color-5)","background-image":"","background-repeat":"repeat","background-position":"center center","background-size":"auto","background-attachment":"scroll","background-type":"","background-media":"","overlay-type":"","overlay-color":"","overlay-opacity":"","overlay-gradient":""}}},"product_brand":[],"product_cat":[44],"product_tag":[],"class_list":{"0":"post-465","1":"product","2":"type-product","3":"status-publish","4":"has-post-thumbnail","6":"product_cat-inosmart","7":"desktop-align-center","8":"tablet-align-left","9":"mobile-align-left","10":"ast-product-gallery-layout-first-image-large","11":"ast-product-gallery-with-no-image","12":"ast-product-single-variable","13":"ast-product-tabs-layout-horizontal","15":"first","16":"instock","17":"taxable","18":"shipping-taxable","19":"purchasable","20":"product-type-variable","21":"has-default-attributes"},"yoast_head":"<!-- This site is optimized with the Yoast SEO plugin v27.4 - https:\/\/yoast.com\/product\/yoast-seo-wordpress\/ -->\n<title>Kit Familial Inosmart Bluetooth - INOTHERM eShop<\/title>\n<meta name=\"robots\" content=\"index, follow, max-snippet:-1, max-image-preview:large, max-video-preview:-1\" \/>\n<link rel=\"canonical\" href=\"https:\/\/shop.inotherm.si\/fr\/produit\/pack-familial-inosmart-bluetooth-fob\/\" \/>\n<meta property=\"og:locale\" content=\"fr_FR\" \/>\n<meta property=\"og:type\" content=\"article\" \/>\n<meta property=\"og:title\" content=\"Kit Familial Inosmart Bluetooth - INOTHERM eShop\" \/>\n<meta property=\"og:description\" content=\"T\u00e9l\u00e9commande Inosmart Bluetooth FOB - Pack familial\" \/>\n<meta property=\"og:url\" content=\"https:\/\/shop.inotherm.si\/fr\/produit\/pack-familial-inosmart-bluetooth-fob\/\" \/>\n<meta property=\"og:site_name\" content=\"INOTHERM eShop\" \/>\n<meta property=\"article:modified_time\" content=\"2025-02-12T14:10:23+00:00\" \/>\n<meta property=\"og:image\" content=\"https:\/\/shop.inotherm.si\/wp-content\/uploads\/2023\/06\/kljuc-x4.png\" \/>\n\t<meta property=\"og:image:width\" content=\"507\" \/>\n\t<meta property=\"og:image:height\" content=\"511\" \/>\n\t<meta property=\"og:image:type\" content=\"image\/png\" \/>\n<meta name=\"twitter:card\" content=\"summary_large_image\" \/>\n<script type=\"application\/ld+json\" class=\"yoast-schema-graph\">{\"@context\":\"https:\\\/\\\/schema.org\",\"@graph\":[{\"@type\":\"WebPage\",\"@id\":\"https:\\\/\\\/shop.inotherm.si\\\/fr\\\/produit\\\/pack-familial-inosmart-bluetooth-fob\\\/\",\"url\":\"https:\\\/\\\/shop.inotherm.si\\\/fr\\\/produit\\\/pack-familial-inosmart-bluetooth-fob\\\/\",\"name\":\"Kit Familial Inosmart Bluetooth - INOTHERM eShop\",\"isPartOf\":{\"@id\":\"https:\\\/\\\/shop.inotherm.si\\\/fr\\\/#website\"},\"primaryImageOfPage\":{\"@id\":\"https:\\\/\\\/shop.inotherm.si\\\/fr\\\/produit\\\/pack-familial-inosmart-bluetooth-fob\\\/#primaryimage\"},\"image\":{\"@id\":\"https:\\\/\\\/shop.inotherm.si\\\/fr\\\/produit\\\/pack-familial-inosmart-bluetooth-fob\\\/#primaryimage\"},\"thumbnailUrl\":\"https:\\\/\\\/shop.inotherm.si\\\/wp-content\\\/uploads\\\/2023\\\/06\\\/kljuc-x4.png\",\"datePublished\":\"2023-06-12T06:06:00+00:00\",\"dateModified\":\"2025-02-12T14:10:23+00:00\",\"breadcrumb\":{\"@id\":\"https:\\\/\\\/shop.inotherm.si\\\/fr\\\/produit\\\/pack-familial-inosmart-bluetooth-fob\\\/#breadcrumb\"},\"inLanguage\":\"fr-FR\",\"potentialAction\":[{\"@type\":\"ReadAction\",\"target\":[\"https:\\\/\\\/shop.inotherm.si\\\/fr\\\/produit\\\/pack-familial-inosmart-bluetooth-fob\\\/\"]}]},{\"@type\":\"ImageObject\",\"inLanguage\":\"fr-FR\",\"@id\":\"https:\\\/\\\/shop.inotherm.si\\\/fr\\\/produit\\\/pack-familial-inosmart-bluetooth-fob\\\/#primaryimage\",\"url\":\"https:\\\/\\\/shop.inotherm.si\\\/wp-content\\\/uploads\\\/2023\\\/06\\\/kljuc-x4.png\",\"contentUrl\":\"https:\\\/\\\/shop.inotherm.si\\\/wp-content\\\/uploads\\\/2023\\\/06\\\/kljuc-x4.png\",\"width\":507,\"height\":511},{\"@type\":\"BreadcrumbList\",\"@id\":\"https:\\\/\\\/shop.inotherm.si\\\/fr\\\/produit\\\/pack-familial-inosmart-bluetooth-fob\\\/#breadcrumb\",\"itemListElement\":[{\"@type\":\"ListItem\",\"position\":1,\"name\":\"Home\",\"item\":\"https:\\\/\\\/shop.inosmart.info\\\/fr\\\/boutique\\\/\"},{\"@type\":\"ListItem\",\"position\":2,\"name\":\"Boutique\",\"item\":\"https:\\\/\\\/shop.inosmart.info\\\/fr\\\/boutique\\\/\"},{\"@type\":\"ListItem\",\"position\":3,\"name\":\"Kit Familial Inosmart Bluetooth\"}]},{\"@type\":\"WebSite\",\"@id\":\"https:\\\/\\\/shop.inotherm.si\\\/fr\\\/#website\",\"url\":\"https:\\\/\\\/shop.inotherm.si\\\/fr\\\/\",\"name\":\"INOTHERM eShop\",\"description\":\"Online shop by Inotherm\",\"publisher\":{\"@id\":\"https:\\\/\\\/shop.inotherm.si\\\/fr\\\/#organization\"},\"potentialAction\":[{\"@type\":\"SearchAction\",\"target\":{\"@type\":\"EntryPoint\",\"urlTemplate\":\"https:\\\/\\\/shop.inotherm.si\\\/fr\\\/?s={search_term_string}\"},\"query-input\":{\"@type\":\"PropertyValueSpecification\",\"valueRequired\":true,\"valueName\":\"search_term_string\"}}],\"inLanguage\":\"fr-FR\"},{\"@type\":\"Organization\",\"@id\":\"https:\\\/\\\/shop.inotherm.si\\\/fr\\\/#organization\",\"name\":\"INOTHERM eShop\",\"url\":\"https:\\\/\\\/shop.inotherm.si\\\/fr\\\/\",\"logo\":{\"@type\":\"ImageObject\",\"inLanguage\":\"fr-FR\",\"@id\":\"https:\\\/\\\/shop.inotherm.si\\\/fr\\\/#\\\/schema\\\/logo\\\/image\\\/\",\"url\":\"https:\\\/\\\/shop.inotherm.si\\\/wp-content\\\/uploads\\\/2024\\\/06\\\/INOTHERM_LOGO_WEB.jpg\",\"contentUrl\":\"https:\\\/\\\/shop.inotherm.si\\\/wp-content\\\/uploads\\\/2024\\\/06\\\/INOTHERM_LOGO_WEB.jpg\",\"width\":500,\"height\":70,\"caption\":\"INOTHERM eShop\"},\"image\":{\"@id\":\"https:\\\/\\\/shop.inotherm.si\\\/fr\\\/#\\\/schema\\\/logo\\\/image\\\/\"}}]}<\/script>\n<!-- \/ Yoast SEO plugin. -->","yoast_head_json":{"title":"Kit Familial Inosmart Bluetooth - INOTHERM eShop","robots":{"index":"index","follow":"follow","max-snippet":"max-snippet:-1","max-image-preview":"max-image-preview:large","max-video-preview":"max-video-preview:-1"},"canonical":"https:\/\/shop.inotherm.si\/fr\/produit\/pack-familial-inosmart-bluetooth-fob\/","og_locale":"fr_FR","og_type":"article","og_title":"Kit Familial Inosmart Bluetooth - INOTHERM eShop","og_description":"T\u00e9l\u00e9commande Inosmart Bluetooth FOB - Pack familial","og_url":"https:\/\/shop.inotherm.si\/fr\/produit\/pack-familial-inosmart-bluetooth-fob\/","og_site_name":"INOTHERM eShop","article_modified_time":"2025-02-12T14:10:23+00:00","og_image":[{"width":507,"height":511,"url":"https:\/\/shop.inotherm.si\/wp-content\/uploads\/2023\/06\/kljuc-x4.png","type":"image\/png"}],"twitter_card":"summary_large_image","schema":{"@context":"https:\/\/schema.org","@graph":[{"@type":"WebPage","@id":"https:\/\/shop.inotherm.si\/fr\/produit\/pack-familial-inosmart-bluetooth-fob\/","url":"https:\/\/shop.inotherm.si\/fr\/produit\/pack-familial-inosmart-bluetooth-fob\/","name":"Kit Familial Inosmart Bluetooth - INOTHERM eShop","isPartOf":{"@id":"https:\/\/shop.inotherm.si\/fr\/#website"},"primaryImageOfPage":{"@id":"https:\/\/shop.inotherm.si\/fr\/produit\/pack-familial-inosmart-bluetooth-fob\/#primaryimage"},"image":{"@id":"https:\/\/shop.inotherm.si\/fr\/produit\/pack-familial-inosmart-bluetooth-fob\/#primaryimage"},"thumbnailUrl":"https:\/\/shop.inotherm.si\/wp-content\/uploads\/2023\/06\/kljuc-x4.png","datePublished":"2023-06-12T06:06:00+00:00","dateModified":"2025-02-12T14:10:23+00:00","breadcrumb":{"@id":"https:\/\/shop.inotherm.si\/fr\/produit\/pack-familial-inosmart-bluetooth-fob\/#breadcrumb"},"inLanguage":"fr-FR","potentialAction":[{"@type":"ReadAction","target":["https:\/\/shop.inotherm.si\/fr\/produit\/pack-familial-inosmart-bluetooth-fob\/"]}]},{"@type":"ImageObject","inLanguage":"fr-FR","@id":"https:\/\/shop.inotherm.si\/fr\/produit\/pack-familial-inosmart-bluetooth-fob\/#primaryimage","url":"https:\/\/shop.inotherm.si\/wp-content\/uploads\/2023\/06\/kljuc-x4.png","contentUrl":"https:\/\/shop.inotherm.si\/wp-content\/uploads\/2023\/06\/kljuc-x4.png","width":507,"height":511},{"@type":"BreadcrumbList","@id":"https:\/\/shop.inotherm.si\/fr\/produit\/pack-familial-inosmart-bluetooth-fob\/#breadcrumb","itemListElement":[{"@type":"ListItem","position":1,"name":"Home","item":"https:\/\/shop.inosmart.info\/fr\/boutique\/"},{"@type":"ListItem","position":2,"name":"Boutique","item":"https:\/\/shop.inosmart.info\/fr\/boutique\/"},{"@type":"ListItem","position":3,"name":"Kit Familial Inosmart Bluetooth"}]},{"@type":"WebSite","@id":"https:\/\/shop.inotherm.si\/fr\/#website","url":"https:\/\/shop.inotherm.si\/fr\/","name":"INOTHERM eShop","description":"Online shop by Inotherm","publisher":{"@id":"https:\/\/shop.inotherm.si\/fr\/#organization"},"potentialAction":[{"@type":"SearchAction","target":{"@type":"EntryPoint","urlTemplate":"https:\/\/shop.inotherm.si\/fr\/?s={search_term_string}"},"query-input":{"@type":"PropertyValueSpecification","valueRequired":true,"valueName":"search_term_string"}}],"inLanguage":"fr-FR"},{"@type":"Organization","@id":"https:\/\/shop.inotherm.si\/fr\/#organization","name":"INOTHERM eShop","url":"https:\/\/shop.inotherm.si\/fr\/","logo":{"@type":"ImageObject","inLanguage":"fr-FR","@id":"https:\/\/shop.inotherm.si\/fr\/#\/schema\/logo\/image\/","url":"https:\/\/shop.inotherm.si\/wp-content\/uploads\/2024\/06\/INOTHERM_LOGO_WEB.jpg","contentUrl":"https:\/\/shop.inotherm.si\/wp-content\/uploads\/2024\/06\/INOTHERM_LOGO_WEB.jpg","width":500,"height":70,"caption":"INOTHERM eShop"},"image":{"@id":"https:\/\/shop.inotherm.si\/fr\/#\/schema\/logo\/image\/"}}]}},"uagb_featured_image_src":{"full":["https:\/\/shop.inotherm.si\/wp-content\/uploads\/2023\/06\/kljuc-x4.png",507,511,false],"thumbnail":["https:\/\/shop.inotherm.si\/wp-content\/uploads\/2023\/06\/kljuc-x4-150x150.png",150,150,true],"medium":["https:\/\/shop.inotherm.si\/wp-content\/uploads\/2023\/06\/kljuc-x4-298x300.png",298,300,true],"medium_large":["https:\/\/shop.inotherm.si\/wp-content\/uploads\/2023\/06\/kljuc-x4.png",507,511,false],"large":["https:\/\/shop.inotherm.si\/wp-content\/uploads\/2023\/06\/kljuc-x4.png",507,511,false],"1536x1536":["https:\/\/shop.inotherm.si\/wp-content\/uploads\/2023\/06\/kljuc-x4.png",507,511,false],"2048x2048":["https:\/\/shop.inotherm.si\/wp-content\/uploads\/2023\/06\/kljuc-x4.png",507,511,false],"woocommerce_thumbnail":["https:\/\/shop.inotherm.si\/wp-content\/uploads\/2023\/06\/kljuc-x4-300x300.png",300,300,true],"woocommerce_single":["https:\/\/shop.inotherm.si\/wp-content\/uploads\/2023\/06\/kljuc-x4.png",507,511,false],"woocommerce_gallery_thumbnail":["https:\/\/shop.inotherm.si\/wp-content\/uploads\/2023\/06\/kljuc-x4-100x100.png",100,100,true]},"uagb_author_info":{"display_name":"gmih","author_link":"https:\/\/shop.inotherm.si\/fr\/author\/"},"uagb_comment_info":0,"uagb_excerpt":"T\u00e9l\u00e9commande Inosmart Bluetooth FOB - Pack familial","_links":{"self":[{"href":"https:\/\/shop.inotherm.si\/fr\/wp-json\/wp\/v2\/product\/465","targetHints":{"allow":["GET"]}}],"collection":[{"href":"https:\/\/shop.inotherm.si\/fr\/wp-json\/wp\/v2\/product"}],"about":[{"href":"https:\/\/shop.inotherm.si\/fr\/wp-json\/wp\/v2\/types\/product"}],"wp:featuredmedia":[{"embeddable":true,"href":"https:\/\/shop.inotherm.si\/fr\/wp-json\/wp\/v2\/media\/354"}],"wp:attachment":[{"href":"https:\/\/shop.inotherm.si\/fr\/wp-json\/wp\/v2\/media?parent=465"}],"wp:term":[{"taxonomy":"product_brand","embeddable":true,"href":"https:\/\/shop.inotherm.si\/fr\/wp-json\/wp\/v2\/product_brand?post=465"},{"taxonomy":"product_cat","embeddable":true,"href":"https:\/\/shop.inotherm.si\/fr\/wp-json\/wp\/v2\/product_cat?post=465"},{"taxonomy":"product_tag","embeddable":true,"href":"https:\/\/shop.inotherm.si\/fr\/wp-json\/wp\/v2\/product_tag?post=465"}],"curies":[{"name":"wp","href":"https:\/\/api.w.org\/{rel}","templated":true}]}}