{"id":196,"date":"2023-05-02T12:52:44","date_gmt":"2023-05-02T12:52:44","guid":{"rendered":"https:\/\/shop.inotherm.si\/politika-zasebnosti-fr\/"},"modified":"2025-02-14T07:27:34","modified_gmt":"2025-02-14T07:27:34","slug":"politika-zasebnosti-fr","status":"publish","type":"page","link":"https:\/\/shop.inotherm.si\/fr\/politika-zasebnosti-fr\/","title":{"rendered":"Politique de confidentialit\u00e9"},"content":{"rendered":"\n<h1 class=\"wp-block-heading\" style=\"font-size:25px\">Politique de confidentialit\u00e9<\/h1>\n\n\n\n<p><strong>1. G\u00e9n\u00e9ral<\/strong><br>Le Commer\u00e7ant s&rsquo;engage \u00e0 prot\u00e9ger la confidentialit\u00e9 des donn\u00e9es personnelles et la vie priv\u00e9e des utilisateurs de la boutique en ligne. Le Commer\u00e7ant utilisera les donn\u00e9es personnelles collect\u00e9es exclusivement pour la fourniture des services qu\u2019il propose. Le Commer\u00e7ant respecte la confidentialit\u00e9 des donn\u00e9es personnelles et la vie priv\u00e9e des utilisateurs de la boutique en ligne, et fera donc tout le n\u00e9cessaire pour les prot\u00e9ger de toute violation et abus. Les donn\u00e9es personnelles des utilisateurs constituent l\u2019un des domaines auxquels le Commer\u00e7ant accorde une attention et un soin particuliers, conscient de leur caract\u00e8re sensible.<\/p>\n\n\n\n<p><strong>2. Utilisation des donn\u00e9es personnelles<\/strong><br>Pour la fourniture des services qu\u2019il propose, le Commer\u00e7ant collecte, g\u00e8re, traite et stocke les donn\u00e9es suivantes des utilisateurs&nbsp;:<\/p>\n\n\n\n<ul class=\"wp-block-list\">\n<li>pr\u00e9nom et nom\u00a0;<\/li>\n\n\n\n<li>les adresses de livraison\u00a0;<\/li>\n\n\n\n<li>l\u2019entreprise ou le nom de la personne morale (si l\u2019utilisateur est une personne morale)\u00a0;<\/li>\n\n\n\n<li>num\u00e9ro fiscal de la personne morale (si l\u2019utilisateur est une personne morale)\u00a0;<\/li>\n\n\n\n<li>l\u2019adresse e-mail (nom d&rsquo;utilisateur)\u00a0;<\/li>\n\n\n\n<li>le mot de passe sous forme crypt\u00e9e\u00a0;<\/li>\n\n\n\n<li>le num\u00e9ro de t\u00e9l\u00e9phone\u00a0;<\/li>\n\n\n\n<li>le pays de r\u00e9sidence\u00a0;<\/li>\n\n\n\n<li>les autres informations que l&rsquo;utilisateur saisit volontairement dans les formulaires de la boutique en ligne\u00a0;<\/li>\n\n\n\n<li>les autres informations que l&rsquo;utilisateur ajoute volontairement plus tard dans son profil.<\/li>\n<\/ul>\n\n\n\n<p>Le Commer\u00e7ant n\u2019est pas responsable de l\u2019exactitude, de l\u2019exhaustivit\u00e9 et de la mise \u00e0 jour des informations saisies par les utilisateurs.<\/p>\n\n\n\n<p><strong>3. Cookies et adresses IP<\/strong><br>Le Commer\u00e7ant attribue \u00e0 chaque utilisateur un cookie d&rsquo;identification, de suivi du panier d&rsquo;achat et de tra\u00e7abilit\u00e9 (appel\u00e9 \u00ab&nbsp;cookie&nbsp;\u00bb) au d\u00e9but de chaque utilisation de la boutique en ligne. Ce cookie est stock\u00e9 dans la m\u00e9moire du serveur uniquement pendant la dur\u00e9e de la visite et est supprim\u00e9 apr\u00e8s une heure d\u2019inactivit\u00e9. Le Commer\u00e7ant peut \u00e9galement stocker certains cookies permanents sur l&rsquo;ordinateur de l&rsquo;utilisateur, notamment un identifiant chiffr\u00e9 permettant de le reconna\u00eetre lors de ses prochaines visites sur la boutique en ligne, ainsi que des cookies li\u00e9s aux \u00e9valuations des articles, lui indiquant ceux qu\u2019il a d\u00e9j\u00e0 not\u00e9s. Par ailleurs, des cookies de tiers, tels que Google Analytics, peuvent \u00eatre utilis\u00e9s pour analyser la fr\u00e9quentation du site. Le Commer\u00e7ant peut utiliser ces donn\u00e9es sous une forme r\u00e9sum\u00e9e et anonymis\u00e9e \u00e0 des fins d\u2019analyse statistique. Afin d\u2019assurer la s\u00e9curit\u00e9 en ligne, le Commer\u00e7ant collecte \u00e9galement les adresses IP \u00e0 partir desquelles les utilisateurs acc\u00e8dent \u00e0 la boutique en ligne.<\/p>\n\n\n\n<p><strong>4. D\u00e9claration relative \u00e0 la protection des donn\u00e9es personnelles et de la vie priv\u00e9e des utilisateurs<\/strong><br>Conform\u00e9ment \u00e0 la r\u00e9glementation r\u00e9gissant la protection des donn\u00e9es personnelles, le Commer\u00e7ant est tenu de prot\u00e9ger les donn\u00e9es personnelles des utilisateurs de sa boutique en ligne. Le Commer\u00e7ant ne communiquera en aucun cas les donn\u00e9es personnelles ou autres informations des utilisateurs \u00e0 des tiers sans leur consentement explicite, ni ne leur permettra d\u2019y acc\u00e9der, sauf si cela est impos\u00e9 par les autorit\u00e9s publiques, si une telle obligation est pr\u00e9vue par la loi, ou si ce transfert d\u2019information s\u2019av\u00e8re n\u00e9cessaire, en toute bonne foi, dans le cadre de proc\u00e9dures judiciaires, administratives ou pour la protection et la d\u00e9fense des int\u00e9r\u00eats l\u00e9gitimes du Commer\u00e7ant.<\/p>\n\n\n\n<p>Toutes les donn\u00e9es personnelles et autres informations que l&rsquo;utilisateur fournit lors de son inscription sur la boutique en ligne, ainsi que lors de la commande de produits, y compris le contenu des commandes, seront prot\u00e9g\u00e9es conform\u00e9ment \u00e0 la r\u00e9glementation r\u00e9gissant la protection des donn\u00e9es personnelles. Le Commer\u00e7ant n&rsquo;utilisera pas ces informations \u00e0 des fins qui pourraient nuire \u00e0 l&rsquo;utilisateur ou \u00e0 toute autre personne concern\u00e9e. Le Commer\u00e7ant n&rsquo;utilisera pas les donn\u00e9es de l&rsquo;utilisateur pour envoyer des e-mails publicitaires ou tout autre support publicitaire non sollicit\u00e9, \u00e0 l&rsquo;exception de l&rsquo;envoi des notifications promotionnelles auxquelles l\u2019utilisateur aura souscrit ou donn\u00e9 son consentement. Le Commer\u00e7ant peut utiliser les donn\u00e9es sous une forme r\u00e9sum\u00e9e et anonymis\u00e9e \u00e0 des fins d\u2019analyse statistique. La confidentialit\u00e9 des donn\u00e9es personnelles et autres informations des utilisateurs ne sera en aucun cas viol\u00e9e.<\/p>\n\n\n\n<p>Le Commer\u00e7ant confiera au service de livraison (par exemple Po\u0161ta Slovenije, DHL, UPS, etc.) uniquement les informations n\u00e9cessaires \u00e0 la livraison des produits achet\u00e9s dans la boutique en ligne (informations sur le destinataire et l\u2019adresse de livraison). Le Commer\u00e7ant contactera l\u2019utilisateur par courrier \u00e9lectronique si cela est n\u00e9cessaire pour l\u2019ex\u00e9cution de l\u2019achat dans la boutique en ligne, et par t\u00e9l\u00e9phone uniquement en cas de probl\u00e8me lors du processus d\u2019inscription ou de commande.<\/p>\n\n\n\n<p><strong>5. Mise en \u0153uvre de la politique de confidentialit\u00e9<\/strong><br>Toutes les personnes employ\u00e9es par le Commer\u00e7ant, de mani\u00e8re permanente ou contractuelle, qui ont acc\u00e8s aux donn\u00e9es personnelles et autres informations relatives aux utilisateurs, sont inform\u00e9es de leur obligation de confidentialit\u00e9 et tenues de respecter les dispositions relatives \u00e0 la protection des donn\u00e9es personnelles et de la vie priv\u00e9e des utilisateurs de la boutique en ligne. L\u2019obligation de protection des donn\u00e9es personnelles et autres informations s\u2019applique sans limitation de dur\u00e9e, m\u00eame apr\u00e8s la fin de la relation avec le Commer\u00e7ant.<\/p>\n\n\n\n<p>Les utilisateurs disposant d\u2019un compte peuvent cesser d&rsquo;utiliser la boutique en ligne \u00e0 tout moment et peuvent supprimer leur compte. Pour ce faire, ils doivent notifier le Commer\u00e7ant de leur souhait de supprimer leur compte par une d\u00e9claration \u00e9crite. Avant de soumettre une demande de suppression de son compte, l&rsquo;utilisateur doit r\u00e9gler toutes les obligations en suspens envers le Commer\u00e7ant d\u00e9coulant des achats effectu\u00e9s dans la boutique en ligne. Le Commer\u00e7ant prot\u00e9gera la confidentialit\u00e9 des donn\u00e9es personnelles et la vie priv\u00e9e des utilisateurs de la boutique en ligne dans le cadre de cette politique de confidentialit\u00e9, m\u00eame en cas de suppression du compte.<\/p>\n\n\n\n<p><strong>6. Explications compl\u00e9mentaires<\/strong><br>Si vous avez des questions, des probl\u00e8mes ou des remarques concernant cette politique de confidentialit\u00e9, veuillez nous contacter par e-mail \u00e0 l\u2019adresse\u00a0: <a href=\"mailto:shop@inotherm.si\">shop@inotherm.si<\/a><\/p>\n","protected":false},"excerpt":{"rendered":"<p>Politique de confidentialit\u00e9 1. G\u00e9n\u00e9ralLe Commer\u00e7ant s&rsquo;engage \u00e0 prot\u00e9ger la confidentialit\u00e9 des donn\u00e9es personnelles et la vie priv\u00e9e des utilisateurs de la boutique en ligne. Le Commer\u00e7ant utilisera les donn\u00e9es personnelles collect\u00e9es exclusivement pour la fourniture des services qu\u2019il propose. Le Commer\u00e7ant respecte la confidentialit\u00e9 des donn\u00e9es personnelles et la vie priv\u00e9e des utilisateurs de [&hellip;]<\/p>\n","protected":false},"author":1,"featured_media":0,"parent":0,"menu_order":0,"comment_status":"closed","ping_status":"closed","template":"","meta":{"_uag_custom_page_level_css":"","site-sidebar-layout":"default","site-content-layout":"boxed-container","ast-site-content-layout":"normal-width-container","site-content-style":"boxed","site-sidebar-style":"boxed","ast-global-header-display":"","ast-banner-title-visibility":"","ast-main-header-display":"","ast-hfb-above-header-display":"","ast-hfb-below-header-display":"","ast-hfb-mobile-header-display":"","site-post-title":"disabled","ast-breadcrumbs-content":"","ast-featured-img":"","footer-sml-layout":"","ast-disable-related-posts":"","theme-transparent-header-meta":"","adv-header-id-meta":"","stick-header-meta":"","header-above-stick-meta":"","header-main-stick-meta":"","header-below-stick-meta":"","astra-migrate-meta-layouts":"set","ast-page-background-enabled":"default","ast-page-background-meta":{"desktop":{"background-color":"var(--ast-global-color-4)","background-image":"","background-repeat":"repeat","background-position":"center center","background-size":"auto","background-attachment":"scroll","background-type":"","background-media":"","overlay-type":"","overlay-color":"","overlay-opacity":"","overlay-gradient":""},"tablet":{"background-color":"","background-image":"","background-repeat":"repeat","background-position":"center center","background-size":"auto","background-attachment":"scroll","background-type":"","background-media":"","overlay-type":"","overlay-color":"","overlay-opacity":"","overlay-gradient":""},"mobile":{"background-color":"","background-image":"","background-repeat":"repeat","background-position":"center center","background-size":"auto","background-attachment":"scroll","background-type":"","background-media":"","overlay-type":"","overlay-color":"","overlay-opacity":"","overlay-gradient":""}},"ast-content-background-meta":{"desktop":{"background-color":"var(--ast-global-color-5)","background-image":"","background-repeat":"repeat","background-position":"center center","background-size":"auto","background-attachment":"scroll","background-type":"","background-media":"","overlay-type":"","overlay-color":"","overlay-opacity":"","overlay-gradient":""},"tablet":{"background-color":"var(--ast-global-color-5)","background-image":"","background-repeat":"repeat","background-position":"center center","background-size":"auto","background-attachment":"scroll","background-type":"","background-media":"","overlay-type":"","overlay-color":"","overlay-opacity":"","overlay-gradient":""},"mobile":{"background-color":"var(--ast-global-color-5)","background-image":"","background-repeat":"repeat","background-position":"center center","background-size":"auto","background-attachment":"scroll","background-type":"","background-media":"","overlay-type":"","overlay-color":"","overlay-opacity":"","overlay-gradient":""}},"footnotes":""},"class_list":["post-196","page","type-page","status-publish","hentry"],"yoast_head":"<!-- This site is optimized with the Yoast SEO plugin v27.4 - https:\/\/yoast.com\/product\/yoast-seo-wordpress\/ -->\n<title>Politique de confidentialit\u00e9 - INOTHERM eShop<\/title>\n<meta name=\"robots\" content=\"index, follow, max-snippet:-1, max-image-preview:large, max-video-preview:-1\" \/>\n<link rel=\"canonical\" href=\"https:\/\/shop.inotherm.si\/fr\/politika-zasebnosti-fr\/\" \/>\n<meta property=\"og:locale\" content=\"fr_FR\" \/>\n<meta property=\"og:type\" content=\"article\" \/>\n<meta property=\"og:title\" content=\"Politique de confidentialit\u00e9 - INOTHERM eShop\" \/>\n<meta property=\"og:description\" content=\"Politique de confidentialit\u00e9 1. G\u00e9n\u00e9ralLe Commer\u00e7ant s&rsquo;engage \u00e0 prot\u00e9ger la confidentialit\u00e9 des donn\u00e9es personnelles et la vie priv\u00e9e des utilisateurs de la boutique en ligne. Le Commer\u00e7ant utilisera les donn\u00e9es personnelles collect\u00e9es exclusivement pour la fourniture des services qu\u2019il propose. Le Commer\u00e7ant respecte la confidentialit\u00e9 des donn\u00e9es personnelles et la vie priv\u00e9e des utilisateurs de [&hellip;]\" \/>\n<meta property=\"og:url\" content=\"https:\/\/shop.inotherm.si\/fr\/politika-zasebnosti-fr\/\" \/>\n<meta property=\"og:site_name\" content=\"INOTHERM eShop\" \/>\n<meta property=\"article:modified_time\" content=\"2025-02-14T07:27:34+00:00\" \/>\n<meta name=\"twitter:card\" content=\"summary_large_image\" \/>\n<meta name=\"twitter:label1\" content=\"Dur\u00e9e de lecture estim\u00e9e\" \/>\n\t<meta name=\"twitter:data1\" content=\"6 minutes\" \/>\n<script type=\"application\/ld+json\" class=\"yoast-schema-graph\">{\"@context\":\"https:\\\/\\\/schema.org\",\"@graph\":[{\"@type\":\"WebPage\",\"@id\":\"https:\\\/\\\/shop.inotherm.si\\\/fr\\\/politika-zasebnosti-fr\\\/\",\"url\":\"https:\\\/\\\/shop.inotherm.si\\\/fr\\\/politika-zasebnosti-fr\\\/\",\"name\":\"Politique de confidentialit\u00e9 - INOTHERM eShop\",\"isPartOf\":{\"@id\":\"https:\\\/\\\/shop.inotherm.si\\\/fr\\\/#website\"},\"datePublished\":\"2023-05-02T12:52:44+00:00\",\"dateModified\":\"2025-02-14T07:27:34+00:00\",\"breadcrumb\":{\"@id\":\"https:\\\/\\\/shop.inotherm.si\\\/fr\\\/politika-zasebnosti-fr\\\/#breadcrumb\"},\"inLanguage\":\"fr-FR\",\"potentialAction\":[{\"@type\":\"ReadAction\",\"target\":[\"https:\\\/\\\/shop.inotherm.si\\\/fr\\\/politika-zasebnosti-fr\\\/\"]}]},{\"@type\":\"BreadcrumbList\",\"@id\":\"https:\\\/\\\/shop.inotherm.si\\\/fr\\\/politika-zasebnosti-fr\\\/#breadcrumb\",\"itemListElement\":[{\"@type\":\"ListItem\",\"position\":1,\"name\":\"Home\",\"item\":\"https:\\\/\\\/shop.inosmart.info\\\/fr\\\/boutique\\\/\"},{\"@type\":\"ListItem\",\"position\":2,\"name\":\"Politique de confidentialit\u00e9\"}]},{\"@type\":\"WebSite\",\"@id\":\"https:\\\/\\\/shop.inotherm.si\\\/fr\\\/#website\",\"url\":\"https:\\\/\\\/shop.inotherm.si\\\/fr\\\/\",\"name\":\"INOTHERM eShop\",\"description\":\"Online shop by Inotherm\",\"publisher\":{\"@id\":\"https:\\\/\\\/shop.inotherm.si\\\/fr\\\/#organization\"},\"potentialAction\":[{\"@type\":\"SearchAction\",\"target\":{\"@type\":\"EntryPoint\",\"urlTemplate\":\"https:\\\/\\\/shop.inotherm.si\\\/fr\\\/?s={search_term_string}\"},\"query-input\":{\"@type\":\"PropertyValueSpecification\",\"valueRequired\":true,\"valueName\":\"search_term_string\"}}],\"inLanguage\":\"fr-FR\"},{\"@type\":\"Organization\",\"@id\":\"https:\\\/\\\/shop.inotherm.si\\\/fr\\\/#organization\",\"name\":\"INOTHERM eShop\",\"url\":\"https:\\\/\\\/shop.inotherm.si\\\/fr\\\/\",\"logo\":{\"@type\":\"ImageObject\",\"inLanguage\":\"fr-FR\",\"@id\":\"https:\\\/\\\/shop.inotherm.si\\\/fr\\\/#\\\/schema\\\/logo\\\/image\\\/\",\"url\":\"https:\\\/\\\/shop.inotherm.si\\\/wp-content\\\/uploads\\\/2024\\\/06\\\/INOTHERM_LOGO_WEB.jpg\",\"contentUrl\":\"https:\\\/\\\/shop.inotherm.si\\\/wp-content\\\/uploads\\\/2024\\\/06\\\/INOTHERM_LOGO_WEB.jpg\",\"width\":500,\"height\":70,\"caption\":\"INOTHERM eShop\"},\"image\":{\"@id\":\"https:\\\/\\\/shop.inotherm.si\\\/fr\\\/#\\\/schema\\\/logo\\\/image\\\/\"}}]}<\/script>\n<!-- \/ Yoast SEO plugin. -->","yoast_head_json":{"title":"Politique de confidentialit\u00e9 - INOTHERM eShop","robots":{"index":"index","follow":"follow","max-snippet":"max-snippet:-1","max-image-preview":"max-image-preview:large","max-video-preview":"max-video-preview:-1"},"canonical":"https:\/\/shop.inotherm.si\/fr\/politika-zasebnosti-fr\/","og_locale":"fr_FR","og_type":"article","og_title":"Politique de confidentialit\u00e9 - INOTHERM eShop","og_description":"Politique de confidentialit\u00e9 1. G\u00e9n\u00e9ralLe Commer\u00e7ant s&rsquo;engage \u00e0 prot\u00e9ger la confidentialit\u00e9 des donn\u00e9es personnelles et la vie priv\u00e9e des utilisateurs de la boutique en ligne. Le Commer\u00e7ant utilisera les donn\u00e9es personnelles collect\u00e9es exclusivement pour la fourniture des services qu\u2019il propose. Le Commer\u00e7ant respecte la confidentialit\u00e9 des donn\u00e9es personnelles et la vie priv\u00e9e des utilisateurs de [&hellip;]","og_url":"https:\/\/shop.inotherm.si\/fr\/politika-zasebnosti-fr\/","og_site_name":"INOTHERM eShop","article_modified_time":"2025-02-14T07:27:34+00:00","twitter_card":"summary_large_image","twitter_misc":{"Dur\u00e9e de lecture estim\u00e9e":"6 minutes"},"schema":{"@context":"https:\/\/schema.org","@graph":[{"@type":"WebPage","@id":"https:\/\/shop.inotherm.si\/fr\/politika-zasebnosti-fr\/","url":"https:\/\/shop.inotherm.si\/fr\/politika-zasebnosti-fr\/","name":"Politique de confidentialit\u00e9 - INOTHERM eShop","isPartOf":{"@id":"https:\/\/shop.inotherm.si\/fr\/#website"},"datePublished":"2023-05-02T12:52:44+00:00","dateModified":"2025-02-14T07:27:34+00:00","breadcrumb":{"@id":"https:\/\/shop.inotherm.si\/fr\/politika-zasebnosti-fr\/#breadcrumb"},"inLanguage":"fr-FR","potentialAction":[{"@type":"ReadAction","target":["https:\/\/shop.inotherm.si\/fr\/politika-zasebnosti-fr\/"]}]},{"@type":"BreadcrumbList","@id":"https:\/\/shop.inotherm.si\/fr\/politika-zasebnosti-fr\/#breadcrumb","itemListElement":[{"@type":"ListItem","position":1,"name":"Home","item":"https:\/\/shop.inosmart.info\/fr\/boutique\/"},{"@type":"ListItem","position":2,"name":"Politique de confidentialit\u00e9"}]},{"@type":"WebSite","@id":"https:\/\/shop.inotherm.si\/fr\/#website","url":"https:\/\/shop.inotherm.si\/fr\/","name":"INOTHERM eShop","description":"Online shop by Inotherm","publisher":{"@id":"https:\/\/shop.inotherm.si\/fr\/#organization"},"potentialAction":[{"@type":"SearchAction","target":{"@type":"EntryPoint","urlTemplate":"https:\/\/shop.inotherm.si\/fr\/?s={search_term_string}"},"query-input":{"@type":"PropertyValueSpecification","valueRequired":true,"valueName":"search_term_string"}}],"inLanguage":"fr-FR"},{"@type":"Organization","@id":"https:\/\/shop.inotherm.si\/fr\/#organization","name":"INOTHERM eShop","url":"https:\/\/shop.inotherm.si\/fr\/","logo":{"@type":"ImageObject","inLanguage":"fr-FR","@id":"https:\/\/shop.inotherm.si\/fr\/#\/schema\/logo\/image\/","url":"https:\/\/shop.inotherm.si\/wp-content\/uploads\/2024\/06\/INOTHERM_LOGO_WEB.jpg","contentUrl":"https:\/\/shop.inotherm.si\/wp-content\/uploads\/2024\/06\/INOTHERM_LOGO_WEB.jpg","width":500,"height":70,"caption":"INOTHERM eShop"},"image":{"@id":"https:\/\/shop.inotherm.si\/fr\/#\/schema\/logo\/image\/"}}]}},"uagb_featured_image_src":{"full":false,"thumbnail":false,"medium":false,"medium_large":false,"large":false,"1536x1536":false,"2048x2048":false,"woocommerce_thumbnail":false,"woocommerce_single":false,"woocommerce_gallery_thumbnail":false},"uagb_author_info":{"display_name":"gmih","author_link":"https:\/\/shop.inotherm.si\/fr\/author\/gmih\/"},"uagb_comment_info":0,"uagb_excerpt":"Politique de confidentialit\u00e9 1. G\u00e9n\u00e9ralLe Commer\u00e7ant s&rsquo;engage \u00e0 prot\u00e9ger la confidentialit\u00e9 des donn\u00e9es personnelles et la vie priv\u00e9e des utilisateurs de la boutique en ligne. Le Commer\u00e7ant utilisera les donn\u00e9es personnelles collect\u00e9es exclusivement pour la fourniture des services qu\u2019il propose. Le Commer\u00e7ant respecte la confidentialit\u00e9 des donn\u00e9es personnelles et la vie priv\u00e9e des utilisateurs de\u2026","_links":{"self":[{"href":"https:\/\/shop.inotherm.si\/fr\/wp-json\/wp\/v2\/pages\/196","targetHints":{"allow":["GET"]}}],"collection":[{"href":"https:\/\/shop.inotherm.si\/fr\/wp-json\/wp\/v2\/pages"}],"about":[{"href":"https:\/\/shop.inotherm.si\/fr\/wp-json\/wp\/v2\/types\/page"}],"author":[{"embeddable":true,"href":"https:\/\/shop.inotherm.si\/fr\/wp-json\/wp\/v2\/users\/1"}],"replies":[{"embeddable":true,"href":"https:\/\/shop.inotherm.si\/fr\/wp-json\/wp\/v2\/comments?post=196"}],"version-history":[{"count":0,"href":"https:\/\/shop.inotherm.si\/fr\/wp-json\/wp\/v2\/pages\/196\/revisions"}],"wp:attachment":[{"href":"https:\/\/shop.inotherm.si\/fr\/wp-json\/wp\/v2\/media?parent=196"}],"curies":[{"name":"wp","href":"https:\/\/api.w.org\/{rel}","templated":true}]}}