{"id":782,"date":"2024-06-06T12:09:21","date_gmt":"2024-06-06T12:09:21","guid":{"rendered":"https:\/\/shop.inotherm.si\/?post_type=product&#038;p=782"},"modified":"2025-03-20T11:13:22","modified_gmt":"2025-03-20T11:13:22","slug":"inosmart-gateway-steuereinheit-v2","status":"publish","type":"product","link":"https:\/\/shop.inotherm.si\/de\/produkt\/inosmart-gateway-steuereinheit-v2\/","title":{"rendered":"Inosmart Gateway + Steuereinheit v2"},"content":{"rendered":"<ul>\n<li>\u00fcr\u00f6ffnung per Fernsteuerung mit dem Smartphone<\/li>\n<li>Fernverwaltung des Inosmart-Systems. Haupts\u00e4chlich n\u00fctzlich f\u00fcr die Vermietung von Immobilien und dergleichen<\/li>\n<li>MQTT-App-Schnittstelle zur Anbindung von Smart-House-Systemen<\/li>\n<li>2 zus\u00e4tzliche Relais zum Anschluss beliebiger Ger\u00e4te<\/li>\n<li>2 Eing\u00e4nge f\u00fcr beliebige Sensoren<\/li>\n<li>Verbindung zum Internetnetzwerk: WLAN oder LAN<\/li>\n<li>Stromversorgung 24V<\/li>\n<li>Montage auf einer Standard-DIN-Schiene<\/li>\n<\/ul>\n<p>Das v2-Controller-Kit ist f\u00fcr Benutzer mit einem WLAN-Steuereinheit oder Bluetooth v1-Steuereinheit gedacht.<\/p>\n","protected":false},"excerpt":{"rendered":"<p>\u00fcr\u00f6ffnung per Fernsteuerung mit dem Smartphone Fernverwaltung des Inosmart-Systems. Haupts\u00e4chlich n\u00fctzlich f\u00fcr die Vermietung von Immobilien und dergleichen MQTT-App-Schnittstelle zur Anbindung von Smart-House-Systemen 2 zus\u00e4tzliche Relais zum Anschluss beliebiger Ger\u00e4te 2 Eing\u00e4nge f\u00fcr beliebige Sensoren Verbindung zum Internetnetzwerk: WLAN oder LAN Stromversorgung 24V Montage auf einer Standard-DIN-Schiene Das v2-Controller-Kit ist f\u00fcr Benutzer mit einem WLAN-Steuereinheit [&hellip;]<\/p>\n","protected":false},"featured_media":770,"template":"","meta":{"_uag_custom_page_level_css":"","site-sidebar-layout":"default","site-content-layout":"","ast-site-content-layout":"default","site-content-style":"default","site-sidebar-style":"default","ast-global-header-display":"","ast-banner-title-visibility":"","ast-main-header-display":"","ast-hfb-above-header-display":"","ast-hfb-below-header-display":"","ast-hfb-mobile-header-display":"","site-post-title":"","ast-breadcrumbs-content":"","ast-featured-img":"","footer-sml-layout":"","ast-disable-related-posts":"","theme-transparent-header-meta":"default","adv-header-id-meta":"","stick-header-meta":"","header-above-stick-meta":"","header-main-stick-meta":"","header-below-stick-meta":"","astra-migrate-meta-layouts":"set","ast-page-background-enabled":"default","ast-page-background-meta":{"desktop":{"background-color":"var(--ast-global-color-4)","background-image":"","background-repeat":"repeat","background-position":"center center","background-size":"auto","background-attachment":"scroll","background-type":"","background-media":"","overlay-type":"","overlay-color":"","overlay-opacity":"","overlay-gradient":""},"tablet":{"background-color":"","background-image":"","background-repeat":"repeat","background-position":"center center","background-size":"auto","background-attachment":"scroll","background-type":"","background-media":"","overlay-type":"","overlay-color":"","overlay-opacity":"","overlay-gradient":""},"mobile":{"background-color":"","background-image":"","background-repeat":"repeat","background-position":"center center","background-size":"auto","background-attachment":"scroll","background-type":"","background-media":"","overlay-type":"","overlay-color":"","overlay-opacity":"","overlay-gradient":""}},"ast-content-background-meta":{"desktop":{"background-color":"var(--ast-global-color-5)","background-image":"","background-repeat":"repeat","background-position":"center center","background-size":"auto","background-attachment":"scroll","background-type":"","background-media":"","overlay-type":"","overlay-color":"","overlay-opacity":"","overlay-gradient":""},"tablet":{"background-color":"var(--ast-global-color-5)","background-image":"","background-repeat":"repeat","background-position":"center center","background-size":"auto","background-attachment":"scroll","background-type":"","background-media":"","overlay-type":"","overlay-color":"","overlay-opacity":"","overlay-gradient":""},"mobile":{"background-color":"var(--ast-global-color-5)","background-image":"","background-repeat":"repeat","background-position":"center center","background-size":"auto","background-attachment":"scroll","background-type":"","background-media":"","overlay-type":"","overlay-color":"","overlay-opacity":"","overlay-gradient":""}}},"product_brand":[],"product_cat":[15],"product_tag":[],"class_list":{"0":"post-782","1":"product","2":"type-product","3":"status-publish","4":"has-post-thumbnail","6":"product_cat-inosmart","7":"desktop-align-center","8":"tablet-align-left","9":"mobile-align-left","10":"ast-product-gallery-layout-first-image-large","11":"ast-product-gallery-with-no-image","12":"ast-product-tabs-layout-horizontal","14":"first","15":"instock","16":"taxable","17":"shipping-taxable","18":"purchasable","19":"product-type-simple"},"yoast_head":"<!-- This site is optimized with the Yoast SEO plugin v27.4 - https:\/\/yoast.com\/product\/yoast-seo-wordpress\/ -->\n<title>Inosmart Gateway + Steuereinheit v2 - INOTHERM eShop<\/title>\n<meta name=\"robots\" content=\"index, follow, max-snippet:-1, max-image-preview:large, max-video-preview:-1\" \/>\n<link rel=\"canonical\" href=\"https:\/\/shop.inotherm.si\/de\/produkt\/inosmart-gateway-steuereinheit-v2\/\" \/>\n<meta property=\"og:locale\" content=\"de_DE\" \/>\n<meta property=\"og:type\" content=\"article\" \/>\n<meta property=\"og:title\" content=\"Inosmart Gateway + Steuereinheit v2 - INOTHERM eShop\" \/>\n<meta property=\"og:description\" content=\"\u00fcr\u00f6ffnung per Fernsteuerung mit dem Smartphone Fernverwaltung des Inosmart-Systems. Haupts\u00e4chlich n\u00fctzlich f\u00fcr die Vermietung von Immobilien und dergleichen MQTT-App-Schnittstelle zur Anbindung von Smart-House-Systemen 2 zus\u00e4tzliche Relais zum Anschluss beliebiger Ger\u00e4te 2 Eing\u00e4nge f\u00fcr beliebige Sensoren Verbindung zum Internetnetzwerk: WLAN oder LAN Stromversorgung 24V Montage auf einer Standard-DIN-Schiene Das v2-Controller-Kit ist f\u00fcr Benutzer mit einem WLAN-Steuereinheit [&hellip;]\" \/>\n<meta property=\"og:url\" content=\"https:\/\/shop.inotherm.si\/de\/produkt\/inosmart-gateway-steuereinheit-v2\/\" \/>\n<meta property=\"og:site_name\" content=\"INOTHERM eShop\" \/>\n<meta property=\"article:modified_time\" content=\"2025-03-20T11:13:22+00:00\" \/>\n<meta property=\"og:image\" content=\"https:\/\/shop.inotherm.si\/wp-content\/uploads\/2024\/06\/5B4A1996-e.jpg.webp\" \/>\n\t<meta property=\"og:image:width\" content=\"1024\" \/>\n\t<meta property=\"og:image:height\" content=\"1024\" \/>\n\t<meta property=\"og:image:type\" content=\"image\/webp\" \/>\n<meta name=\"twitter:card\" content=\"summary_large_image\" \/>\n<meta name=\"twitter:label1\" content=\"Gesch\u00e4tzte Lesezeit\" \/>\n\t<meta name=\"twitter:data1\" content=\"1\u00a0Minute\" \/>\n<script type=\"application\/ld+json\" class=\"yoast-schema-graph\">{\"@context\":\"https:\\\/\\\/schema.org\",\"@graph\":[{\"@type\":\"WebPage\",\"@id\":\"https:\\\/\\\/shop.inotherm.si\\\/de\\\/produkt\\\/inosmart-gateway-steuereinheit-v2\\\/\",\"url\":\"https:\\\/\\\/shop.inotherm.si\\\/de\\\/produkt\\\/inosmart-gateway-steuereinheit-v2\\\/\",\"name\":\"Inosmart Gateway + Steuereinheit v2 - INOTHERM eShop\",\"isPartOf\":{\"@id\":\"https:\\\/\\\/shop.inotherm.si\\\/de\\\/#website\"},\"primaryImageOfPage\":{\"@id\":\"https:\\\/\\\/shop.inotherm.si\\\/de\\\/produkt\\\/inosmart-gateway-steuereinheit-v2\\\/#primaryimage\"},\"image\":{\"@id\":\"https:\\\/\\\/shop.inotherm.si\\\/de\\\/produkt\\\/inosmart-gateway-steuereinheit-v2\\\/#primaryimage\"},\"thumbnailUrl\":\"https:\\\/\\\/shop.inotherm.si\\\/wp-content\\\/uploads\\\/2024\\\/06\\\/5B4A1996-e.jpg.webp\",\"datePublished\":\"2024-06-06T12:09:21+00:00\",\"dateModified\":\"2025-03-20T11:13:22+00:00\",\"breadcrumb\":{\"@id\":\"https:\\\/\\\/shop.inotherm.si\\\/de\\\/produkt\\\/inosmart-gateway-steuereinheit-v2\\\/#breadcrumb\"},\"inLanguage\":\"de\",\"potentialAction\":[{\"@type\":\"ReadAction\",\"target\":[\"https:\\\/\\\/shop.inotherm.si\\\/de\\\/produkt\\\/inosmart-gateway-steuereinheit-v2\\\/\"]}]},{\"@type\":\"ImageObject\",\"inLanguage\":\"de\",\"@id\":\"https:\\\/\\\/shop.inotherm.si\\\/de\\\/produkt\\\/inosmart-gateway-steuereinheit-v2\\\/#primaryimage\",\"url\":\"https:\\\/\\\/shop.inotherm.si\\\/wp-content\\\/uploads\\\/2024\\\/06\\\/5B4A1996-e.jpg.webp\",\"contentUrl\":\"https:\\\/\\\/shop.inotherm.si\\\/wp-content\\\/uploads\\\/2024\\\/06\\\/5B4A1996-e.jpg.webp\",\"width\":1024,\"height\":1024},{\"@type\":\"BreadcrumbList\",\"@id\":\"https:\\\/\\\/shop.inotherm.si\\\/de\\\/produkt\\\/inosmart-gateway-steuereinheit-v2\\\/#breadcrumb\",\"itemListElement\":[{\"@type\":\"ListItem\",\"position\":1,\"name\":\"Home\",\"item\":\"https:\\\/\\\/shop.inosmart.info\\\/shop\\\/\"},{\"@type\":\"ListItem\",\"position\":2,\"name\":\"Shop\",\"item\":\"https:\\\/\\\/shop.inosmart.info\\\/shop\\\/\"},{\"@type\":\"ListItem\",\"position\":3,\"name\":\"Inosmart Gateway + Steuereinheit v2\"}]},{\"@type\":\"WebSite\",\"@id\":\"https:\\\/\\\/shop.inotherm.si\\\/de\\\/#website\",\"url\":\"https:\\\/\\\/shop.inotherm.si\\\/de\\\/\",\"name\":\"INOTHERM eShop\",\"description\":\"Online shop by Inotherm\",\"publisher\":{\"@id\":\"https:\\\/\\\/shop.inotherm.si\\\/de\\\/#organization\"},\"potentialAction\":[{\"@type\":\"SearchAction\",\"target\":{\"@type\":\"EntryPoint\",\"urlTemplate\":\"https:\\\/\\\/shop.inotherm.si\\\/de\\\/?s={search_term_string}\"},\"query-input\":{\"@type\":\"PropertyValueSpecification\",\"valueRequired\":true,\"valueName\":\"search_term_string\"}}],\"inLanguage\":\"de\"},{\"@type\":\"Organization\",\"@id\":\"https:\\\/\\\/shop.inotherm.si\\\/de\\\/#organization\",\"name\":\"INOTHERM eShop\",\"url\":\"https:\\\/\\\/shop.inotherm.si\\\/de\\\/\",\"logo\":{\"@type\":\"ImageObject\",\"inLanguage\":\"de\",\"@id\":\"https:\\\/\\\/shop.inotherm.si\\\/de\\\/#\\\/schema\\\/logo\\\/image\\\/\",\"url\":\"https:\\\/\\\/shop.inotherm.si\\\/wp-content\\\/uploads\\\/2024\\\/06\\\/INOTHERM_LOGO_WEB.jpg\",\"contentUrl\":\"https:\\\/\\\/shop.inotherm.si\\\/wp-content\\\/uploads\\\/2024\\\/06\\\/INOTHERM_LOGO_WEB.jpg\",\"width\":500,\"height\":70,\"caption\":\"INOTHERM eShop\"},\"image\":{\"@id\":\"https:\\\/\\\/shop.inotherm.si\\\/de\\\/#\\\/schema\\\/logo\\\/image\\\/\"}}]}<\/script>\n<!-- \/ Yoast SEO plugin. -->","yoast_head_json":{"title":"Inosmart Gateway + Steuereinheit v2 - INOTHERM eShop","robots":{"index":"index","follow":"follow","max-snippet":"max-snippet:-1","max-image-preview":"max-image-preview:large","max-video-preview":"max-video-preview:-1"},"canonical":"https:\/\/shop.inotherm.si\/de\/produkt\/inosmart-gateway-steuereinheit-v2\/","og_locale":"de_DE","og_type":"article","og_title":"Inosmart Gateway + Steuereinheit v2 - INOTHERM eShop","og_description":"\u00fcr\u00f6ffnung per Fernsteuerung mit dem Smartphone Fernverwaltung des Inosmart-Systems. Haupts\u00e4chlich n\u00fctzlich f\u00fcr die Vermietung von Immobilien und dergleichen MQTT-App-Schnittstelle zur Anbindung von Smart-House-Systemen 2 zus\u00e4tzliche Relais zum Anschluss beliebiger Ger\u00e4te 2 Eing\u00e4nge f\u00fcr beliebige Sensoren Verbindung zum Internetnetzwerk: WLAN oder LAN Stromversorgung 24V Montage auf einer Standard-DIN-Schiene Das v2-Controller-Kit ist f\u00fcr Benutzer mit einem WLAN-Steuereinheit [&hellip;]","og_url":"https:\/\/shop.inotherm.si\/de\/produkt\/inosmart-gateway-steuereinheit-v2\/","og_site_name":"INOTHERM eShop","article_modified_time":"2025-03-20T11:13:22+00:00","og_image":[{"width":1024,"height":1024,"url":"https:\/\/shop.inotherm.si\/wp-content\/uploads\/2024\/06\/5B4A1996-e.jpg.webp","type":"image\/webp"}],"twitter_card":"summary_large_image","twitter_misc":{"Gesch\u00e4tzte Lesezeit":"1\u00a0Minute"},"schema":{"@context":"https:\/\/schema.org","@graph":[{"@type":"WebPage","@id":"https:\/\/shop.inotherm.si\/de\/produkt\/inosmart-gateway-steuereinheit-v2\/","url":"https:\/\/shop.inotherm.si\/de\/produkt\/inosmart-gateway-steuereinheit-v2\/","name":"Inosmart Gateway + Steuereinheit v2 - INOTHERM eShop","isPartOf":{"@id":"https:\/\/shop.inotherm.si\/de\/#website"},"primaryImageOfPage":{"@id":"https:\/\/shop.inotherm.si\/de\/produkt\/inosmart-gateway-steuereinheit-v2\/#primaryimage"},"image":{"@id":"https:\/\/shop.inotherm.si\/de\/produkt\/inosmart-gateway-steuereinheit-v2\/#primaryimage"},"thumbnailUrl":"https:\/\/shop.inotherm.si\/wp-content\/uploads\/2024\/06\/5B4A1996-e.jpg.webp","datePublished":"2024-06-06T12:09:21+00:00","dateModified":"2025-03-20T11:13:22+00:00","breadcrumb":{"@id":"https:\/\/shop.inotherm.si\/de\/produkt\/inosmart-gateway-steuereinheit-v2\/#breadcrumb"},"inLanguage":"de","potentialAction":[{"@type":"ReadAction","target":["https:\/\/shop.inotherm.si\/de\/produkt\/inosmart-gateway-steuereinheit-v2\/"]}]},{"@type":"ImageObject","inLanguage":"de","@id":"https:\/\/shop.inotherm.si\/de\/produkt\/inosmart-gateway-steuereinheit-v2\/#primaryimage","url":"https:\/\/shop.inotherm.si\/wp-content\/uploads\/2024\/06\/5B4A1996-e.jpg.webp","contentUrl":"https:\/\/shop.inotherm.si\/wp-content\/uploads\/2024\/06\/5B4A1996-e.jpg.webp","width":1024,"height":1024},{"@type":"BreadcrumbList","@id":"https:\/\/shop.inotherm.si\/de\/produkt\/inosmart-gateway-steuereinheit-v2\/#breadcrumb","itemListElement":[{"@type":"ListItem","position":1,"name":"Home","item":"https:\/\/shop.inosmart.info\/shop\/"},{"@type":"ListItem","position":2,"name":"Shop","item":"https:\/\/shop.inosmart.info\/shop\/"},{"@type":"ListItem","position":3,"name":"Inosmart Gateway + Steuereinheit v2"}]},{"@type":"WebSite","@id":"https:\/\/shop.inotherm.si\/de\/#website","url":"https:\/\/shop.inotherm.si\/de\/","name":"INOTHERM eShop","description":"Online shop by Inotherm","publisher":{"@id":"https:\/\/shop.inotherm.si\/de\/#organization"},"potentialAction":[{"@type":"SearchAction","target":{"@type":"EntryPoint","urlTemplate":"https:\/\/shop.inotherm.si\/de\/?s={search_term_string}"},"query-input":{"@type":"PropertyValueSpecification","valueRequired":true,"valueName":"search_term_string"}}],"inLanguage":"de"},{"@type":"Organization","@id":"https:\/\/shop.inotherm.si\/de\/#organization","name":"INOTHERM eShop","url":"https:\/\/shop.inotherm.si\/de\/","logo":{"@type":"ImageObject","inLanguage":"de","@id":"https:\/\/shop.inotherm.si\/de\/#\/schema\/logo\/image\/","url":"https:\/\/shop.inotherm.si\/wp-content\/uploads\/2024\/06\/INOTHERM_LOGO_WEB.jpg","contentUrl":"https:\/\/shop.inotherm.si\/wp-content\/uploads\/2024\/06\/INOTHERM_LOGO_WEB.jpg","width":500,"height":70,"caption":"INOTHERM eShop"},"image":{"@id":"https:\/\/shop.inotherm.si\/de\/#\/schema\/logo\/image\/"}}]}},"uagb_featured_image_src":{"full":["https:\/\/shop.inotherm.si\/wp-content\/uploads\/2024\/06\/5B4A1996-e.jpg.webp",1024,1024,false],"thumbnail":["https:\/\/shop.inotherm.si\/wp-content\/uploads\/2024\/06\/5B4A1996-e.jpg-150x150.webp",150,150,true],"medium":["https:\/\/shop.inotherm.si\/wp-content\/uploads\/2024\/06\/5B4A1996-e.jpg-300x300.webp",300,300,true],"medium_large":["https:\/\/shop.inotherm.si\/wp-content\/uploads\/2024\/06\/5B4A1996-e.jpg-768x768.webp",768,768,true],"large":["https:\/\/shop.inotherm.si\/wp-content\/uploads\/2024\/06\/5B4A1996-e.jpg.webp",1024,1024,false],"1536x1536":["https:\/\/shop.inotherm.si\/wp-content\/uploads\/2024\/06\/5B4A1996-e.jpg.webp",1024,1024,false],"2048x2048":["https:\/\/shop.inotherm.si\/wp-content\/uploads\/2024\/06\/5B4A1996-e.jpg.webp",1024,1024,false],"woocommerce_thumbnail":["https:\/\/shop.inotherm.si\/wp-content\/uploads\/2024\/06\/5B4A1996-e.jpg-300x300.webp",300,300,true],"woocommerce_single":["https:\/\/shop.inotherm.si\/wp-content\/uploads\/2024\/06\/5B4A1996-e.jpg-600x600.webp",600,600,true],"woocommerce_gallery_thumbnail":["https:\/\/shop.inotherm.si\/wp-content\/uploads\/2024\/06\/5B4A1996-e.jpg-100x100.webp",100,100,true]},"uagb_author_info":{"display_name":"gmih","author_link":"https:\/\/shop.inotherm.si\/de\/author\/"},"uagb_comment_info":0,"uagb_excerpt":"\u00fcr\u00f6ffnung per Fernsteuerung mit dem Smartphone Fernverwaltung des Inosmart-Systems. Haupts\u00e4chlich n\u00fctzlich f\u00fcr die Vermietung von Immobilien und dergleichen MQTT-App-Schnittstelle zur Anbindung von Smart-House-Systemen 2 zus\u00e4tzliche Relais zum Anschluss beliebiger Ger\u00e4te 2 Eing\u00e4nge f\u00fcr beliebige Sensoren Verbindung zum Internetnetzwerk: WLAN oder LAN Stromversorgung 24V Montage auf einer Standard-DIN-Schiene Das v2-Controller-Kit ist f\u00fcr Benutzer mit einem WLAN-Steuereinheit&hellip;","_links":{"self":[{"href":"https:\/\/shop.inotherm.si\/de\/wp-json\/wp\/v2\/product\/782","targetHints":{"allow":["GET"]}}],"collection":[{"href":"https:\/\/shop.inotherm.si\/de\/wp-json\/wp\/v2\/product"}],"about":[{"href":"https:\/\/shop.inotherm.si\/de\/wp-json\/wp\/v2\/types\/product"}],"wp:featuredmedia":[{"embeddable":true,"href":"https:\/\/shop.inotherm.si\/de\/wp-json\/wp\/v2\/media\/770"}],"wp:attachment":[{"href":"https:\/\/shop.inotherm.si\/de\/wp-json\/wp\/v2\/media?parent=782"}],"wp:term":[{"taxonomy":"product_brand","embeddable":true,"href":"https:\/\/shop.inotherm.si\/de\/wp-json\/wp\/v2\/product_brand?post=782"},{"taxonomy":"product_cat","embeddable":true,"href":"https:\/\/shop.inotherm.si\/de\/wp-json\/wp\/v2\/product_cat?post=782"},{"taxonomy":"product_tag","embeddable":true,"href":"https:\/\/shop.inotherm.si\/de\/wp-json\/wp\/v2\/product_tag?post=782"}],"curies":[{"name":"wp","href":"https:\/\/api.w.org\/{rel}","templated":true}]}}