{"id":16,"date":"2023-05-02T13:06:13","date_gmt":"2023-05-02T13:06:13","guid":{"rendered":"https:\/\/shop.inotherm.si\/product\/hoodie-with-logo\/"},"modified":"2026-01-13T14:05:55","modified_gmt":"2026-01-13T14:05:55","slug":"inosmart-bluetooth-anhaenger","status":"publish","type":"product","link":"https:\/\/shop.inotherm.si\/de\/produkt\/inosmart-bluetooth-anhaenger\/","title":{"rendered":"Inosmart Bluetooth &#8211; Anh\u00e4nger"},"content":{"rendered":"<p>Ein kleiner, eleganter Schl\u00fcsselanh\u00e4nger zum \u00d6ffnen von T\u00fcren ohne Telefon oder Fingerabdr\u00fccke. Einfach, schnell und sicher. Die perfekte L\u00f6sung f\u00fcr den einfachen Zugang zu Ihrem Zuhause.<\/p>\n<p>Der Inosmart-Funkanh\u00e4nger ist f\u00fcr die Verwendung mit dem Inosmart-Bluetooth-System konzipiert.<\/p>\n<p>&nbsp;<\/p>\n<p>Batterie: CR2032 (im Lieferumfang enthalten)<\/p>\n","protected":false},"excerpt":{"rendered":"<p>Inosmart Bluetooth Anhaenger FOB\u00a0f\u00fcr offene Inotherm-T\u00fcr<\/p>\n","protected":false},"featured_media":271,"template":"","meta":{"_uag_custom_page_level_css":"","site-sidebar-layout":"default","site-content-layout":"default","ast-site-content-layout":"default","site-content-style":"default","site-sidebar-style":"default","ast-global-header-display":"","ast-banner-title-visibility":"","ast-main-header-display":"","ast-hfb-above-header-display":"","ast-hfb-below-header-display":"","ast-hfb-mobile-header-display":"","site-post-title":"","ast-breadcrumbs-content":"","ast-featured-img":"","footer-sml-layout":"","ast-disable-related-posts":"","theme-transparent-header-meta":"default","adv-header-id-meta":"","stick-header-meta":"","header-above-stick-meta":"","header-main-stick-meta":"","header-below-stick-meta":"","astra-migrate-meta-layouts":"set","ast-page-background-enabled":"default","ast-page-background-meta":{"desktop":{"background-color":"var(--ast-global-color-4)","background-image":"","background-repeat":"repeat","background-position":"center center","background-size":"auto","background-attachment":"scroll","background-type":"","background-media":"","overlay-type":"","overlay-color":"","overlay-opacity":"","overlay-gradient":""},"tablet":{"background-color":"","background-image":"","background-repeat":"repeat","background-position":"center center","background-size":"auto","background-attachment":"scroll","background-type":"","background-media":"","overlay-type":"","overlay-color":"","overlay-opacity":"","overlay-gradient":""},"mobile":{"background-color":"","background-image":"","background-repeat":"repeat","background-position":"center center","background-size":"auto","background-attachment":"scroll","background-type":"","background-media":"","overlay-type":"","overlay-color":"","overlay-opacity":"","overlay-gradient":""}},"ast-content-background-meta":{"desktop":{"background-color":"var(--ast-global-color-5)","background-image":"","background-repeat":"repeat","background-position":"center center","background-size":"auto","background-attachment":"scroll","background-type":"","background-media":"","overlay-type":"","overlay-color":"","overlay-opacity":"","overlay-gradient":""},"tablet":{"background-color":"var(--ast-global-color-5)","background-image":"","background-repeat":"repeat","background-position":"center center","background-size":"auto","background-attachment":"scroll","background-type":"","background-media":"","overlay-type":"","overlay-color":"","overlay-opacity":"","overlay-gradient":""},"mobile":{"background-color":"var(--ast-global-color-5)","background-image":"","background-repeat":"repeat","background-position":"center center","background-size":"auto","background-attachment":"scroll","background-type":"","background-media":"","overlay-type":"","overlay-color":"","overlay-opacity":"","overlay-gradient":""}}},"product_brand":[],"product_cat":[15],"product_tag":[],"class_list":{"0":"post-16","1":"product","2":"type-product","3":"status-publish","4":"has-post-thumbnail","6":"product_cat-inosmart","7":"desktop-align-center","8":"tablet-align-left","9":"mobile-align-left","10":"ast-product-gallery-layout-first-image-large","11":"ast-product-gallery-with-no-image","12":"ast-product-single-variable","13":"ast-product-tabs-layout-horizontal","15":"first","16":"instock","17":"taxable","18":"shipping-taxable","19":"purchasable","20":"product-type-variable","21":"has-default-attributes"},"yoast_head":"<!-- This site is optimized with the Yoast SEO plugin v27.4 - https:\/\/yoast.com\/product\/yoast-seo-wordpress\/ -->\n<title>Inosmart Bluetooth - Anh\u00e4nger - INOTHERM eShop<\/title>\n<meta name=\"robots\" content=\"index, follow, max-snippet:-1, max-image-preview:large, max-video-preview:-1\" \/>\n<link rel=\"canonical\" href=\"https:\/\/shop.inotherm.si\/de\/produkt\/inosmart-bluetooth-anhaenger\/\" \/>\n<meta property=\"og:locale\" content=\"de_DE\" \/>\n<meta property=\"og:type\" content=\"article\" \/>\n<meta property=\"og:title\" content=\"Inosmart Bluetooth - Anh\u00e4nger - INOTHERM eShop\" \/>\n<meta property=\"og:description\" content=\"Inosmart Bluetooth Anhaenger FOB\u00a0f\u00fcr offene Inotherm-T\u00fcr\" \/>\n<meta property=\"og:url\" content=\"https:\/\/shop.inotherm.si\/de\/produkt\/inosmart-bluetooth-anhaenger\/\" \/>\n<meta property=\"og:site_name\" content=\"INOTHERM eShop\" \/>\n<meta property=\"article:modified_time\" content=\"2026-01-13T14:05:55+00:00\" \/>\n<meta property=\"og:image\" content=\"https:\/\/shop.inotherm.si\/wp-content\/uploads\/2023\/05\/inosmart-obesek-za-kljuce_SKUPNA.jpg\" \/>\n\t<meta property=\"og:image:width\" content=\"709\" \/>\n\t<meta property=\"og:image:height\" content=\"709\" \/>\n\t<meta property=\"og:image:type\" content=\"image\/jpeg\" \/>\n<meta name=\"twitter:card\" content=\"summary_large_image\" \/>\n<meta name=\"twitter:label1\" content=\"Gesch\u00e4tzte Lesezeit\" \/>\n\t<meta name=\"twitter:data1\" content=\"1\u00a0Minute\" \/>\n<script type=\"application\/ld+json\" class=\"yoast-schema-graph\">{\"@context\":\"https:\\\/\\\/schema.org\",\"@graph\":[{\"@type\":\"WebPage\",\"@id\":\"https:\\\/\\\/shop.inotherm.si\\\/de\\\/produkt\\\/inosmart-bluetooth-anhaenger\\\/\",\"url\":\"https:\\\/\\\/shop.inotherm.si\\\/de\\\/produkt\\\/inosmart-bluetooth-anhaenger\\\/\",\"name\":\"Inosmart Bluetooth - Anh\u00e4nger - INOTHERM eShop\",\"isPartOf\":{\"@id\":\"https:\\\/\\\/shop.inotherm.si\\\/de\\\/#website\"},\"primaryImageOfPage\":{\"@id\":\"https:\\\/\\\/shop.inotherm.si\\\/de\\\/produkt\\\/inosmart-bluetooth-anhaenger\\\/#primaryimage\"},\"image\":{\"@id\":\"https:\\\/\\\/shop.inotherm.si\\\/de\\\/produkt\\\/inosmart-bluetooth-anhaenger\\\/#primaryimage\"},\"thumbnailUrl\":\"https:\\\/\\\/shop.inotherm.si\\\/wp-content\\\/uploads\\\/2023\\\/05\\\/inosmart-obesek-za-kljuce_SKUPNA.jpg\",\"datePublished\":\"2023-05-02T13:06:13+00:00\",\"dateModified\":\"2026-01-13T14:05:55+00:00\",\"breadcrumb\":{\"@id\":\"https:\\\/\\\/shop.inotherm.si\\\/de\\\/produkt\\\/inosmart-bluetooth-anhaenger\\\/#breadcrumb\"},\"inLanguage\":\"de\",\"potentialAction\":[{\"@type\":\"ReadAction\",\"target\":[\"https:\\\/\\\/shop.inotherm.si\\\/de\\\/produkt\\\/inosmart-bluetooth-anhaenger\\\/\"]}]},{\"@type\":\"ImageObject\",\"inLanguage\":\"de\",\"@id\":\"https:\\\/\\\/shop.inotherm.si\\\/de\\\/produkt\\\/inosmart-bluetooth-anhaenger\\\/#primaryimage\",\"url\":\"https:\\\/\\\/shop.inotherm.si\\\/wp-content\\\/uploads\\\/2023\\\/05\\\/inosmart-obesek-za-kljuce_SKUPNA.jpg\",\"contentUrl\":\"https:\\\/\\\/shop.inotherm.si\\\/wp-content\\\/uploads\\\/2023\\\/05\\\/inosmart-obesek-za-kljuce_SKUPNA.jpg\",\"width\":709,\"height\":709},{\"@type\":\"BreadcrumbList\",\"@id\":\"https:\\\/\\\/shop.inotherm.si\\\/de\\\/produkt\\\/inosmart-bluetooth-anhaenger\\\/#breadcrumb\",\"itemListElement\":[{\"@type\":\"ListItem\",\"position\":1,\"name\":\"Home\",\"item\":\"https:\\\/\\\/shop.inosmart.info\\\/shop\\\/\"},{\"@type\":\"ListItem\",\"position\":2,\"name\":\"Shop\",\"item\":\"https:\\\/\\\/shop.inosmart.info\\\/shop\\\/\"},{\"@type\":\"ListItem\",\"position\":3,\"name\":\"Inosmart Bluetooth &#8211; Anh\u00e4nger\"}]},{\"@type\":\"WebSite\",\"@id\":\"https:\\\/\\\/shop.inotherm.si\\\/de\\\/#website\",\"url\":\"https:\\\/\\\/shop.inotherm.si\\\/de\\\/\",\"name\":\"INOTHERM eShop\",\"description\":\"Online shop by Inotherm\",\"publisher\":{\"@id\":\"https:\\\/\\\/shop.inotherm.si\\\/de\\\/#organization\"},\"potentialAction\":[{\"@type\":\"SearchAction\",\"target\":{\"@type\":\"EntryPoint\",\"urlTemplate\":\"https:\\\/\\\/shop.inotherm.si\\\/de\\\/?s={search_term_string}\"},\"query-input\":{\"@type\":\"PropertyValueSpecification\",\"valueRequired\":true,\"valueName\":\"search_term_string\"}}],\"inLanguage\":\"de\"},{\"@type\":\"Organization\",\"@id\":\"https:\\\/\\\/shop.inotherm.si\\\/de\\\/#organization\",\"name\":\"INOTHERM eShop\",\"url\":\"https:\\\/\\\/shop.inotherm.si\\\/de\\\/\",\"logo\":{\"@type\":\"ImageObject\",\"inLanguage\":\"de\",\"@id\":\"https:\\\/\\\/shop.inotherm.si\\\/de\\\/#\\\/schema\\\/logo\\\/image\\\/\",\"url\":\"https:\\\/\\\/shop.inotherm.si\\\/wp-content\\\/uploads\\\/2024\\\/06\\\/INOTHERM_LOGO_WEB.jpg\",\"contentUrl\":\"https:\\\/\\\/shop.inotherm.si\\\/wp-content\\\/uploads\\\/2024\\\/06\\\/INOTHERM_LOGO_WEB.jpg\",\"width\":500,\"height\":70,\"caption\":\"INOTHERM eShop\"},\"image\":{\"@id\":\"https:\\\/\\\/shop.inotherm.si\\\/de\\\/#\\\/schema\\\/logo\\\/image\\\/\"}}]}<\/script>\n<!-- \/ Yoast SEO plugin. -->","yoast_head_json":{"title":"Inosmart Bluetooth - Anh\u00e4nger - INOTHERM eShop","robots":{"index":"index","follow":"follow","max-snippet":"max-snippet:-1","max-image-preview":"max-image-preview:large","max-video-preview":"max-video-preview:-1"},"canonical":"https:\/\/shop.inotherm.si\/de\/produkt\/inosmart-bluetooth-anhaenger\/","og_locale":"de_DE","og_type":"article","og_title":"Inosmart Bluetooth - Anh\u00e4nger - INOTHERM eShop","og_description":"Inosmart Bluetooth Anhaenger FOB\u00a0f\u00fcr offene Inotherm-T\u00fcr","og_url":"https:\/\/shop.inotherm.si\/de\/produkt\/inosmart-bluetooth-anhaenger\/","og_site_name":"INOTHERM eShop","article_modified_time":"2026-01-13T14:05:55+00:00","og_image":[{"width":709,"height":709,"url":"https:\/\/shop.inotherm.si\/wp-content\/uploads\/2023\/05\/inosmart-obesek-za-kljuce_SKUPNA.jpg","type":"image\/jpeg"}],"twitter_card":"summary_large_image","twitter_misc":{"Gesch\u00e4tzte Lesezeit":"1\u00a0Minute"},"schema":{"@context":"https:\/\/schema.org","@graph":[{"@type":"WebPage","@id":"https:\/\/shop.inotherm.si\/de\/produkt\/inosmart-bluetooth-anhaenger\/","url":"https:\/\/shop.inotherm.si\/de\/produkt\/inosmart-bluetooth-anhaenger\/","name":"Inosmart Bluetooth - Anh\u00e4nger - INOTHERM eShop","isPartOf":{"@id":"https:\/\/shop.inotherm.si\/de\/#website"},"primaryImageOfPage":{"@id":"https:\/\/shop.inotherm.si\/de\/produkt\/inosmart-bluetooth-anhaenger\/#primaryimage"},"image":{"@id":"https:\/\/shop.inotherm.si\/de\/produkt\/inosmart-bluetooth-anhaenger\/#primaryimage"},"thumbnailUrl":"https:\/\/shop.inotherm.si\/wp-content\/uploads\/2023\/05\/inosmart-obesek-za-kljuce_SKUPNA.jpg","datePublished":"2023-05-02T13:06:13+00:00","dateModified":"2026-01-13T14:05:55+00:00","breadcrumb":{"@id":"https:\/\/shop.inotherm.si\/de\/produkt\/inosmart-bluetooth-anhaenger\/#breadcrumb"},"inLanguage":"de","potentialAction":[{"@type":"ReadAction","target":["https:\/\/shop.inotherm.si\/de\/produkt\/inosmart-bluetooth-anhaenger\/"]}]},{"@type":"ImageObject","inLanguage":"de","@id":"https:\/\/shop.inotherm.si\/de\/produkt\/inosmart-bluetooth-anhaenger\/#primaryimage","url":"https:\/\/shop.inotherm.si\/wp-content\/uploads\/2023\/05\/inosmart-obesek-za-kljuce_SKUPNA.jpg","contentUrl":"https:\/\/shop.inotherm.si\/wp-content\/uploads\/2023\/05\/inosmart-obesek-za-kljuce_SKUPNA.jpg","width":709,"height":709},{"@type":"BreadcrumbList","@id":"https:\/\/shop.inotherm.si\/de\/produkt\/inosmart-bluetooth-anhaenger\/#breadcrumb","itemListElement":[{"@type":"ListItem","position":1,"name":"Home","item":"https:\/\/shop.inosmart.info\/shop\/"},{"@type":"ListItem","position":2,"name":"Shop","item":"https:\/\/shop.inosmart.info\/shop\/"},{"@type":"ListItem","position":3,"name":"Inosmart Bluetooth &#8211; Anh\u00e4nger"}]},{"@type":"WebSite","@id":"https:\/\/shop.inotherm.si\/de\/#website","url":"https:\/\/shop.inotherm.si\/de\/","name":"INOTHERM eShop","description":"Online shop by Inotherm","publisher":{"@id":"https:\/\/shop.inotherm.si\/de\/#organization"},"potentialAction":[{"@type":"SearchAction","target":{"@type":"EntryPoint","urlTemplate":"https:\/\/shop.inotherm.si\/de\/?s={search_term_string}"},"query-input":{"@type":"PropertyValueSpecification","valueRequired":true,"valueName":"search_term_string"}}],"inLanguage":"de"},{"@type":"Organization","@id":"https:\/\/shop.inotherm.si\/de\/#organization","name":"INOTHERM eShop","url":"https:\/\/shop.inotherm.si\/de\/","logo":{"@type":"ImageObject","inLanguage":"de","@id":"https:\/\/shop.inotherm.si\/de\/#\/schema\/logo\/image\/","url":"https:\/\/shop.inotherm.si\/wp-content\/uploads\/2024\/06\/INOTHERM_LOGO_WEB.jpg","contentUrl":"https:\/\/shop.inotherm.si\/wp-content\/uploads\/2024\/06\/INOTHERM_LOGO_WEB.jpg","width":500,"height":70,"caption":"INOTHERM eShop"},"image":{"@id":"https:\/\/shop.inotherm.si\/de\/#\/schema\/logo\/image\/"}}]}},"uagb_featured_image_src":{"full":["https:\/\/shop.inotherm.si\/wp-content\/uploads\/2023\/05\/inosmart-obesek-za-kljuce_SKUPNA.jpg",709,709,false],"thumbnail":["https:\/\/shop.inotherm.si\/wp-content\/uploads\/2023\/05\/inosmart-obesek-za-kljuce_SKUPNA-150x150.jpg",150,150,true],"medium":["https:\/\/shop.inotherm.si\/wp-content\/uploads\/2023\/05\/inosmart-obesek-za-kljuce_SKUPNA-300x300.jpg",300,300,true],"medium_large":["https:\/\/shop.inotherm.si\/wp-content\/uploads\/2023\/05\/inosmart-obesek-za-kljuce_SKUPNA.jpg",709,709,false],"large":["https:\/\/shop.inotherm.si\/wp-content\/uploads\/2023\/05\/inosmart-obesek-za-kljuce_SKUPNA.jpg",709,709,false],"1536x1536":["https:\/\/shop.inotherm.si\/wp-content\/uploads\/2023\/05\/inosmart-obesek-za-kljuce_SKUPNA.jpg",709,709,false],"2048x2048":["https:\/\/shop.inotherm.si\/wp-content\/uploads\/2023\/05\/inosmart-obesek-za-kljuce_SKUPNA.jpg",709,709,false],"woocommerce_thumbnail":["https:\/\/shop.inotherm.si\/wp-content\/uploads\/2023\/05\/inosmart-obesek-za-kljuce_SKUPNA-300x300.jpg",300,300,true],"woocommerce_single":["https:\/\/shop.inotherm.si\/wp-content\/uploads\/2023\/05\/inosmart-obesek-za-kljuce_SKUPNA-600x600.jpg",600,600,true],"woocommerce_gallery_thumbnail":["https:\/\/shop.inotherm.si\/wp-content\/uploads\/2023\/05\/inosmart-obesek-za-kljuce_SKUPNA-100x100.jpg",100,100,true]},"uagb_author_info":{"display_name":"gmih","author_link":"https:\/\/shop.inotherm.si\/de\/author\/"},"uagb_comment_info":0,"uagb_excerpt":"Inosmart Bluetooth Anhaenger FOB\u00a0f\u00fcr offene Inotherm-T\u00fcr","_links":{"self":[{"href":"https:\/\/shop.inotherm.si\/de\/wp-json\/wp\/v2\/product\/16","targetHints":{"allow":["GET"]}}],"collection":[{"href":"https:\/\/shop.inotherm.si\/de\/wp-json\/wp\/v2\/product"}],"about":[{"href":"https:\/\/shop.inotherm.si\/de\/wp-json\/wp\/v2\/types\/product"}],"wp:featuredmedia":[{"embeddable":true,"href":"https:\/\/shop.inotherm.si\/de\/wp-json\/wp\/v2\/media\/271"}],"wp:attachment":[{"href":"https:\/\/shop.inotherm.si\/de\/wp-json\/wp\/v2\/media?parent=16"}],"wp:term":[{"taxonomy":"product_brand","embeddable":true,"href":"https:\/\/shop.inotherm.si\/de\/wp-json\/wp\/v2\/product_brand?post=16"},{"taxonomy":"product_cat","embeddable":true,"href":"https:\/\/shop.inotherm.si\/de\/wp-json\/wp\/v2\/product_cat?post=16"},{"taxonomy":"product_tag","embeddable":true,"href":"https:\/\/shop.inotherm.si\/de\/wp-json\/wp\/v2\/product_tag?post=16"}],"curies":[{"name":"wp","href":"https:\/\/api.w.org\/{rel}","templated":true}]}}