{"id":3,"date":"2023-05-02T12:52:44","date_gmt":"2023-05-02T12:52:44","guid":{"rendered":"https:\/\/shop.inotherm.si\/?page_id=3"},"modified":"2025-02-14T07:44:35","modified_gmt":"2025-02-14T07:44:35","slug":"datenschutzerklaerung","status":"publish","type":"page","link":"https:\/\/shop.inotherm.si\/de\/datenschutzerklaerung\/","title":{"rendered":"Datenschutz-Bestimmungen"},"content":{"rendered":"\n<h1 class=\"wp-block-heading\" style=\"font-size:25px\">Datenschutzrichtlinie<\/h1>\n\n\n\n<p><strong>1. Allgemein<\/strong><br>Der H\u00e4ndler verpflichtet sich, die Vertraulichkeit personenbezogener Daten und die Privatsph\u00e4re der Benutzer des Online-Shops zu sch\u00fctzen. Der H\u00e4ndler wird die erhobenen personenbezogenen Daten ausschlie\u00dflich zur Erbringung der von ihm angebotenen Dienste verwenden. Der H\u00e4ndler respektiert die Vertraulichkeit personenbezogener Daten und die Privatsph\u00e4re der oder des Benutzer:in des Online-Shops und wird daher alles Notwendige tun, um sie vor Verletzungen und Missbrauch zu sch\u00fctzen. Die pers\u00f6nlichen Daten der Benutzer:innen geh\u00f6ren zu den Bereichen, denen der H\u00e4ndler \u00e4u\u00dferste Sorgfalt und Aufmerksamkeit widmet, da er sich der sensiblen Natur dieses Bereichs bewusst ist.<\/p>\n\n\n\n<p><strong>2. Verwendung personenbezogener Daten<\/strong><br>Zur Erbringung der angebotenen Dienste erhebt, verwaltet, verarbeitet und speichert der H\u00e4ndler folgende Nutzerdaten:<\/p>\n\n\n\n<ul class=\"wp-block-list\">\n<li>Vor- und Nachname;<\/li>\n\n\n\n<li>Lieferadressen;<\/li>\n\n\n\n<li>Unternehmen oder Name der juristischen Person (sofern die oder der Benutzer:in eine juristische Person ist);<\/li>\n\n\n\n<li>Steuernummer der juristischen Person (sofern die oder der Benutzer:in eine juristische Person ist);<\/li>\n\n\n\n<li>E-Mail-Adresse (Benutzername);<\/li>\n\n\n\n<li>Passwort in verschl\u00fcsselter Form;<\/li>\n\n\n\n<li>Telefonnummer;<\/li>\n\n\n\n<li>Wohnsitz;<\/li>\n\n\n\n<li>weitere Daten, welche die oder der Nutzer:in freiwillig in Formulare im Online-Shop eingibt;<\/li>\n\n\n\n<li>weitere Daten, welche die oder der Nutzer:in sp\u00e4ter freiwillig im Profil hinzuf\u00fcgt.<\/li>\n<\/ul>\n\n\n\n<p>Der H\u00e4ndler \u00fcbernimmt keine Gew\u00e4hr f\u00fcr die Richtigkeit, Vollst\u00e4ndigkeit und Aktualit\u00e4t der von den Nutzer:innen eingegebenen Daten.<\/p>\n\n\n\n<p><strong>3. Cookies und IP-Adressen<\/strong><br>Der H\u00e4ndler weist allen Benutzer:innen zu Beginn jeder Nutzung des Online-Shops ein Cookie zur Identifizierung, Warenkorb\u00fcberwachung und R\u00fcckverfolgbarkeit (sogenanntes \u201eCookie\u201c) zu, das nur f\u00fcr die Dauer des Besuchs im Online-Shop im Speicher des Servers gespeichert und nach einer Stunde Inaktivit\u00e4t gel\u00f6scht wird. Der H\u00e4ndler kann auch einige permanente Cookies auf dem PC der oder des Benutzer:in speichern, wie zum Beispiel eine Benutzeridentifikationsnummer in verschl\u00fcsselter Form zur Wiedererkennung beim n\u00e4chsten Besuch des Online-Shops oder Produktbewertungen, anhand derer die oder der Benutzer:in wei\u00df, welche Produkte bereits bewertet wurden, und indirekt auch Cookies des externen Dienstes Google Analytics, die zur Analyse der Website-Nutzung verwendet werden. Der H\u00e4ndler kann diese Daten in anonymisierter, zusammengefasster Form f\u00fcr statistische Analysezwecke verwenden. Um die Online-Sicherheit zu gew\u00e4hrleisten, erfasst der H\u00e4ndler auch die IP-Adressen, von denen aus Benutzer:innen auf den Online-Shop zugreifen.<\/p>\n\n\n\n<p><strong>4. Erkl\u00e4rung zum Schutz personenbezogener Daten und der Privatsph\u00e4re der Nutzer:innen<\/strong><br>Der H\u00e4ndler ist gem\u00e4\u00df den Vorschriften zum Schutz personenbezogener Daten verpflichtet, die personenbezogenen Daten der Nutzer:innen seines Online-Shops zu sch\u00fctzen. Der H\u00e4ndler wird unter keinen Umst\u00e4nden pers\u00f6nliche oder sonstige Nutzerdaten an Dritte weitergeben oder Dritten Einblick in pers\u00f6nliche oder andere Nutzerdaten gew\u00e4hren, es sei denn, dass staatliche Beh\u00f6rden dazu verpflichtet sind, eine solche Verpflichtung gesetzlich vorgeschrieben ist oder dass der H\u00e4ndler in gutem Glauben davon ausgeht, dass dies f\u00fcr Verfahren vor Gerichten oder anderen staatlichen Beh\u00f6rden sowie zum Schutz und zur Verfolgung der berechtigten Interessen des H\u00e4ndlers erforderlich ist.<\/p>\n\n\n\n<p>Alle personenbezogenen und sonstigen Daten, welche die oder der Nutzer:in bei der Registrierung im Online-Shop sowie bei der Bestellung von Produkten angibt, einschlie\u00dflich des Inhalts der Bestellungen, werden gem\u00e4\u00df den Vorschriften zum Schutz personenbezogener Daten gesch\u00fctzt. Der H\u00e4ndler wird diese Informationen nicht f\u00fcr Zwecke verwenden, welche der oder dem Benutzer:in oder einer anderen beteiligten Person schaden k\u00f6nnten. Der H\u00e4ndler wird die Nutzerdaten nicht zum Versenden von Werbe-E-Mails oder anderem unerw\u00fcnschten Werbematerial verwenden, mit Ausnahme des Versendens von Werbebenachrichtigungen, f\u00fcr die sich die oder der Benutzer:in angemeldet oder eine Zustimmung erteilt hat. Der H\u00e4ndler kann die Daten in anonymisierter, zusammengefasster Form f\u00fcr statistische Analysezwecke verwenden. Die Vertraulichkeit der pers\u00f6nlichen und sonstigen Daten der Benutzer wird in keiner Weise verletzt.<\/p>\n\n\n\n<p>Der Verk\u00e4ufer wird dem Lieferdienst (z. B. Po\u0161ta Slovenije, DHL, UPS usw.) lediglich die notwendigen Informationen f\u00fcr die Lieferung der im Online-Shop gekauften Produkte (Empf\u00e4ngerinformationen und Lieferadresse) anvertrauen. Der H\u00e4ndler wird die oder den Benutzer:in per E-Mail kontaktieren, wenn dies f\u00fcr den Einkauf im Online-Shop erforderlich ist, telefonisch nur dann, wenn es beim Registrierungsvorgang oder Kauf im Online-Shop zu Problemen gekommen ist.<\/p>\n\n\n\n<p><strong>5. Umsetzung der Datenschutzrichtlinie<\/strong><br>Alle beim H\u00e4ndler fest oder nebenberuflich besch\u00e4ftigten Personen, die Zugang zu personenbezogenen und anderen Nutzerdaten haben, sind sich der Verpflichtung zum Schutz personenbezogener und anderer Daten bewusst und verpflichtet, diese Bestimmungen zum Schutz der Vertraulichkeit personenbezogener Daten und die Privatsph\u00e4re der Benutzer:innen des Online-Shops einzuhalten. Die Pflicht zum Schutz personenbezogener und anderer Daten gilt auch nach Beendigung der Beziehung zum H\u00e4ndler auf unbestimmte Zeit.<\/p>\n\n\n\n<p>Registrierte Nutzer:innen haben jederzeit die M\u00f6glichkeit, die Nutzung des Online-Shops zu beenden und die Registrierung zu l\u00f6schen. Dies geschieht, indem dem H\u00e4ndler die L\u00f6schung der Registrierung schriftlich mitteilt wird. Vor Abgabe der Erkl\u00e4rung zur L\u00f6schung der Registrierung hat die oder der Nutzer:in s\u00e4mtliche offenen Verbindlichkeiten gegen\u00fcber dem H\u00e4ndler aus den im Online-Shop get\u00e4tigten Eink\u00e4ufen zu begleichen. Der H\u00e4ndler wird die Vertraulichkeit der personenbezogenen Daten und die Privatsph\u00e4re der Nutzer:innen des Online-Shops im Rahmen dieser Datenschutzrichtlinie auch im Falle einer L\u00f6schung der Registrierung sch\u00fctzen.<\/p>\n\n\n\n<p><strong>6. Zus\u00e4tzliche Erl\u00e4uterungen<\/strong><br>Wenn Sie Fragen, Probleme oder Kommentare zu dieser Datenschutzrichtlinie haben, kontaktieren Sie uns bitte unter: <a href=\"mailto:shop@inotherm.si\">shop@inotherm.si<\/a><\/p>\n","protected":false},"excerpt":{"rendered":"<p>Datenschutzrichtlinie 1. AllgemeinDer H\u00e4ndler verpflichtet sich, die Vertraulichkeit personenbezogener Daten und die Privatsph\u00e4re der Benutzer des Online-Shops zu sch\u00fctzen. Der H\u00e4ndler wird die erhobenen personenbezogenen Daten ausschlie\u00dflich zur Erbringung der von ihm angebotenen Dienste verwenden. Der H\u00e4ndler respektiert die Vertraulichkeit personenbezogener Daten und die Privatsph\u00e4re der oder des Benutzer:in des Online-Shops und wird daher alles [&hellip;]<\/p>\n","protected":false},"author":1,"featured_media":0,"parent":0,"menu_order":0,"comment_status":"closed","ping_status":"closed","template":"","meta":{"_uag_custom_page_level_css":"","site-sidebar-layout":"default","site-content-layout":"boxed-container","ast-site-content-layout":"normal-width-container","site-content-style":"boxed","site-sidebar-style":"boxed","ast-global-header-display":"","ast-banner-title-visibility":"","ast-main-header-display":"","ast-hfb-above-header-display":"","ast-hfb-below-header-display":"","ast-hfb-mobile-header-display":"","site-post-title":"disabled","ast-breadcrumbs-content":"","ast-featured-img":"","footer-sml-layout":"","ast-disable-related-posts":"","theme-transparent-header-meta":"","adv-header-id-meta":"","stick-header-meta":"","header-above-stick-meta":"","header-main-stick-meta":"","header-below-stick-meta":"","astra-migrate-meta-layouts":"set","ast-page-background-enabled":"default","ast-page-background-meta":{"desktop":{"background-color":"var(--ast-global-color-4)","background-image":"","background-repeat":"repeat","background-position":"center center","background-size":"auto","background-attachment":"scroll","background-type":"","background-media":"","overlay-type":"","overlay-color":"","overlay-opacity":"","overlay-gradient":""},"tablet":{"background-color":"","background-image":"","background-repeat":"repeat","background-position":"center center","background-size":"auto","background-attachment":"scroll","background-type":"","background-media":"","overlay-type":"","overlay-color":"","overlay-opacity":"","overlay-gradient":""},"mobile":{"background-color":"","background-image":"","background-repeat":"repeat","background-position":"center center","background-size":"auto","background-attachment":"scroll","background-type":"","background-media":"","overlay-type":"","overlay-color":"","overlay-opacity":"","overlay-gradient":""}},"ast-content-background-meta":{"desktop":{"background-color":"var(--ast-global-color-5)","background-image":"","background-repeat":"repeat","background-position":"center center","background-size":"auto","background-attachment":"scroll","background-type":"","background-media":"","overlay-type":"","overlay-color":"","overlay-opacity":"","overlay-gradient":""},"tablet":{"background-color":"var(--ast-global-color-5)","background-image":"","background-repeat":"repeat","background-position":"center center","background-size":"auto","background-attachment":"scroll","background-type":"","background-media":"","overlay-type":"","overlay-color":"","overlay-opacity":"","overlay-gradient":""},"mobile":{"background-color":"var(--ast-global-color-5)","background-image":"","background-repeat":"repeat","background-position":"center center","background-size":"auto","background-attachment":"scroll","background-type":"","background-media":"","overlay-type":"","overlay-color":"","overlay-opacity":"","overlay-gradient":""}},"footnotes":""},"class_list":["post-3","page","type-page","status-publish","hentry"],"yoast_head":"<!-- This site is optimized with the Yoast SEO plugin v27.4 - https:\/\/yoast.com\/product\/yoast-seo-wordpress\/ -->\n<title>Datenschutz-Bestimmungen - INOTHERM eShop<\/title>\n<meta name=\"robots\" content=\"index, follow, max-snippet:-1, max-image-preview:large, max-video-preview:-1\" \/>\n<link rel=\"canonical\" href=\"https:\/\/shop.inotherm.si\/de\/datenschutzerklaerung\/\" \/>\n<meta property=\"og:locale\" content=\"de_DE\" \/>\n<meta property=\"og:type\" content=\"article\" \/>\n<meta property=\"og:title\" content=\"Datenschutz-Bestimmungen - INOTHERM eShop\" \/>\n<meta property=\"og:description\" content=\"Datenschutzrichtlinie 1. AllgemeinDer H\u00e4ndler verpflichtet sich, die Vertraulichkeit personenbezogener Daten und die Privatsph\u00e4re der Benutzer des Online-Shops zu sch\u00fctzen. Der H\u00e4ndler wird die erhobenen personenbezogenen Daten ausschlie\u00dflich zur Erbringung der von ihm angebotenen Dienste verwenden. Der H\u00e4ndler respektiert die Vertraulichkeit personenbezogener Daten und die Privatsph\u00e4re der oder des Benutzer:in des Online-Shops und wird daher alles [&hellip;]\" \/>\n<meta property=\"og:url\" content=\"https:\/\/shop.inotherm.si\/de\/datenschutzerklaerung\/\" \/>\n<meta property=\"og:site_name\" content=\"INOTHERM eShop\" \/>\n<meta property=\"article:modified_time\" content=\"2025-02-14T07:44:35+00:00\" \/>\n<meta name=\"twitter:card\" content=\"summary_large_image\" \/>\n<meta name=\"twitter:label1\" content=\"Gesch\u00e4tzte Lesezeit\" \/>\n\t<meta name=\"twitter:data1\" content=\"5\u00a0Minuten\" \/>\n<script type=\"application\/ld+json\" class=\"yoast-schema-graph\">{\"@context\":\"https:\\\/\\\/schema.org\",\"@graph\":[{\"@type\":\"WebPage\",\"@id\":\"https:\\\/\\\/shop.inotherm.si\\\/de\\\/datenschutzerklaerung\\\/\",\"url\":\"https:\\\/\\\/shop.inotherm.si\\\/de\\\/datenschutzerklaerung\\\/\",\"name\":\"Datenschutz-Bestimmungen - INOTHERM eShop\",\"isPartOf\":{\"@id\":\"https:\\\/\\\/shop.inotherm.si\\\/de\\\/#website\"},\"datePublished\":\"2023-05-02T12:52:44+00:00\",\"dateModified\":\"2025-02-14T07:44:35+00:00\",\"breadcrumb\":{\"@id\":\"https:\\\/\\\/shop.inotherm.si\\\/de\\\/datenschutzerklaerung\\\/#breadcrumb\"},\"inLanguage\":\"de\",\"potentialAction\":[{\"@type\":\"ReadAction\",\"target\":[\"https:\\\/\\\/shop.inotherm.si\\\/de\\\/datenschutzerklaerung\\\/\"]}]},{\"@type\":\"BreadcrumbList\",\"@id\":\"https:\\\/\\\/shop.inotherm.si\\\/de\\\/datenschutzerklaerung\\\/#breadcrumb\",\"itemListElement\":[{\"@type\":\"ListItem\",\"position\":1,\"name\":\"Home\",\"item\":\"https:\\\/\\\/shop.inosmart.info\\\/shop\\\/\"},{\"@type\":\"ListItem\",\"position\":2,\"name\":\"Datenschutz-Bestimmungen\"}]},{\"@type\":\"WebSite\",\"@id\":\"https:\\\/\\\/shop.inotherm.si\\\/de\\\/#website\",\"url\":\"https:\\\/\\\/shop.inotherm.si\\\/de\\\/\",\"name\":\"INOTHERM eShop\",\"description\":\"Online shop by Inotherm\",\"publisher\":{\"@id\":\"https:\\\/\\\/shop.inotherm.si\\\/de\\\/#organization\"},\"potentialAction\":[{\"@type\":\"SearchAction\",\"target\":{\"@type\":\"EntryPoint\",\"urlTemplate\":\"https:\\\/\\\/shop.inotherm.si\\\/de\\\/?s={search_term_string}\"},\"query-input\":{\"@type\":\"PropertyValueSpecification\",\"valueRequired\":true,\"valueName\":\"search_term_string\"}}],\"inLanguage\":\"de\"},{\"@type\":\"Organization\",\"@id\":\"https:\\\/\\\/shop.inotherm.si\\\/de\\\/#organization\",\"name\":\"INOTHERM eShop\",\"url\":\"https:\\\/\\\/shop.inotherm.si\\\/de\\\/\",\"logo\":{\"@type\":\"ImageObject\",\"inLanguage\":\"de\",\"@id\":\"https:\\\/\\\/shop.inotherm.si\\\/de\\\/#\\\/schema\\\/logo\\\/image\\\/\",\"url\":\"https:\\\/\\\/shop.inotherm.si\\\/wp-content\\\/uploads\\\/2024\\\/06\\\/INOTHERM_LOGO_WEB.jpg\",\"contentUrl\":\"https:\\\/\\\/shop.inotherm.si\\\/wp-content\\\/uploads\\\/2024\\\/06\\\/INOTHERM_LOGO_WEB.jpg\",\"width\":500,\"height\":70,\"caption\":\"INOTHERM eShop\"},\"image\":{\"@id\":\"https:\\\/\\\/shop.inotherm.si\\\/de\\\/#\\\/schema\\\/logo\\\/image\\\/\"}}]}<\/script>\n<!-- \/ Yoast SEO plugin. -->","yoast_head_json":{"title":"Datenschutz-Bestimmungen - INOTHERM eShop","robots":{"index":"index","follow":"follow","max-snippet":"max-snippet:-1","max-image-preview":"max-image-preview:large","max-video-preview":"max-video-preview:-1"},"canonical":"https:\/\/shop.inotherm.si\/de\/datenschutzerklaerung\/","og_locale":"de_DE","og_type":"article","og_title":"Datenschutz-Bestimmungen - INOTHERM eShop","og_description":"Datenschutzrichtlinie 1. AllgemeinDer H\u00e4ndler verpflichtet sich, die Vertraulichkeit personenbezogener Daten und die Privatsph\u00e4re der Benutzer des Online-Shops zu sch\u00fctzen. Der H\u00e4ndler wird die erhobenen personenbezogenen Daten ausschlie\u00dflich zur Erbringung der von ihm angebotenen Dienste verwenden. Der H\u00e4ndler respektiert die Vertraulichkeit personenbezogener Daten und die Privatsph\u00e4re der oder des Benutzer:in des Online-Shops und wird daher alles [&hellip;]","og_url":"https:\/\/shop.inotherm.si\/de\/datenschutzerklaerung\/","og_site_name":"INOTHERM eShop","article_modified_time":"2025-02-14T07:44:35+00:00","twitter_card":"summary_large_image","twitter_misc":{"Gesch\u00e4tzte Lesezeit":"5\u00a0Minuten"},"schema":{"@context":"https:\/\/schema.org","@graph":[{"@type":"WebPage","@id":"https:\/\/shop.inotherm.si\/de\/datenschutzerklaerung\/","url":"https:\/\/shop.inotherm.si\/de\/datenschutzerklaerung\/","name":"Datenschutz-Bestimmungen - INOTHERM eShop","isPartOf":{"@id":"https:\/\/shop.inotherm.si\/de\/#website"},"datePublished":"2023-05-02T12:52:44+00:00","dateModified":"2025-02-14T07:44:35+00:00","breadcrumb":{"@id":"https:\/\/shop.inotherm.si\/de\/datenschutzerklaerung\/#breadcrumb"},"inLanguage":"de","potentialAction":[{"@type":"ReadAction","target":["https:\/\/shop.inotherm.si\/de\/datenschutzerklaerung\/"]}]},{"@type":"BreadcrumbList","@id":"https:\/\/shop.inotherm.si\/de\/datenschutzerklaerung\/#breadcrumb","itemListElement":[{"@type":"ListItem","position":1,"name":"Home","item":"https:\/\/shop.inosmart.info\/shop\/"},{"@type":"ListItem","position":2,"name":"Datenschutz-Bestimmungen"}]},{"@type":"WebSite","@id":"https:\/\/shop.inotherm.si\/de\/#website","url":"https:\/\/shop.inotherm.si\/de\/","name":"INOTHERM eShop","description":"Online shop by Inotherm","publisher":{"@id":"https:\/\/shop.inotherm.si\/de\/#organization"},"potentialAction":[{"@type":"SearchAction","target":{"@type":"EntryPoint","urlTemplate":"https:\/\/shop.inotherm.si\/de\/?s={search_term_string}"},"query-input":{"@type":"PropertyValueSpecification","valueRequired":true,"valueName":"search_term_string"}}],"inLanguage":"de"},{"@type":"Organization","@id":"https:\/\/shop.inotherm.si\/de\/#organization","name":"INOTHERM eShop","url":"https:\/\/shop.inotherm.si\/de\/","logo":{"@type":"ImageObject","inLanguage":"de","@id":"https:\/\/shop.inotherm.si\/de\/#\/schema\/logo\/image\/","url":"https:\/\/shop.inotherm.si\/wp-content\/uploads\/2024\/06\/INOTHERM_LOGO_WEB.jpg","contentUrl":"https:\/\/shop.inotherm.si\/wp-content\/uploads\/2024\/06\/INOTHERM_LOGO_WEB.jpg","width":500,"height":70,"caption":"INOTHERM eShop"},"image":{"@id":"https:\/\/shop.inotherm.si\/de\/#\/schema\/logo\/image\/"}}]}},"uagb_featured_image_src":{"full":false,"thumbnail":false,"medium":false,"medium_large":false,"large":false,"1536x1536":false,"2048x2048":false,"woocommerce_thumbnail":false,"woocommerce_single":false,"woocommerce_gallery_thumbnail":false},"uagb_author_info":{"display_name":"gmih","author_link":"https:\/\/shop.inotherm.si\/de\/author\/gmih\/"},"uagb_comment_info":0,"uagb_excerpt":"Datenschutzrichtlinie 1. AllgemeinDer H\u00e4ndler verpflichtet sich, die Vertraulichkeit personenbezogener Daten und die Privatsph\u00e4re der Benutzer des Online-Shops zu sch\u00fctzen. Der H\u00e4ndler wird die erhobenen personenbezogenen Daten ausschlie\u00dflich zur Erbringung der von ihm angebotenen Dienste verwenden. Der H\u00e4ndler respektiert die Vertraulichkeit personenbezogener Daten und die Privatsph\u00e4re der oder des Benutzer:in des Online-Shops und wird daher alles&hellip;","_links":{"self":[{"href":"https:\/\/shop.inotherm.si\/de\/wp-json\/wp\/v2\/pages\/3","targetHints":{"allow":["GET"]}}],"collection":[{"href":"https:\/\/shop.inotherm.si\/de\/wp-json\/wp\/v2\/pages"}],"about":[{"href":"https:\/\/shop.inotherm.si\/de\/wp-json\/wp\/v2\/types\/page"}],"author":[{"embeddable":true,"href":"https:\/\/shop.inotherm.si\/de\/wp-json\/wp\/v2\/users\/1"}],"replies":[{"embeddable":true,"href":"https:\/\/shop.inotherm.si\/de\/wp-json\/wp\/v2\/comments?post=3"}],"version-history":[{"count":0,"href":"https:\/\/shop.inotherm.si\/de\/wp-json\/wp\/v2\/pages\/3\/revisions"}],"wp:attachment":[{"href":"https:\/\/shop.inotherm.si\/de\/wp-json\/wp\/v2\/media?parent=3"}],"curies":[{"name":"wp","href":"https:\/\/api.w.org\/{rel}","templated":true}]}}